{"id":2803,"date":"2025-12-19T11:50:03","date_gmt":"2025-12-19T09:50:03","guid":{"rendered":"https:\/\/etecmed.com\/?post_type=product&#038;p=2803"},"modified":"2025-12-19T11:54:53","modified_gmt":"2025-12-19T09:54:53","slug":"pressoterapia-emopress-24","status":"publish","type":"product","link":"https:\/\/etecmed.com\/ca\/producte\/pressoterapia-emopress-24\/","title":{"rendered":"Pressoter\u00e0pia EMOPRESS-24"},"content":{"rendered":"<p>EMOPRESS-24 d&#8217;Emovex \u00e9s un sistema de pressoter\u00e0pia basat en compressor, dissenyat per inflar aire en botes o maneguets especials. El vestit de pressi\u00f3 est\u00e0 format per una doble paret compartimentada i solapada, cosa que permet que cada cel\u00b7la s&#8217;infli de forma independent, exercint pressions sincronitzades i centr\u00edpetes, fonamentals per al drenatge efectiu de les extremitats<\/p>\n<p>&nbsp;<\/p>\n<p><strong>Dissenyat per a m\u00faltiples ter\u00e0pies<\/strong><\/p>\n<p>EMOPRESS-24 s&#8217;utilitza en est\u00e8tica, fisioter\u00e0pia, medicina est\u00e8tica, oncologia i angiologia, amb l&#8217;objectiu de:<\/p>\n<ul>\n<li>Millorar la circulaci\u00f3 sangu\u00ednia i limf\u00e0tica<\/li>\n<li>Facilitar el drenatge i la reducci\u00f3 d&#8217;edemes venosos i limf\u00e0tics<\/li>\n<li>Estimular la reabsorci\u00f3 de l\u00edquids intersticials<\/li>\n<li>Activar la circulaci\u00f3 de retorn (venosa i limf\u00e0tica)<\/li>\n<\/ul>\n<p>&nbsp;<\/p>\n<p><strong>Tractaments<\/strong><\/p>\n<p>El sistema est\u00e0 indicat per a una \u00e0mplia varietat d&#8217;aplicacions terap\u00e8utiques i est\u00e8tiques:<\/p>\n<ul>\n<li>Drenatge limf\u00e0tic<\/li>\n<li>Massatge muscular<\/li>\n<li>Cel\u00b7lulitis<\/li>\n<li>Mala circulaci\u00f3<\/li>\n<li>Retorn ven\u00f3s<\/li>\n<li>Cames cansades<\/li>\n<li>Reducci\u00f3 de volum<\/li>\n<\/ul>\n<p>&nbsp;<\/p>\n<p><strong>Especificacions t\u00e8cniques<\/strong><\/p>\n<p>L&#8217;EMOPRESS-24 incorpora tecnologies avan\u00e7ades que optimitzen cada sessi\u00f3:<\/p>\n<ul>\n<li>Control digital de pressi\u00f3<\/li>\n<li>Sistema intel\u00b7ligent d&#8217;aprenentatge, que adapta el tractament a cada pacient<\/li>\n<li>Regulaci\u00f3 autom\u00e0tica del nombre de cel\u00b7les actives<\/li>\n<li>Ajust de temps d&#8217;ompliment i buidatge<\/li>\n<li>Adaptaci\u00f3 de cicles i pressi\u00f3 en temps real segons la resposta del cos<\/li>\n<\/ul>\n<p>&nbsp;<\/p>\n<p><strong>Avantatges clau<\/strong><\/p>\n<ul>\n<li>Personalitzaci\u00f3 completa del tractament segons la fisiologia del pacient<\/li>\n<li>Seguretat i efici\u00e8ncia en l&#8217;aplicaci\u00f3 de pressions centr\u00edpetes<\/li>\n<li>Compatible amb m\u00faltiples \u00e0rees daplicaci\u00f3 cl\u00ednica i est\u00e8tica<\/li>\n<\/ul>\n<p>&nbsp;<\/p>\n<p><strong>Caracter\u00edstiques t\u00e8cniques<\/strong><\/p>\n<p>Sistema Presoter\u00e0pia: Control digital amb ajustament intel\u00b7ligent<br \/>\nCertificaci\u00f3: CE EN-60601<br \/>\n\u00c0rea de tractament: Peus- Turmells \u2013 Bessons \u2013 Genolls \u2013 Cuixes &#8211; Glutis &#8211; Abdomen<br \/>\nPressi\u00f3 Max.: 200 mil\u00b7libar<br \/>\nRefrigeraci\u00f3: Ventilaci\u00f3 for\u00e7ada<br \/>\nExtres: Comptador de sessions, Multiling\u00fce, Panell t\u00e0ctil, Pantalla color, Actualitzable, Control brillantor\/contrast<br \/>\nProgrames: 18<br \/>\nNombre de c\u00e0meres: 24 cel\u00b7les solapades<br \/>\nDimensions de l\u00b4equip: 42,5 x 37,5 x 18,2 cm<br \/>\nPes net de l\u00b4equip: 12Kg<br \/>\nAlimentaci\u00f3: 110Vca-60Hz \/ 230Vca-50Hz<\/p>\n","protected":false},"excerpt":{"rendered":"<p>EMOPRESS-24 d&#8217;Emovex \u00e9s un sistema de pressoter\u00e0pia basat en compressor, dissenyat per inflar aire en botes o maneguets especials. El vestit de pressi\u00f3 est\u00e0 format per una doble paret compartimentada i solapada, cosa que permet que cada cel\u00b7la s&#8217;infli de forma independent, exercint pressions sincronitzades i centr\u00edpetes, fonamentals per al drenatge efectiu de les extremitats&hellip;<\/p>\n","protected":false},"featured_media":2798,"template":"","meta":[],"product_brand":[],"product_cat":[249,617],"product_tag":[618,342,262,619,620,621,622],"class_list":{"0":"post-2803","1":"product","2":"type-product","3":"status-publish","4":"has-post-thumbnail","6":"product_cat-equips-estetica","7":"product_cat-medicina-estetica-ca","8":"product_tag-aparatologia-medicina-estetica-ca","9":"product_tag-celulitis-ca","10":"product_tag-corporal-ca","11":"product_tag-mala-circulacion-ca","12":"product_tag-masaje-muscular-ca","13":"product_tag-piernas-cansadas-ca","14":"product_tag-reduccion-de-volumen-ca","15":"description-off","17":"first","18":"onbackorder","19":"taxable","20":"shipping-taxable","21":"product-type-simple"},"_links":{"self":[{"href":"https:\/\/etecmed.com\/ca\/wp-json\/wp\/v2\/product\/2803","targetHints":{"allow":["GET"]}}],"collection":[{"href":"https:\/\/etecmed.com\/ca\/wp-json\/wp\/v2\/product"}],"about":[{"href":"https:\/\/etecmed.com\/ca\/wp-json\/wp\/v2\/types\/product"}],"wp:featuredmedia":[{"embeddable":true,"href":"https:\/\/etecmed.com\/ca\/wp-json\/wp\/v2\/media\/2798"}],"wp:attachment":[{"href":"https:\/\/etecmed.com\/ca\/wp-json\/wp\/v2\/media?parent=2803"}],"wp:term":[{"taxonomy":"product_brand","embeddable":true,"href":"https:\/\/etecmed.com\/ca\/wp-json\/wp\/v2\/product_brand?post=2803"},{"taxonomy":"product_cat","embeddable":true,"href":"https:\/\/etecmed.com\/ca\/wp-json\/wp\/v2\/product_cat?post=2803"},{"taxonomy":"product_tag","embeddable":true,"href":"https:\/\/etecmed.com\/ca\/wp-json\/wp\/v2\/product_tag?post=2803"}],"curies":[{"name":"wp","href":"https:\/\/api.w.org\/{rel}","templated":true}]}}