{"id":2794,"date":"2025-12-19T11:28:13","date_gmt":"2025-12-19T09:28:13","guid":{"rendered":"https:\/\/etecmed.com\/product\/presoterapia-presovex\/"},"modified":"2025-12-19T11:38:08","modified_gmt":"2025-12-19T09:38:08","slug":"presoterapia-presovex","status":"publish","type":"product","link":"https:\/\/etecmed.com\/ca\/producte\/presoterapia-presovex\/","title":{"rendered":"Pressoter\u00e0pia PRESOVEX"},"content":{"rendered":"<p>El sistema de pressoter\u00e0pia Presovex d&#8217;Emovex \u00e9s un equip basat en compressor, dissenyat per inflar aire en botes o maneguets. El vestit de pressi\u00f3 est\u00e0 format per una doble paret compartimentada i solapada, que permet inflar cada cel\u00b7la de manera independent. Aix\u00f2 genera pressions sincronitzades centr\u00edpetes, essencials per a un drenatge efica\u00e7 de les extremitats.<\/p>\n<p><strong>Dissenyat per a m\u00faltiples ter\u00e0pies<\/strong><\/p>\n<p>El Presovex es fa servir en est\u00e8tica, fisioter\u00e0pia, medicina est\u00e8tica, oncologia i angiologia, amb l&#8217;objectiu de:<\/p>\n<p>\u2022 Millorar la circulaci\u00f3 venosa i limf\u00e0tica<br \/>\n\u2022 Facilitar el drenatge i la reducci\u00f3 d&#8217;edemes<br \/>\n\u2022 Estimular la reabsorci\u00f3 de l\u00edquids intersticials<br \/>\n\u2022 Activar la circulaci\u00f3 de tornada<\/p>\n<p><strong>Tractaments<\/strong><\/p>\n<p>L&#8217;equip \u00e9s adequat per a una \u00e0mplia varietat d&#8217;aplicacions terap\u00e8utiques i est\u00e8tiques:<\/p>\n<p>\u2022 Drenatge limf\u00e0tic<br \/>\n\u2022 Massatge muscular<br \/>\n\u2022 Cel\u00b7lulitis<br \/>\n\u2022 Mala circulaci\u00f3<br \/>\n\u2022 Retorn ven\u00f3s<br \/>\n\u2022 Cames cansades<br \/>\n\u2022 Reducci\u00f3 de volum<\/p>\n<p><strong>Especificacions t\u00e8cniques<\/strong><\/p>\n<p>El Presovex incorpora tecnologia avan\u00e7ada per garantir precisi\u00f3, seguretat i personalitzaci\u00f3:<\/p>\n<p>\u2022 Sensor digital de pressi\u00f3 que permet un ajustament prec\u00eds del tractament<br \/>\n\u2022 Adaptaci\u00f3 autom\u00e0tica segons la resposta del pacient<br \/>\n\u2022 Regulaci\u00f3 individual de cel\u00b7les actives<br \/>\n\u2022 Ajust de temps d&#8217;ompliment i buidatge<br \/>\n\u2022 Control de cicles i pressi\u00f3 en temps real<br \/>\n\u2022 Dissenyat per suportar llargues i intenses jornades de treball sense perdre sensibilitat<\/p>\n<p><strong>Avantatges clau<\/strong><\/p>\n<p>\u2022 Tractaments personalitzats i efica\u00e7os<br \/>\n\u2022 Seguretat i confort per al pacient<br \/>\n\u2022 Compatible amb m\u00faltiples \u00e0rees cl\u00edniques i est\u00e8tiques<\/p>\n<p><strong>Caracter\u00edstiques t\u00e8cniques<\/strong><br \/>\nSistema Presoter\u00e0pia: Control digital amb ajustament intel\u00b7ligent<br \/>\nConsum: Max. 65W<br \/>\n\u00c0rea de tractament: Peus- Turmells \u2013 Bessons \u2013 Genolls \u2013 Cuixes &#8211; Glutis &#8211; Abdomen<br \/>\nPressi\u00f3 Min. \u2013 Max.: 30-127 Milibar<br \/>\nRefrigeraci\u00f3: Aire<br \/>\nExtres: Comptador de sessions, Multiling\u00fce, Control brillantor\/contrast, Ajust freq\u00fc\u00e8ncia<br \/>\nProgrames: 8<br \/>\nNombre de c\u00e0meres: 14 cel\u00b7les independents<br \/>\nDimensions de l\u00b4equip: 35 x 33 x 17 cm<br \/>\nPes net de l\u00b4equip: 9Kg<br \/>\nAlimentaci\u00f3: 100-230VCA \/ 50-60HZ Autorregulable<\/p>\n","protected":false},"excerpt":{"rendered":"<p>El sistema de pressoter\u00e0pia Presovex d&#8217;Emovex \u00e9s un equip basat en compressor, dissenyat per inflar aire en botes o maneguets. El vestit de pressi\u00f3 est\u00e0 format per una doble paret compartimentada i solapada, que permet inflar cada cel\u00b7la de manera independent. Aix\u00f2 genera pressions sincronitzades centr\u00edpetes, essencials per a un drenatge efica\u00e7 de les extremitats.&hellip;<\/p>\n","protected":false},"featured_media":2788,"template":"","meta":[],"product_brand":[],"product_cat":[249,617],"product_tag":[618,342,262,316,619,267,620,621,622],"class_list":{"0":"post-2794","1":"product","2":"type-product","3":"status-publish","4":"has-post-thumbnail","6":"product_cat-equips-estetica","7":"product_cat-medicina-estetica-ca","8":"product_tag-aparatologia-medicina-estetica-ca","9":"product_tag-celulitis-ca","10":"product_tag-corporal-ca","11":"product_tag-drenaje-linfatico-ca","12":"product_tag-mala-circulacion-ca","13":"product_tag-masaje-ca","14":"product_tag-masaje-muscular-ca","15":"product_tag-piernas-cansadas-ca","16":"product_tag-reduccion-de-volumen-ca","17":"description-off","19":"first","20":"onbackorder","21":"taxable","22":"shipping-taxable","23":"product-type-simple"},"_links":{"self":[{"href":"https:\/\/etecmed.com\/ca\/wp-json\/wp\/v2\/product\/2794","targetHints":{"allow":["GET"]}}],"collection":[{"href":"https:\/\/etecmed.com\/ca\/wp-json\/wp\/v2\/product"}],"about":[{"href":"https:\/\/etecmed.com\/ca\/wp-json\/wp\/v2\/types\/product"}],"wp:featuredmedia":[{"embeddable":true,"href":"https:\/\/etecmed.com\/ca\/wp-json\/wp\/v2\/media\/2788"}],"wp:attachment":[{"href":"https:\/\/etecmed.com\/ca\/wp-json\/wp\/v2\/media?parent=2794"}],"wp:term":[{"taxonomy":"product_brand","embeddable":true,"href":"https:\/\/etecmed.com\/ca\/wp-json\/wp\/v2\/product_brand?post=2794"},{"taxonomy":"product_cat","embeddable":true,"href":"https:\/\/etecmed.com\/ca\/wp-json\/wp\/v2\/product_cat?post=2794"},{"taxonomy":"product_tag","embeddable":true,"href":"https:\/\/etecmed.com\/ca\/wp-json\/wp\/v2\/product_tag?post=2794"}],"curies":[{"name":"wp","href":"https:\/\/api.w.org\/{rel}","templated":true}]}}