{"id":2783,"date":"2025-12-12T13:36:22","date_gmt":"2025-12-12T11:39:07","guid":{"rendered":"https:\/\/etecmed.com\/?post_type=product&#038;p=2783"},"modified":"2025-12-12T13:56:15","modified_gmt":"2025-12-12T11:56:15","slug":"radiofrequencia-capacitiva-resistiva-i-ems","status":"publish","type":"product","link":"https:\/\/etecmed.com\/ca\/producte\/radiofrequencia-capacitiva-resistiva-i-ems\/","title":{"rendered":"Radiofreq\u00fc\u00e8ncia Capacitiva, Resistiva i EMS"},"content":{"rendered":"<p data-start=\"117\" data-end=\"505\"><strong data-start=\"117\" data-end=\"196\">El nostre equip professional de Radiofreq\u00fc\u00e8ncia capacitiva, resistiva i EMS<\/strong> combina les \u00faltimes tecnologies est\u00e8tiques per <strong data-start=\"244\" data-end=\"305\">cuidar i remodelar el teu cos de manera segura i efectiva<\/strong>. Ideal per a aquells que volen <strong data-start=\"337\" data-end=\"441\">millorar l\u2019aparen\u00e7a de la pell, tonificar els m\u00fasculs i reduir els signes d\u2019envelliment o flaccidesa<\/strong>, oferint <strong data-start=\"451\" data-end=\"502\">resultats visibles des de les primeres sessions<\/strong>.<\/p>\n<hr data-start=\"507\" data-end=\"510\" \/>\n<p data-start=\"512\" data-end=\"570\"><strong data-start=\"512\" data-end=\"568\">Beneficis del nostre equip de Radiofreq\u00fc\u00e8ncia i EMS:<\/strong><\/p>\n<ul data-start=\"572\" data-end=\"1164\">\n<li data-start=\"572\" data-end=\"652\">\n<p data-start=\"574\" data-end=\"652\"><strong data-start=\"574\" data-end=\"619\">Reducci\u00f3 d\u2019arrugues i l\u00ednies d\u2019expressi\u00f3:<\/strong> suavitza i rejoveneix la pell.<\/p>\n<\/li>\n<li data-start=\"653\" data-end=\"739\">\n<p data-start=\"655\" data-end=\"739\"><strong data-start=\"655\" data-end=\"695\">Millora de la fermesa i elasticitat:<\/strong> recupera un aspecte m\u00e9s tonificat i jove.<\/p>\n<\/li>\n<li data-start=\"740\" data-end=\"817\">\n<p data-start=\"742\" data-end=\"817\"><strong data-start=\"742\" data-end=\"779\">Millora de la textura de la pell:<\/strong> pell m\u00e9s suau, uniforme i luminosa.<\/p>\n<\/li>\n<li data-start=\"818\" data-end=\"913\">\n<p data-start=\"820\" data-end=\"913\"><strong data-start=\"820\" data-end=\"861\">Reducci\u00f3 de cel\u00b7lulitis i flaccidesa:<\/strong> redefineix les teves corbes i contorns corporals.<\/p>\n<\/li>\n<li data-start=\"914\" data-end=\"990\">\n<p data-start=\"916\" data-end=\"990\"><strong data-start=\"916\" data-end=\"939\">Modelatge corporal:<\/strong> tractaments espec\u00edfics per a zones localitzades.<\/p>\n<\/li>\n<li data-start=\"991\" data-end=\"1078\">\n<p data-start=\"993\" data-end=\"1078\"><strong data-start=\"993\" data-end=\"1032\">Millora de la circulaci\u00f3 sangu\u00ednia:<\/strong> promou benestar i recuperaci\u00f3 dels teixits.<\/p>\n<\/li>\n<li data-start=\"1079\" data-end=\"1164\">\n<p data-start=\"1081\" data-end=\"1164\"><strong data-start=\"1081\" data-end=\"1104\">Reducci\u00f3 d\u2019estries:<\/strong> ajuda a atenuar marques i millorar l\u2019aparen\u00e7a de la pell.<\/p>\n<\/li>\n<\/ul>\n<hr data-start=\"1166\" data-end=\"1169\" \/>\n<p data-start=\"1171\" data-end=\"1184\"><strong data-start=\"1171\" data-end=\"1182\">Inclou:<\/strong><\/p>\n<ul data-start=\"1186\" data-end=\"1316\">\n<li data-start=\"1186\" data-end=\"1225\">\n<p data-start=\"1188\" data-end=\"1225\">1 Manipul + 4 Electrodos Capacitiva<\/p>\n<\/li>\n<li data-start=\"1226\" data-end=\"1264\">\n<p data-start=\"1228\" data-end=\"1264\">1 Manipul + 4 Electrodos Resistiva<\/p>\n<\/li>\n<li data-start=\"1265\" data-end=\"1316\">\n<p data-start=\"1267\" data-end=\"1316\">1 Manipul EMS (Estimulaci\u00f3n Muscular El\u00e8ctrica)<\/p>\n<\/li>\n<\/ul>\n<hr data-start=\"1318\" data-end=\"1321\" \/>\n<p data-start=\"1323\" data-end=\"1367\"><strong data-start=\"1323\" data-end=\"1365\">Caracter\u00edstiques t\u00e8cniques de l\u2019equip:<\/strong><\/p>\n<ul data-start=\"1369\" data-end=\"2136\">\n<li data-start=\"1369\" data-end=\"1403\">\n<p data-start=\"1371\" data-end=\"1403\"><strong data-start=\"1371\" data-end=\"1395\">Corriente d\u2019entrada:<\/strong> 350 W<\/p>\n<\/li>\n<li data-start=\"1404\" data-end=\"1456\">\n<p data-start=\"1406\" data-end=\"1456\"><strong data-start=\"1406\" data-end=\"1432\">Freq\u00fc\u00e8ncia de treball:<\/strong> 500 KHz (Quilohercis)<\/p>\n<\/li>\n<li data-start=\"1457\" data-end=\"1507\">\n<p data-start=\"1459\" data-end=\"1507\"><strong data-start=\"1459\" data-end=\"1479\">Tipus d\u2019energia:<\/strong> Radiofreq\u00fc\u00e8ncia monopolar<\/p>\n<\/li>\n<li data-start=\"1508\" data-end=\"1556\">\n<p data-start=\"1510\" data-end=\"1556\"><strong data-start=\"1510\" data-end=\"1531\">Mode d\u2019aplicaci\u00f3:<\/strong> Capacitiva \/ Resistiva<\/p>\n<\/li>\n<li data-start=\"1557\" data-end=\"1603\">\n<p data-start=\"1559\" data-end=\"1603\"><strong data-start=\"1559\" data-end=\"1593\">Nivells Manipul RF Capacitiva:<\/strong> 0 a 300<\/p>\n<\/li>\n<li data-start=\"1604\" data-end=\"1649\">\n<p data-start=\"1606\" data-end=\"1649\"><strong data-start=\"1606\" data-end=\"1639\">Nivells Manipul RF Resistiva:<\/strong> 0 a 300<\/p>\n<\/li>\n<li data-start=\"1650\" data-end=\"1686\">\n<p data-start=\"1652\" data-end=\"1686\"><strong data-start=\"1652\" data-end=\"1676\">Nivells Manipul EMS:<\/strong> 0 a 100<\/p>\n<\/li>\n<li data-start=\"1687\" data-end=\"1741\">\n<p data-start=\"1689\" data-end=\"1741\"><strong data-start=\"1689\" data-end=\"1715\">Electrodes Capacitiva:<\/strong> 2 facials i 2 corporals<\/p>\n<\/li>\n<li data-start=\"1742\" data-end=\"1795\">\n<p data-start=\"1744\" data-end=\"1795\"><strong data-start=\"1744\" data-end=\"1769\">Electrodes Resistiva:<\/strong> 2 facials i 2 corporals<\/p>\n<\/li>\n<li data-start=\"1796\" data-end=\"1847\">\n<p data-start=\"1798\" data-end=\"1847\"><strong data-start=\"1798\" data-end=\"1833\">Rang de temperatura d\u2019operaci\u00f3:<\/strong> 10\u00baC a 40\u00baC<\/p>\n<\/li>\n<li data-start=\"1848\" data-end=\"1892\">\n<p data-start=\"1850\" data-end=\"1892\"><strong data-start=\"1850\" data-end=\"1862\">Display:<\/strong> Pantalla t\u00e0ctil LCD a color<\/p>\n<\/li>\n<li data-start=\"1893\" data-end=\"1988\">\n<p data-start=\"1895\" data-end=\"1988\"><strong data-start=\"1895\" data-end=\"1921\">Controls de seguretat:<\/strong> Sistema d\u2019autoregulaci\u00f3 t\u00e8rmica i control d\u2019intensitat adaptable<\/p>\n<\/li>\n<li data-start=\"1989\" data-end=\"2051\">\n<p data-start=\"1991\" data-end=\"2051\"><strong data-start=\"1991\" data-end=\"2027\">Dimensions (alt x ample x fons):<\/strong> 34 cm x 46 cm x 25 cm<\/p>\n<\/li>\n<li data-start=\"2052\" data-end=\"2075\">\n<p data-start=\"2054\" data-end=\"2075\"><strong data-start=\"2054\" data-end=\"2066\">Pes net:<\/strong> 6,2 Kg<\/p>\n<\/li>\n<li data-start=\"2076\" data-end=\"2136\">\n<p data-start=\"2078\" data-end=\"2136\"><strong data-start=\"2078\" data-end=\"2102\">Material del xass\u00eds:<\/strong> ABS refor\u00e7at d\u2019alta resist\u00e8ncia<\/p>\n<\/li>\n<\/ul>\n","protected":false},"excerpt":{"rendered":"<p>El nostre equip professional de Radiofreq\u00fc\u00e8ncia capacitiva, resistiva i EMS combina les \u00faltimes tecnologies est\u00e8tiques per cuidar i remodelar el teu cos de manera segura i efectiva. Ideal per a aquells que volen millorar l\u2019aparen\u00e7a de la pell, tonificar els m\u00fasculs i reduir els signes d\u2019envelliment o flaccidesa, oferint resultats visibles des de les primeres&hellip;<\/p>\n","protected":false},"featured_media":2781,"template":"","meta":[],"product_brand":[],"product_cat":[617,256],"product_tag":[618,265],"class_list":{"0":"post-2783","1":"product","2":"type-product","3":"status-publish","4":"has-post-thumbnail","6":"product_cat-medicina-estetica-ca","7":"product_cat-novetats","8":"product_tag-aparatologia-medicina-estetica-ca","9":"product_tag-estetica-ca","10":"description-off","12":"first","13":"instock","14":"taxable","15":"shipping-taxable","16":"purchasable","17":"product-type-simple"},"_links":{"self":[{"href":"https:\/\/etecmed.com\/ca\/wp-json\/wp\/v2\/product\/2783","targetHints":{"allow":["GET"]}}],"collection":[{"href":"https:\/\/etecmed.com\/ca\/wp-json\/wp\/v2\/product"}],"about":[{"href":"https:\/\/etecmed.com\/ca\/wp-json\/wp\/v2\/types\/product"}],"wp:featuredmedia":[{"embeddable":true,"href":"https:\/\/etecmed.com\/ca\/wp-json\/wp\/v2\/media\/2781"}],"wp:attachment":[{"href":"https:\/\/etecmed.com\/ca\/wp-json\/wp\/v2\/media?parent=2783"}],"wp:term":[{"taxonomy":"product_brand","embeddable":true,"href":"https:\/\/etecmed.com\/ca\/wp-json\/wp\/v2\/product_brand?post=2783"},{"taxonomy":"product_cat","embeddable":true,"href":"https:\/\/etecmed.com\/ca\/wp-json\/wp\/v2\/product_cat?post=2783"},{"taxonomy":"product_tag","embeddable":true,"href":"https:\/\/etecmed.com\/ca\/wp-json\/wp\/v2\/product_tag?post=2783"}],"curies":[{"name":"wp","href":"https:\/\/api.w.org\/{rel}","templated":true}]}}