{"id":2747,"date":"2025-04-10T14:44:59","date_gmt":"2025-04-10T12:47:27","guid":{"rendered":"https:\/\/etecmed.com\/?post_type=product&#038;p=2747"},"modified":"2025-04-10T14:47:29","modified_gmt":"2025-04-10T12:47:29","slug":"aspirador-de-sobretaula-a7","status":"publish","type":"product","link":"https:\/\/etecmed.com\/ca\/producte\/aspirador-de-sobretaula-a7\/","title":{"rendered":"Aspirador de sobretaula A7"},"content":{"rendered":"<p>Aspirador de taula per a manicura, permet reduir la dispersi\u00f3 de la pols del llimat del gel, acr\u00edlic o porcellana, etc. Gr\u00e0cies a aquest aspirador la seva taula de manicura roman neta i protegeix, tant el professional com el client, de la inhalaci\u00f3 dels residus t\u00f2xics del llimat.<\/p>\n<p>Color: blanc i platejat<\/p>\n<p>Caracter\u00edstiques t\u00e8cniques de l&#8217;equip:<br \/>\nRevolucions m\u00e0ximes: 5200rpm<br \/>\nConsum: 36W<\/p>\n<p>Mides de l\u00b4equip: 31x27x6 cm<\/p>\n","protected":false},"excerpt":{"rendered":"<p>Aspirador de taula per a manicura, permet reduir la dispersi\u00f3 de la pols del llimat del gel, acr\u00edlic o porcellana, etc. Gr\u00e0cies a aquest aspirador la seva taula de manicura roman neta i protegeix, tant el professional com el client, de la inhalaci\u00f3 dels residus t\u00f2xics del llimat. Color: blanc i platejat Caracter\u00edstiques t\u00e8cniques de&hellip;<\/p>\n","protected":false},"featured_media":2745,"template":"","meta":[],"product_brand":[],"product_cat":[246],"product_tag":[281,431,324,283,352,286,327,328,373],"class_list":{"0":"post-2747","1":"product","2":"type-product","3":"status-publish","4":"has-post-thumbnail","6":"product_cat-aspirador-sobretaula","7":"product_tag-manicura-ca","8":"product_tag-micromotor-ca-2","9":"product_tag-micromotores-ca","10":"product_tag-pedicura-ca","11":"product_tag-podologia-ca","12":"product_tag-unas-ca","13":"product_tag-unas-acrilicas-ca","14":"product_tag-unas-artificiales-ca","15":"product_tag-unas-de-gel-ca","16":"description-off","18":"first","19":"instock","20":"taxable","21":"shipping-taxable","22":"purchasable","23":"product-type-simple"},"_links":{"self":[{"href":"https:\/\/etecmed.com\/ca\/wp-json\/wp\/v2\/product\/2747","targetHints":{"allow":["GET"]}}],"collection":[{"href":"https:\/\/etecmed.com\/ca\/wp-json\/wp\/v2\/product"}],"about":[{"href":"https:\/\/etecmed.com\/ca\/wp-json\/wp\/v2\/types\/product"}],"wp:featuredmedia":[{"embeddable":true,"href":"https:\/\/etecmed.com\/ca\/wp-json\/wp\/v2\/media\/2745"}],"wp:attachment":[{"href":"https:\/\/etecmed.com\/ca\/wp-json\/wp\/v2\/media?parent=2747"}],"wp:term":[{"taxonomy":"product_brand","embeddable":true,"href":"https:\/\/etecmed.com\/ca\/wp-json\/wp\/v2\/product_brand?post=2747"},{"taxonomy":"product_cat","embeddable":true,"href":"https:\/\/etecmed.com\/ca\/wp-json\/wp\/v2\/product_cat?post=2747"},{"taxonomy":"product_tag","embeddable":true,"href":"https:\/\/etecmed.com\/ca\/wp-json\/wp\/v2\/product_tag?post=2747"}],"curies":[{"name":"wp","href":"https:\/\/api.w.org\/{rel}","templated":true}]}}