{"id":2741,"date":"2025-04-10T14:36:26","date_gmt":"2025-04-10T12:37:26","guid":{"rendered":"https:\/\/etecmed.com\/?post_type=product&#038;p=2741"},"modified":"2025-04-10T14:37:28","modified_gmt":"2025-04-10T12:37:28","slug":"micromotor-7g","status":"publish","type":"product","link":"https:\/\/etecmed.com\/ca\/producte\/micromotor-7g\/","title":{"rendered":"Micromotor 7G"},"content":{"rendered":"<p>Micromotor de 85W \/ 40000 rpm ideal per fer manicures, pedicures i ungles artificials.<\/p>\n<p>&nbsp;<\/p>\n<p>&#8211; Pe\u00e7a de m\u00e0:<br \/>\nSense escombretes<br \/>\nPortafreses de pas universal<br \/>\nM\u00e0nec llis \u2013 Model Twist<\/p>\n<p>&nbsp;<\/p>\n<p>&#8211; Caixa de control:<br \/>\nColor blanc i negre<br \/>\nRegulador de revolucions<br \/>\nCanvi sentit rotor (dreta\/esquerra)<\/p>\n<p>&nbsp;<\/p>\n<p>&#8211; Pedal<\/p>\n","protected":false},"excerpt":{"rendered":"<p>Micromotor de 85W \/ 40000 rpm ideal per fer manicures, pedicures i ungles artificials. &nbsp; &#8211; Pe\u00e7a de m\u00e0: Sense escombretes Portafreses de pas universal M\u00e0nec llis \u2013 Model Twist &nbsp; &#8211; Caixa de control: Color blanc i negre Regulador de revolucions Canvi sentit rotor (dreta\/esquerra) &nbsp; &#8211; Pedal<\/p>\n","protected":false},"featured_media":2739,"template":"","meta":[],"product_brand":[],"product_cat":[254],"product_tag":[281,431,324,283,286],"class_list":{"0":"post-2741","1":"product","2":"type-product","3":"status-publish","4":"has-post-thumbnail","6":"product_cat-micromotors","7":"product_tag-manicura-ca","8":"product_tag-micromotor-ca-2","9":"product_tag-micromotores-ca","10":"product_tag-pedicura-ca","11":"product_tag-unas-ca","12":"description-off","14":"first","15":"instock","16":"taxable","17":"shipping-taxable","18":"purchasable","19":"product-type-simple"},"_links":{"self":[{"href":"https:\/\/etecmed.com\/ca\/wp-json\/wp\/v2\/product\/2741","targetHints":{"allow":["GET"]}}],"collection":[{"href":"https:\/\/etecmed.com\/ca\/wp-json\/wp\/v2\/product"}],"about":[{"href":"https:\/\/etecmed.com\/ca\/wp-json\/wp\/v2\/types\/product"}],"wp:featuredmedia":[{"embeddable":true,"href":"https:\/\/etecmed.com\/ca\/wp-json\/wp\/v2\/media\/2739"}],"wp:attachment":[{"href":"https:\/\/etecmed.com\/ca\/wp-json\/wp\/v2\/media?parent=2741"}],"wp:term":[{"taxonomy":"product_brand","embeddable":true,"href":"https:\/\/etecmed.com\/ca\/wp-json\/wp\/v2\/product_brand?post=2741"},{"taxonomy":"product_cat","embeddable":true,"href":"https:\/\/etecmed.com\/ca\/wp-json\/wp\/v2\/product_cat?post=2741"},{"taxonomy":"product_tag","embeddable":true,"href":"https:\/\/etecmed.com\/ca\/wp-json\/wp\/v2\/product_tag?post=2741"}],"curies":[{"name":"wp","href":"https:\/\/api.w.org\/{rel}","templated":true}]}}