{"id":2736,"date":"2025-04-10T14:27:05","date_gmt":"2025-04-10T12:28:03","guid":{"rendered":"https:\/\/etecmed.com\/?post_type=product&#038;p=2736"},"modified":"2025-04-10T14:28:04","modified_gmt":"2025-04-10T12:28:04","slug":"micromotor-104h","status":"publish","type":"product","link":"https:\/\/etecmed.com\/ca\/producte\/micromotor-104h\/","title":{"rendered":"Micromotor 104H"},"content":{"rendered":"<p>Micromotor de 65W \/ 35000 rpm ideal per fer manicures i ungles artificials.<\/p>\n<p>&#8211; Pe\u00e7a de m\u00e0:<br \/>\nAmb escombretes<br \/>\nPortafreses de pas universal<br \/>\nM\u00e0nec llis \u2013 Model Twist<\/p>\n<p>&#8211; Caixa de control:<br \/>\nColor blanc i negre<br \/>\nRegulador de revolucions<br \/>\nCanvi sentit rotor (dreta\/esquerra)<\/p>\n<p>&#8211; Pedal:<br \/>\nControl de velocitat<\/p>\n","protected":false},"excerpt":{"rendered":"<p>Micromotor de 65W \/ 35000 rpm ideal per fer manicures i ungles artificials. &#8211; Pe\u00e7a de m\u00e0: Amb escombretes Portafreses de pas universal M\u00e0nec llis \u2013 Model Twist &#8211; Caixa de control: Color blanc i negre Regulador de revolucions Canvi sentit rotor (dreta\/esquerra) &#8211; Pedal: Control de velocitat<\/p>\n","protected":false},"featured_media":2734,"template":"","meta":[],"product_brand":[],"product_cat":[254],"product_tag":[323,281,431,324,286],"class_list":{"0":"post-2736","1":"product","2":"type-product","3":"status-publish","4":"has-post-thumbnail","6":"product_cat-micromotors","7":"product_tag-fresas-pedicura-ca","8":"product_tag-manicura-ca","9":"product_tag-micromotor-ca-2","10":"product_tag-micromotores-ca","11":"product_tag-unas-ca","12":"description-off","14":"first","15":"instock","16":"taxable","17":"shipping-taxable","18":"purchasable","19":"product-type-simple"},"_links":{"self":[{"href":"https:\/\/etecmed.com\/ca\/wp-json\/wp\/v2\/product\/2736","targetHints":{"allow":["GET"]}}],"collection":[{"href":"https:\/\/etecmed.com\/ca\/wp-json\/wp\/v2\/product"}],"about":[{"href":"https:\/\/etecmed.com\/ca\/wp-json\/wp\/v2\/types\/product"}],"wp:featuredmedia":[{"embeddable":true,"href":"https:\/\/etecmed.com\/ca\/wp-json\/wp\/v2\/media\/2734"}],"wp:attachment":[{"href":"https:\/\/etecmed.com\/ca\/wp-json\/wp\/v2\/media?parent=2736"}],"wp:term":[{"taxonomy":"product_brand","embeddable":true,"href":"https:\/\/etecmed.com\/ca\/wp-json\/wp\/v2\/product_brand?post=2736"},{"taxonomy":"product_cat","embeddable":true,"href":"https:\/\/etecmed.com\/ca\/wp-json\/wp\/v2\/product_cat?post=2736"},{"taxonomy":"product_tag","embeddable":true,"href":"https:\/\/etecmed.com\/ca\/wp-json\/wp\/v2\/product_tag?post=2736"}],"curies":[{"name":"wp","href":"https:\/\/api.w.org\/{rel}","templated":true}]}}