{"id":2727,"date":"2025-04-10T14:18:20","date_gmt":"2025-04-10T12:18:20","guid":{"rendered":"https:\/\/etecmed.com\/?post_type=product&#038;p=2727"},"modified":"2025-12-12T13:19:54","modified_gmt":"2025-12-12T11:19:54","slug":"micromotor-9m","status":"publish","type":"product","link":"https:\/\/etecmed.com\/ca\/producte\/micromotor-9m\/","title":{"rendered":"Micromotor 9M"},"content":{"rendered":"<p>Micromotor de 35W \/ 30000 rpm ideal per fer manicures i ungles artificials.<\/p>\n<p>-Pe\u00e7a de m\u00e0:<br \/>\nSense escombretes<br \/>\nPortafreses de pas universal<br \/>\nM\u00e0nec llis \u2013 Model Twist<\/p>\n<p>&nbsp;<\/p>\n<p>-Caixa de control:<br \/>\nColor blanc i negre<br \/>\nRegulador de revolucions<br \/>\nCanvi sentit rotor (dreta\/esquerra)<\/p>\n<p>&nbsp;<\/p>\n","protected":false},"excerpt":{"rendered":"<p>Micromotor de 35W \/ 30000 rpm ideal per fer manicures i ungles artificials. -Pe\u00e7a de m\u00e0: Sense escombretes Portafreses de pas universal M\u00e0nec llis \u2013 Model Twist &nbsp; -Caixa de control: Color blanc i negre Regulador de revolucions Canvi sentit rotor (dreta\/esquerra) &nbsp;<\/p>\n","protected":false},"featured_media":2728,"template":"","meta":[],"product_brand":[],"product_cat":[254],"product_tag":[325,281,431,324,283,286],"class_list":{"0":"post-2727","1":"product","2":"type-product","3":"status-publish","4":"has-post-thumbnail","6":"product_cat-micromotors","7":"product_tag-fresas-micromotores-ca","8":"product_tag-manicura-ca","9":"product_tag-micromotor-ca-2","10":"product_tag-micromotores-ca","11":"product_tag-pedicura-ca","12":"product_tag-unas-ca","13":"description-off","15":"first","16":"instock","17":"taxable","18":"shipping-taxable","19":"purchasable","20":"product-type-simple"},"_links":{"self":[{"href":"https:\/\/etecmed.com\/ca\/wp-json\/wp\/v2\/product\/2727","targetHints":{"allow":["GET"]}}],"collection":[{"href":"https:\/\/etecmed.com\/ca\/wp-json\/wp\/v2\/product"}],"about":[{"href":"https:\/\/etecmed.com\/ca\/wp-json\/wp\/v2\/types\/product"}],"wp:featuredmedia":[{"embeddable":true,"href":"https:\/\/etecmed.com\/ca\/wp-json\/wp\/v2\/media\/2728"}],"wp:attachment":[{"href":"https:\/\/etecmed.com\/ca\/wp-json\/wp\/v2\/media?parent=2727"}],"wp:term":[{"taxonomy":"product_brand","embeddable":true,"href":"https:\/\/etecmed.com\/ca\/wp-json\/wp\/v2\/product_brand?post=2727"},{"taxonomy":"product_cat","embeddable":true,"href":"https:\/\/etecmed.com\/ca\/wp-json\/wp\/v2\/product_cat?post=2727"},{"taxonomy":"product_tag","embeddable":true,"href":"https:\/\/etecmed.com\/ca\/wp-json\/wp\/v2\/product_tag?post=2727"}],"curies":[{"name":"wp","href":"https:\/\/api.w.org\/{rel}","templated":true}]}}