{"id":2726,"date":"2025-04-10T14:06:36","date_gmt":"2025-04-10T12:10:14","guid":{"rendered":"https:\/\/etecmed.com\/?post_type=product&#038;p=2726"},"modified":"2025-04-10T14:39:34","modified_gmt":"2025-04-10T12:39:34","slug":"2726","status":"publish","type":"product","link":"https:\/\/etecmed.com\/ca\/producte\/2726\/","title":{"rendered":"Vacumter\u00e0pia NV-600"},"content":{"rendered":"<p>La Vacumter\u00e0pia \u00e9s un tractament no invasiu que busca, a trav\u00e9s d&#8217;aparells succionadors, drenar el teixit adip\u00f3s, mobilitzant el greix localitzat cap al sistema limf\u00e0tic.<\/p>\n<p>&nbsp;<\/p>\n<p><strong>Cont\u00e9:<\/strong><\/p>\n<p>Equip Vacumter\u00e0pia amb cable de connexi\u00f3 al corrent el\u00e8ctric.<\/p>\n<p>2 Ventoses de massatge grans 90#<\/p>\n<p>2 Ventoses de massatge mitjanes 70#<\/p>\n<p>2 Ventoses de massatge petites 60#<\/p>\n<p>12 Copes de vidre<\/p>\n<p>3 El\u00e8ctrodes LPG Metabolic (diferents mesures)<\/p>\n<p>2 Tubs per a connexi\u00f3 el\u00e8ctrodes LPG a l&#8217;aparell<\/p>\n<p>1 Tub bifurcaci\u00f3 per a connexi\u00f3 ventoses\/copes de massatge a l&#8217;aparell<\/p>\n<p>&nbsp;<\/p>\n<p><strong>Avantatges:<\/strong><\/p>\n<p><em>Facial<\/em><\/p>\n<p>La vacumter\u00e0pia facial \u00e9s apropiada per a estimulaci\u00f3 de les fibres de col\u00b7lagen en arrugues profundes i solcs Produint tonificaci\u00f3 del teixit epitelial de la zona del rostre.<\/p>\n<p>&nbsp;<\/p>\n<p><em>Corporal<\/em><\/p>\n<p>Millora visible de les zones amb cel\u00b7lulitis<br \/>\nEliminaci\u00f3 de l\u00edquids<br \/>\nP\u00e8rdua de cent\u00edmetres al contorn del cos<br \/>\nMajor\u00a0elasticitat\u00a0i lluminositat a la pell<br \/>\nEliminaci\u00f3 del greix localitzat<br \/>\nT\u00e9 un efecte reafirmant<br \/>\nAjuda a reafirmar zones espec\u00edfiques com els glutis<br \/>\nCombat la flacciditat<br \/>\nAjuda a alleujar els dolors musculars<\/p>\n<p>&nbsp;<\/p>\n<p><strong>Caracter\u00edstiques t\u00e8cniques de l&#8217;equip:<\/strong><\/p>\n<p>Consum: 45W<\/p>\n<p>Pressi\u00f3: 60-70mmHg<\/p>\n<p>Mides: 28,5x30x15 cm<\/p>\n<p>Pes: 6 Kg<\/p>\n","protected":false},"excerpt":{"rendered":"<p>La Vacumter\u00e0pia \u00e9s un tractament no invasiu que busca, a trav\u00e9s d&#8217;aparells succionadors, drenar el teixit adip\u00f3s, mobilitzant el greix localitzat cap al sistema limf\u00e0tic. &nbsp; Cont\u00e9: Equip Vacumter\u00e0pia amb cable de connexi\u00f3 al corrent el\u00e8ctric. 2 Ventoses de massatge grans 90# 2 Ventoses de massatge mitjanes 70# 2 Ventoses de massatge petites 60# 12&hellip;<\/p>\n","protected":false},"featured_media":2724,"template":"","meta":[],"product_brand":[],"product_cat":[249],"product_tag":[265],"class_list":{"0":"post-2726","1":"product","2":"type-product","3":"status-publish","4":"has-post-thumbnail","6":"product_cat-equips-estetica","7":"product_tag-estetica-ca","8":"description-off","10":"first","11":"instock","12":"taxable","13":"shipping-taxable","14":"purchasable","15":"product-type-simple"},"_links":{"self":[{"href":"https:\/\/etecmed.com\/ca\/wp-json\/wp\/v2\/product\/2726","targetHints":{"allow":["GET"]}}],"collection":[{"href":"https:\/\/etecmed.com\/ca\/wp-json\/wp\/v2\/product"}],"about":[{"href":"https:\/\/etecmed.com\/ca\/wp-json\/wp\/v2\/types\/product"}],"wp:featuredmedia":[{"embeddable":true,"href":"https:\/\/etecmed.com\/ca\/wp-json\/wp\/v2\/media\/2724"}],"wp:attachment":[{"href":"https:\/\/etecmed.com\/ca\/wp-json\/wp\/v2\/media?parent=2726"}],"wp:term":[{"taxonomy":"product_brand","embeddable":true,"href":"https:\/\/etecmed.com\/ca\/wp-json\/wp\/v2\/product_brand?post=2726"},{"taxonomy":"product_cat","embeddable":true,"href":"https:\/\/etecmed.com\/ca\/wp-json\/wp\/v2\/product_cat?post=2726"},{"taxonomy":"product_tag","embeddable":true,"href":"https:\/\/etecmed.com\/ca\/wp-json\/wp\/v2\/product_tag?post=2726"}],"curies":[{"name":"wp","href":"https:\/\/api.w.org\/{rel}","templated":true}]}}