{"id":2688,"date":"2025-01-13T15:55:08","date_gmt":"2025-01-13T14:03:39","guid":{"rendered":"https:\/\/etecmed.com\/?post_type=product&#038;p=2688"},"modified":"2025-12-12T13:50:07","modified_gmt":"2025-12-12T11:50:07","slug":"ones-electromagnetiques-hi-emt","status":"publish","type":"product","link":"https:\/\/etecmed.com\/ca\/producte\/ones-electromagnetiques-hi-emt\/","title":{"rendered":"Ones Electromagn\u00e8tiques HI-EMT"},"content":{"rendered":"<p><em>Qu\u00e8 s\u00f3n les Ones Electromagn\u00e8tiques?<\/em><br \/>\nEs tracta d&#8217;una t\u00e8cnica d&#8217;avantguarda amb qu\u00e8 s&#8217;indueixen potents ones magn\u00e8tiques i el\u00e8ctriques en conjunt, que produeix la contracci\u00f3 indolora i no invasiva del m\u00fascul, fent que es perdi greix i es guanyi m\u00fascul alhora.<\/p>\n<p>Com a reacci\u00f3 a les m\u00e9s de 30.000 contraccions repetitives que es generen per sessi\u00f3, la m\u00e9s muscular respon amb una profunda remodelaci\u00f3 de la seva estructura interna, generant l&#8217;augment de la mida del m\u00fascul (hipertr\u00f2fia muscular) i la multiplicaci\u00f3 de les fibres musculars i de nous fils proteiques (hiperpl\u00e0sia muscular).<\/p>\n<p>La poderosa acci\u00f3 de les ones electromagn\u00e8tiques sobre el m\u00fascul perfecciona el proc\u00e9s d&#8217;alliberament d&#8217;epinefrina, millorant aix\u00ed la lip\u00f2lisi i reduint el greix acumulat.<\/p>\n<p>&nbsp;<\/p>\n<p><strong>Beneficis de les Ones Electromagn\u00e8tiques (HI-EMT) s\u00f3n:<\/strong><br \/>\n\u2022 Enforteix els m\u00fasculs: En augmentar la massa muscular i generar noves fibres, el m\u00fascul es potencia aconseguint m\u00e9s densitat i volum.<br \/>\n\u2022 Combat la flacciditat: Gr\u00e0cies a la funci\u00f3 de radiofreq\u00fc\u00e8ncia integrada a les plaques, millora l&#8217;estructura interna del m\u00fascul obtenint fermesa i definici\u00f3 del grup muscular, resultant un cos tonificat i esvelt.<br \/>\n\u2022 Elimina el greix: La potent acci\u00f3 de les ones electromagn\u00e8tiques accelera la degradaci\u00f3 dels dip\u00f2sits de greix acumulat, millorant-ne l&#8217;eliminaci\u00f3 natural i reduint l&#8217;exc\u00e9s de teixit adip\u00f3s.<\/p>\n<p>&nbsp;<\/p>\n<p><strong>Tractaments:<\/strong><br \/>\n\u2022 Remodelaci\u00f3 corporal<br \/>\n\u2022 Eliminaci\u00f3 de greix<br \/>\n\u2022 Tonificaci\u00f3 muscular<\/p>\n<p>&nbsp;<\/p>\n<p><strong>Caracter\u00edstiques t\u00e8cniques de l&#8217;equip:<\/strong><\/p>\n<table width=\"567\">\n<tbody>\n<tr>\n<td width=\"255\">Tipus d&#8217;energia<\/td>\n<td width=\"312\">Camp Magn\u00e8tic<\/td>\n<\/tr>\n<tr>\n<td width=\"255\">Tecnologia<\/td>\n<td width=\"312\">HI-EMT<\/td>\n<\/tr>\n<tr>\n<td width=\"255\">Voltatge<\/td>\n<td width=\"312\">110V\/220V<\/td>\n<\/tr>\n<tr>\n<td width=\"255\">Pot\u00e8ncia<\/td>\n<td width=\"312\">3000W-4000W<\/td>\n<\/tr>\n<tr>\n<td width=\"255\">Intensitat camp magn\u00e8tic<\/td>\n<td width=\"312\">12 TESLAS<\/td>\n<\/tr>\n<tr>\n<td width=\"255\">Repetici\u00f3 pols<\/td>\n<td width=\"312\">3Hz-150Hz<\/td>\n<\/tr>\n<tr>\n<td width=\"255\">Contraccions<\/td>\n<td width=\"312\">M\u00e9s de 30.000 en 30 minuts<\/td>\n<\/tr>\n<tr>\n<td width=\"255\">Temperatura RF<\/td>\n<td width=\"312\">40\u00b0 &#8211; 50\u00b0<\/td>\n<\/tr>\n<tr>\n<td width=\"255\">Freq\u00fc\u00e8ncia RF<\/td>\n<td width=\"312\">40MHz<\/td>\n<\/tr>\n<\/tbody>\n<\/table>\n<p>&nbsp;<\/p>\n<p>Amb compra de l&#8217;equip d&#8217;Ondes Electromagn\u00e8tiques Adonis System inclou:<br \/>\n&#8211; 4 plaques + 5 cintes de subjecci\u00f3<br \/>\n&#8211; Moble per a l&#8217;equip<br \/>\n&#8211; Dossier i manual d\u00fas<br \/>\n&#8211; Fitxes de treball<br \/>\n&#8211; Formaci\u00f3<br \/>\n&#8211; Publicitat: 1 Roll up de 85x200cm<\/p>\n","protected":false},"excerpt":{"rendered":"<p>Qu\u00e8 s\u00f3n les Ones Electromagn\u00e8tiques? Es tracta d&#8217;una t\u00e8cnica d&#8217;avantguarda amb qu\u00e8 s&#8217;indueixen potents ones magn\u00e8tiques i el\u00e8ctriques en conjunt, que produeix la contracci\u00f3 indolora i no invasiva del m\u00fascul, fent que es perdi greix i es guanyi m\u00fascul alhora. Com a reacci\u00f3 a les m\u00e9s de 30.000 contraccions repetitives que es generen per sessi\u00f3,&hellip;<\/p>\n","protected":false},"featured_media":2686,"template":"","meta":[],"product_brand":[],"product_cat":[611],"product_tag":[265],"class_list":{"0":"post-2688","1":"product","2":"type-product","3":"status-publish","4":"has-post-thumbnail","6":"product_cat-medicina-estetica-2","7":"product_tag-estetica-ca","8":"description-off","10":"first","11":"instock","12":"taxable","13":"shipping-taxable","14":"purchasable","15":"product-type-simple"},"_links":{"self":[{"href":"https:\/\/etecmed.com\/ca\/wp-json\/wp\/v2\/product\/2688","targetHints":{"allow":["GET"]}}],"collection":[{"href":"https:\/\/etecmed.com\/ca\/wp-json\/wp\/v2\/product"}],"about":[{"href":"https:\/\/etecmed.com\/ca\/wp-json\/wp\/v2\/types\/product"}],"wp:featuredmedia":[{"embeddable":true,"href":"https:\/\/etecmed.com\/ca\/wp-json\/wp\/v2\/media\/2686"}],"wp:attachment":[{"href":"https:\/\/etecmed.com\/ca\/wp-json\/wp\/v2\/media?parent=2688"}],"wp:term":[{"taxonomy":"product_brand","embeddable":true,"href":"https:\/\/etecmed.com\/ca\/wp-json\/wp\/v2\/product_brand?post=2688"},{"taxonomy":"product_cat","embeddable":true,"href":"https:\/\/etecmed.com\/ca\/wp-json\/wp\/v2\/product_cat?post=2688"},{"taxonomy":"product_tag","embeddable":true,"href":"https:\/\/etecmed.com\/ca\/wp-json\/wp\/v2\/product_tag?post=2688"}],"curies":[{"name":"wp","href":"https:\/\/api.w.org\/{rel}","templated":true}]}}