{"id":2674,"date":"2025-01-13T15:08:02","date_gmt":"2025-01-13T13:32:19","guid":{"rendered":"https:\/\/etecmed.com\/?post_type=product&#038;p=2674"},"modified":"2025-12-12T13:49:23","modified_gmt":"2025-12-12T11:49:23","slug":"trilaser","status":"publish","type":"product","link":"https:\/\/etecmed.com\/ca\/producte\/trilaser\/","title":{"rendered":"Tril\u00e0ser"},"content":{"rendered":"<p>L&#8217;equip Tril\u00e1ser Adonis System combina tres longituds d&#8217;ona:<br \/>\n\u2022 755 nm (Alexandrita)<br \/>\n\u2022 808 nm (Diode)<br \/>\n\u2022 1064 nm (Neodimi Yag)<\/p>\n<p>augmentant l&#8217;efici\u00e8ncia en la depilaci\u00f3 de qualsevol tipus de pell i cabells. Compte amb el sistema SHR, la qual cosa proporciona una velocitat de treball superior i una disminuci\u00f3 de les mol\u00e8sties pr\u00f2pies de l&#8217;acci\u00f3 del l\u00e0ser sobre la pell.<\/p>\n<p>&nbsp;<\/p>\n<p>L&#8217;equip Tril\u00e1ser Adonis System compta amb cinc cap\u00e7als intercanviables mitjan\u00e7ant sistema d&#8217;imantat amb diferents mides per arribar a totes les zones.<\/p>\n<p>Cada cap\u00e7al t\u00e9 deu barres de d\u00edode combinat les tres longituds d&#8217;ona. D&#8217;aquesta manera, no nom\u00e9s aconseguim abastar tots els tipus de borrissol (fi, gruixut, &#8230;) sin\u00f3 que tamb\u00e9 ataquem el borrissol en totes les fases de creixement, reduint aix\u00ed el nombre de sessions i augmentant l&#8217;efectivitat a un 97 %.<\/p>\n<p><strong>Tractaments<\/strong><br \/>\n<em>Zones facials:<\/em> Llavi superior, Barbeta, Patilles, Entrecella, Nas, Celles, Orelles, Perfil barba.<br \/>\n<em>Zones corporals:<\/em> Aixelles, Angles, Cames, Glutis, Bra\u00e7os, Pit, Esquena, etc.<\/p>\n<p>&nbsp;<\/p>\n<p><strong>Caracter\u00edstiques t\u00e8cniques de l&#8217;equip:<\/strong><\/p>\n<table style=\"height: 617px;\" width=\"896\">\n<tbody>\n<tr>\n<td width=\"283\">Model<\/td>\n<td width=\"359\">Tril\u00e0ser<\/td>\n<\/tr>\n<tr>\n<td width=\"283\">Longituds d&#8217;onda<\/td>\n<td width=\"359\">755nm, 808nm, 1064nm<\/td>\n<\/tr>\n<tr>\n<td width=\"283\">Ample del pols<\/td>\n<td width=\"359\">10ms\u02dc400ms<\/td>\n<\/tr>\n<tr>\n<td width=\"283\">Freq\u00fc\u00e8ncia<\/td>\n<td width=\"359\">1Hz\u02dc10Hz<\/td>\n<\/tr>\n<tr>\n<td width=\"283\">Flu\u00e8ncia<\/td>\n<td width=\"359\">0\u02dc120J\/cm2<\/td>\n<\/tr>\n<tr>\n<td width=\"283\">Pot\u00e8ncia<\/td>\n<td width=\"359\">2500W<\/td>\n<\/tr>\n<tr>\n<td width=\"283\">Refredament manipul<\/td>\n<td width=\"359\">-8\u00b0C<\/td>\n<\/tr>\n<tr>\n<td width=\"283\">Cap\u00e7als<\/td>\n<td width=\"265\">5 cabezales imantados intercambiables\u00a0\u00a0\u00a0\u00a0\u00a0\u00a0\u00a0 (30x30mm-20x20mm-10x10mm<\/p>\n<p>5x5mm- \u02788mm)<\/td>\n<\/tr>\n<tr>\n<td width=\"283\">Sistema de treball<\/td>\n<td width=\"359\">SHR<\/td>\n<\/tr>\n<tr>\n<td width=\"283\">Sistema de refrigeraci\u00f3<\/td>\n<td width=\"359\">Aire + Aigua + Semiconductor + TEC<\/td>\n<\/tr>\n<tr>\n<td width=\"283\">Volum d&#8217;aigua<\/td>\n<td width=\"359\">3,5L<\/td>\n<\/tr>\n<tr>\n<td width=\"283\">Pantalla<\/td>\n<td width=\"359\">Pantalla LCD t\u00e0ctil de 10,4&#8243;<\/td>\n<\/tr>\n<tr>\n<td width=\"283\">Voltatge<\/td>\n<td width=\"359\">220V\/50Hz, 110V\/60Hz<\/td>\n<\/tr>\n<tr>\n<td width=\"283\">Mides de l&#8217;equip<\/td>\n<td width=\"359\">65x54x46cm<\/td>\n<\/tr>\n<tr>\n<td width=\"283\">Pes de l&#8217;equip<\/td>\n<td width=\"359\">38Kg<\/td>\n<\/tr>\n<\/tbody>\n<\/table>\n<p>&nbsp;<\/p>\n<p>Amb compra de l&#8217;equip Tril\u00e1ser Adonis System inclou:<br \/>\n&#8211; 1 manipul<br \/>\n&#8211; 5 cap\u00e7als<br \/>\n&#8211; Ulleres de protecci\u00f3 per al t\u00e8cnic<br \/>\n&#8211; Ulleres de protecci\u00f3 per al client<br \/>\n&#8211; Moble per a l&#8217;equip<br \/>\n&#8211; Dossier de l&#8217;equip<br \/>\n&#8211; Fitxes de treball<br \/>\n&#8211; Formaci\u00f3<br \/>\n&#8211; Publicitat: 1 Roll up de 85x200cm, flyers<\/p>\n","protected":false},"excerpt":{"rendered":"<p>L&#8217;equip Tril\u00e1ser Adonis System combina tres longituds d&#8217;ona: \u2022 755 nm (Alexandrita) \u2022 808 nm (Diode) \u2022 1064 nm (Neodimi Yag) augmentant l&#8217;efici\u00e8ncia en la depilaci\u00f3 de qualsevol tipus de pell i cabells. Compte amb el sistema SHR, la qual cosa proporciona una velocitat de treball superior i una disminuci\u00f3 de les mol\u00e8sties pr\u00f2pies de&hellip;<\/p>\n","protected":false},"featured_media":2672,"template":"","meta":[],"product_brand":[],"product_cat":[611],"product_tag":[265],"class_list":{"0":"post-2674","1":"product","2":"type-product","3":"status-publish","4":"has-post-thumbnail","6":"product_cat-medicina-estetica-2","7":"product_tag-estetica-ca","8":"description-off","10":"first","11":"instock","12":"taxable","13":"shipping-taxable","14":"purchasable","15":"product-type-simple"},"_links":{"self":[{"href":"https:\/\/etecmed.com\/ca\/wp-json\/wp\/v2\/product\/2674","targetHints":{"allow":["GET"]}}],"collection":[{"href":"https:\/\/etecmed.com\/ca\/wp-json\/wp\/v2\/product"}],"about":[{"href":"https:\/\/etecmed.com\/ca\/wp-json\/wp\/v2\/types\/product"}],"wp:featuredmedia":[{"embeddable":true,"href":"https:\/\/etecmed.com\/ca\/wp-json\/wp\/v2\/media\/2672"}],"wp:attachment":[{"href":"https:\/\/etecmed.com\/ca\/wp-json\/wp\/v2\/media?parent=2674"}],"wp:term":[{"taxonomy":"product_brand","embeddable":true,"href":"https:\/\/etecmed.com\/ca\/wp-json\/wp\/v2\/product_brand?post=2674"},{"taxonomy":"product_cat","embeddable":true,"href":"https:\/\/etecmed.com\/ca\/wp-json\/wp\/v2\/product_cat?post=2674"},{"taxonomy":"product_tag","embeddable":true,"href":"https:\/\/etecmed.com\/ca\/wp-json\/wp\/v2\/product_tag?post=2674"}],"curies":[{"name":"wp","href":"https:\/\/api.w.org\/{rel}","templated":true}]}}