{"id":2665,"date":"2025-01-13T14:43:13","date_gmt":"2025-01-13T12:52:00","guid":{"rendered":"https:\/\/etecmed.com\/?post_type=product&#038;p=2665"},"modified":"2025-12-12T13:48:36","modified_gmt":"2025-12-12T11:48:36","slug":"laser-q-switched-nd-yag-carbo-actiu","status":"publish","type":"product","link":"https:\/\/etecmed.com\/ca\/producte\/laser-q-switched-nd-yag-carbo-actiu\/","title":{"rendered":"L\u00e0ser Q-Switched (ND) Yag + Carb\u00f3 Actiu"},"content":{"rendered":"<p><em>Qu\u00e8 \u00e9s el L\u00e0ser Q-Switched Neodimio Yag?<\/em><br \/>\nLa tecnologia Q-Swicthed treballa sobre la base de la fototerm\u00f2lisi selectiva. L&#8217;energia l\u00e0ser nom\u00e9s pot sortir en s\u00e8ries de polsos petits, amb temps d&#8217;exposici\u00f3 molt breus, que produeixen un dany t\u00e8rmic m\u00ednim, sense afectar el teixit adjacent.<br \/>\nEl L\u00e0ser Q-Switched Neodimio Yag emet una s\u00e8rie de polsos per sota del temps dexposici\u00f3 t\u00e8rmica dels teixits diana.<br \/>\nEl L\u00e0ser Q-Switched Neodimi Yag Adonis System ofereix tres logintuds d&#8217;ona (532nm, 1064nm i 1320nm) per als diferents tractaments.<\/p>\n<p>&nbsp;<\/p>\n<p><em>Per qu\u00e8 es fa servir el L\u00e0ser Q-Switched ND Yag?<\/em><br \/>\nEl L\u00e0ser Q-Switched ND Yag \u00e9s excel\u00b7lent per a l&#8217;eliminaci\u00f3 de tatuatges, lesions benignes i tractaments de l&#8217;onicomicosi (infecci\u00f3 per fongs i ungles) amb els filtres de 532nm i 1064nm.<br \/>\nA m\u00e9s, amb la combinaci\u00f3 de L\u00e0ser Q-Switched ND Yag (filtre de 1320nm) i la m\u00e0scara de carb\u00f3 actiu obtenim extraordinaris resultats en tractaments de rejoveniment, acne, porus dilatat i peeling facial i corporal.<\/p>\n<p>&nbsp;<\/p>\n<p><strong>Tractaments<\/strong><br \/>\n\u2022 Rejoveniment facial<br \/>\n\u2022 Peeling facial i corporal<br \/>\n\u2022 Tractament actiacn\u00e9<br \/>\n\u2022 Regulador seborr\u00e8ic<br \/>\n\u2022 Tractament del porus dilatat<br \/>\n\u2022 Eliminaci\u00f3 de taques<br \/>\n\u2022 Eliminaci\u00f3 de tatuatges<br \/>\n\u2022 Tractament de l&#8217;onicormicosi (infecci\u00f3 per fongs d&#8217;ungles)<br \/>\n\u2022 Eliminaci\u00f3 de micropigmentaci\u00f3 de celles<br \/>\n\u2022 Tractament il\u00b7luminador i d&#8217;hidrataci\u00f3<br \/>\n\u2022 Eliminaci\u00f3 d&#8217;aranyetes vasculars facials (telangiest\u00e0sies)<br \/>\n\u2022 Eliminaci\u00f3 de punts rob\u00ed<\/p>\n<p>&nbsp;<\/p>\n<p><strong>Caracter\u00edstiques t\u00e8cniques de l&#8217;equip:<\/strong><\/p>\n<table width=\"642\">\n<tbody>\n<tr>\n<td width=\"283\">Tipus de L\u00e0ser<\/td>\n<td width=\"359\">Q-Switched Neodimio Yag<\/td>\n<\/tr>\n<tr>\n<td width=\"283\">Pot\u00e8ncia<\/td>\n<td width=\"359\">1000W<\/td>\n<\/tr>\n<tr>\n<td width=\"283\">Longitud d&#8217;ona<\/td>\n<td width=\"359\">532nm \u2013 1064nm \u2013 1320nm<\/td>\n<\/tr>\n<tr>\n<td width=\"283\">Electricitat<\/td>\n<td width=\"359\">110\/220V, 50\/60Hz<\/td>\n<\/tr>\n<tr>\n<td width=\"283\">Durada del pols<\/td>\n<td width=\"359\">10 nanosegons<\/td>\n<\/tr>\n<tr>\n<td width=\"283\">Freq\u00fc\u00e8ncia<\/td>\n<td width=\"359\">1-10Hz<\/td>\n<\/tr>\n<tr>\n<td width=\"283\">Grand\u00e0ria del spot<\/td>\n<td width=\"359\">1-7mm<\/td>\n<\/tr>\n<tr>\n<td width=\"283\">Energia<\/td>\n<td width=\"359\">20Mj-1600mJ<\/td>\n<\/tr>\n<tr>\n<td width=\"283\">Grand\u00e0ria de Pantalla<\/td>\n<td width=\"359\">10.4 pulzades<\/td>\n<\/tr>\n<tr>\n<td width=\"283\">Dimensi\u00f3 de l&#8217;equip<\/td>\n<td width=\"359\">48x38x35 cm<\/td>\n<\/tr>\n<tr>\n<td width=\"283\">Pes net de l&#8217;equip<\/td>\n<td width=\"359\">30Kg<\/td>\n<\/tr>\n<\/tbody>\n<\/table>\n<p>&nbsp;<\/p>\n<p>Amb compra de l&#8217;equip L\u00e0ser Q-Switched ND Yag Adonis System inclou:<br \/>\n\u2022 Filtres amb tres longituds d&#8217;ona: 532nm, 1320nm i 1064nm<br \/>\n\u2022 Ulleres de protecci\u00f3 per al t\u00e8cnic<br \/>\n\u2022 Ulleres de protecci\u00f3 per al client<br \/>\n\u2022 Moble per a l&#8217;equip<br \/>\n\u2022 Dossier de l&#8217;equip<br \/>\n\u2022 Fitxes de treball<br \/>\n\u2022 Formaci\u00f3<br \/>\n\u2022 Publicitat: 1 Roll up de 85x200cm, 2 p\u00f2sters de 50x70cm i flyers<\/p>\n","protected":false},"excerpt":{"rendered":"<p>Qu\u00e8 \u00e9s el L\u00e0ser Q-Switched Neodimio Yag? La tecnologia Q-Swicthed treballa sobre la base de la fototerm\u00f2lisi selectiva. L&#8217;energia l\u00e0ser nom\u00e9s pot sortir en s\u00e8ries de polsos petits, amb temps d&#8217;exposici\u00f3 molt breus, que produeixen un dany t\u00e8rmic m\u00ednim, sense afectar el teixit adjacent. El L\u00e0ser Q-Switched Neodimio Yag emet una s\u00e8rie de polsos per&hellip;<\/p>\n","protected":false},"featured_media":2682,"template":"","meta":[],"product_brand":[],"product_cat":[617],"product_tag":[618,265],"class_list":{"0":"post-2665","1":"product","2":"type-product","3":"status-publish","4":"has-post-thumbnail","6":"product_cat-medicina-estetica-ca","7":"product_tag-aparatologia-medicina-estetica-ca","8":"product_tag-estetica-ca","9":"description-off","11":"first","12":"instock","13":"taxable","14":"shipping-taxable","15":"purchasable","16":"product-type-simple"},"_links":{"self":[{"href":"https:\/\/etecmed.com\/ca\/wp-json\/wp\/v2\/product\/2665","targetHints":{"allow":["GET"]}}],"collection":[{"href":"https:\/\/etecmed.com\/ca\/wp-json\/wp\/v2\/product"}],"about":[{"href":"https:\/\/etecmed.com\/ca\/wp-json\/wp\/v2\/types\/product"}],"wp:featuredmedia":[{"embeddable":true,"href":"https:\/\/etecmed.com\/ca\/wp-json\/wp\/v2\/media\/2682"}],"wp:attachment":[{"href":"https:\/\/etecmed.com\/ca\/wp-json\/wp\/v2\/media?parent=2665"}],"wp:term":[{"taxonomy":"product_brand","embeddable":true,"href":"https:\/\/etecmed.com\/ca\/wp-json\/wp\/v2\/product_brand?post=2665"},{"taxonomy":"product_cat","embeddable":true,"href":"https:\/\/etecmed.com\/ca\/wp-json\/wp\/v2\/product_cat?post=2665"},{"taxonomy":"product_tag","embeddable":true,"href":"https:\/\/etecmed.com\/ca\/wp-json\/wp\/v2\/product_tag?post=2665"}],"curies":[{"name":"wp","href":"https:\/\/api.w.org\/{rel}","templated":true}]}}