{"id":2659,"date":"2025-01-13T13:09:58","date_gmt":"2025-01-13T11:34:26","guid":{"rendered":"https:\/\/etecmed.com\/?post_type=product&#038;p=2659"},"modified":"2025-12-12T13:47:55","modified_gmt":"2025-12-12T11:47:55","slug":"2659","status":"publish","type":"product","link":"https:\/\/etecmed.com\/ca\/producte\/2659\/","title":{"rendered":"Radiofreq\u00fc\u00e8ncia Fraccionada amb Microagulles"},"content":{"rendered":"<p>La radiofreq\u00fc\u00e8ncia combinada amb microagulles permet aplicar l&#8217;energia de manera m\u00e9s localitzada a les capes m\u00e9s profundes de la pell, produint un efecte estimulador per a la producci\u00f3 de nou col\u00b7lagen i com a resultat, una pell m\u00e9s ferma, llisa i lluminosa amb un millor aspecte est\u00e8tic.<\/p>\n<p>A m\u00e9s, la Radiofreq\u00fc\u00e8ncia Fraccionada Adonis System disposa d&#8217;un man\u00edpul no invasiu de radiofreq\u00fc\u00e8ncia tradicional.<\/p>\n<p>&nbsp;<\/p>\n<p><strong>Tractaments:<\/strong><\/p>\n<p>Reafirmaci\u00f3 facial i corporal<br \/>\nCicatrius d&#8217;acne<br \/>\nPorus dilatat<br \/>\nEstries<br \/>\nArrugues fines i profundes<\/p>\n<p>&nbsp;<\/p>\n<p><strong>Caracter\u00edstiques t\u00e8cniques de l&#8217;equip:<\/strong><\/p>\n<table width=\"567\">\n<tbody>\n<tr>\n<td width=\"255\">Freq\u00fc\u00e8ncia RF<\/td>\n<td width=\"312\">5Mhz<\/td>\n<\/tr>\n<tr>\n<td width=\"255\">Intensitat \/ Energia<\/td>\n<td width=\"312\">1\u02dc10<\/td>\n<\/tr>\n<tr>\n<td width=\"255\">Pot\u00e8ncia<\/td>\n<td width=\"312\">80W<\/td>\n<\/tr>\n<tr>\n<td width=\"255\">Tipus d&#8217;agulla<\/td>\n<td width=\"312\">Ai\u00efllada (25, 49 y 81 pins)<\/td>\n<\/tr>\n<tr>\n<td width=\"255\">Profunditat agulles<\/td>\n<td width=\"312\">Entre 0,3mm y 4mm (ajustable)<\/td>\n<\/tr>\n<tr>\n<td width=\"255\">Voltatje<\/td>\n<td width=\"312\">110\/220V \u2013 50\/60Hz<\/td>\n<\/tr>\n<\/tbody>\n<\/table>\n<p>&nbsp;<\/p>\n<p>Amb compra de l&#8217;equip Radiofreq\u00fc\u00e8ncia Fraccionada amb Microagulles Adonis System inclou:<\/p>\n<p>10 agulles<br \/>\nDossier de l&#8217;equip<br \/>\nFitxes de treball<br \/>\nFormaci\u00f3 te\u00f2rica i pr\u00e0ctica<br \/>\nPublicitat: 1 Roll up de 85x200cm<\/p>\n","protected":false},"excerpt":{"rendered":"<p>La radiofreq\u00fc\u00e8ncia combinada amb microagulles permet aplicar l&#8217;energia de manera m\u00e9s localitzada a les capes m\u00e9s profundes de la pell, produint un efecte estimulador per a la producci\u00f3 de nou col\u00b7lagen i com a resultat, una pell m\u00e9s ferma, llisa i lluminosa amb un millor aspecte est\u00e8tic. A m\u00e9s, la Radiofreq\u00fc\u00e8ncia Fraccionada Adonis System disposa&hellip;<\/p>\n","protected":false},"featured_media":2678,"template":"","meta":[],"product_brand":[],"product_cat":[617],"product_tag":[618,265],"class_list":{"0":"post-2659","1":"product","2":"type-product","3":"status-publish","4":"has-post-thumbnail","6":"product_cat-medicina-estetica-ca","7":"product_tag-aparatologia-medicina-estetica-ca","8":"product_tag-estetica-ca","9":"description-off","11":"first","12":"instock","13":"taxable","14":"shipping-taxable","15":"purchasable","16":"product-type-simple"},"_links":{"self":[{"href":"https:\/\/etecmed.com\/ca\/wp-json\/wp\/v2\/product\/2659","targetHints":{"allow":["GET"]}}],"collection":[{"href":"https:\/\/etecmed.com\/ca\/wp-json\/wp\/v2\/product"}],"about":[{"href":"https:\/\/etecmed.com\/ca\/wp-json\/wp\/v2\/types\/product"}],"wp:featuredmedia":[{"embeddable":true,"href":"https:\/\/etecmed.com\/ca\/wp-json\/wp\/v2\/media\/2678"}],"wp:attachment":[{"href":"https:\/\/etecmed.com\/ca\/wp-json\/wp\/v2\/media?parent=2659"}],"wp:term":[{"taxonomy":"product_brand","embeddable":true,"href":"https:\/\/etecmed.com\/ca\/wp-json\/wp\/v2\/product_brand?post=2659"},{"taxonomy":"product_cat","embeddable":true,"href":"https:\/\/etecmed.com\/ca\/wp-json\/wp\/v2\/product_cat?post=2659"},{"taxonomy":"product_tag","embeddable":true,"href":"https:\/\/etecmed.com\/ca\/wp-json\/wp\/v2\/product_tag?post=2659"}],"curies":[{"name":"wp","href":"https:\/\/api.w.org\/{rel}","templated":true}]}}