{"id":2576,"date":"2024-11-07T15:37:58","date_gmt":"2024-11-07T13:37:58","guid":{"rendered":"https:\/\/etecmed.com\/product\/presoterapia-infrarrojo-electroestimulacion-s4f\/"},"modified":"2024-11-07T16:05:38","modified_gmt":"2024-11-07T14:05:38","slug":"presoterapia-infrarrojo-electroestimulacion-s4f","status":"publish","type":"product","link":"https:\/\/etecmed.com\/ca\/producte\/presoterapia-infrarrojo-electroestimulacion-s4f\/","title":{"rendered":"Pressoter\u00e0pia, Infraroig, Electroestimulaci\u00f3 S4F"},"content":{"rendered":"<p>Pantalla LED intu\u00eftiva i eficient, ofereix una manupulaci\u00f3 f\u00e0cil i prec\u00eds dels tractaments. Com que \u00e9s t\u00e0ctil facilita la manipulaci\u00f3 intu\u00eftiu i la personalitzaci\u00f3 d&#8217;ajustos i modes de funcionament.<\/p>\n<p>&nbsp;<\/p>\n<p><strong>Pressoter\u00e0pia<\/strong>: estimula la circulaci\u00f3 mitjan\u00e7ant l&#8217;aplicaci\u00f3 de compressi\u00f3 i descompressi\u00f3 sobre les diferents parts del cos.<\/p>\n<p>1 programa, amb 5 intensitats diferents<\/p>\n<p>&nbsp;<\/p>\n<p><strong>Drenatge Limf\u00e0tic<\/strong>: eliminaci\u00f3 dels l\u00edquids acumulats en edemes.<\/p>\n<p>2 programes, amb 5 intensitats diferents a cada programa<\/p>\n<p>&nbsp;<\/p>\n<p><strong>Electroestimulaci\u00f3<\/strong>: \u00e9s una t\u00e8cnica que produeix contraccions musculars. S&#8217;utilitza per modelar el contorn corporal en augmentar la tonicitat dels m\u00fasculs que presenten flacciditat.<\/p>\n<p>8 nivells de 15mA a 42mA, amb 5 ritmes diferents a cada nivell<\/p>\n<p>&nbsp;<\/p>\n<p><strong>Radiaci\u00f3 Infraroja<\/strong>: t\u00e9 com a principal objectiu augmentar la temperatura cut\u00e0nia amb el corresponent augment del metabolisme amb activaci\u00f3 de l&#8217;oxigenaci\u00f3 cel\u00b7lular.<\/p>\n<p>8 nivells de 32\u00baC a 64\u00baC<\/p>\n<p>&nbsp;<\/p>\n<p><em><strong>Cont\u00e9<\/strong>:<\/em><\/p>\n<p>1 Consola de sobretaula<\/p>\n<p>1 cable d&#8217;alimentaci\u00f3<\/p>\n<p>Inflables (2 peus, 2 cames, 1 abdomen i 2 bra\u00e7os)<\/p>\n<p>10 conductes d&#8217;aire que uneixen cada compartiment a la pressoter\u00e0pia<\/p>\n<p>5 cables que uneixen les plaques d&#8217;electroestimulaci\u00f3 amb la consola<\/p>\n<p>10 plaques (5 petites i 5 grans) d&#8217;electroestimulaci\u00f3<\/p>\n<p>10 cintes\/bandes per subjectar les plaques d&#8217;electroestimulaci\u00f3<\/p>\n<p>5 cables de connexi\u00f3 per a la radiaci\u00f3 infraroja<\/p>\n<p>&nbsp;<\/p>\n<p>&nbsp;<\/p>\n<p>&nbsp;<\/p>\n<p><em><strong>Caracter\u00edstiques t\u00e8cniques de l&#8217;equip<\/strong><\/em>:<\/p>\n<p>Consum: 350W<\/p>\n<p>Mides equip: 47x34x17 cm<\/p>\n","protected":false},"excerpt":{"rendered":"<p>Pantalla LED intu\u00eftiva i eficient, ofereix una manupulaci\u00f3 f\u00e0cil i prec\u00eds dels tractaments. Com que \u00e9s t\u00e0ctil facilita la manipulaci\u00f3 intu\u00eftiu i la personalitzaci\u00f3 d&#8217;ajustos i modes de funcionament. &nbsp; Pressoter\u00e0pia: estimula la circulaci\u00f3 mitjan\u00e7ant l&#8217;aplicaci\u00f3 de compressi\u00f3 i descompressi\u00f3 sobre les diferents parts del cos. 1 programa, amb 5 intensitats diferents &nbsp; Drenatge Limf\u00e0tic:&hellip;<\/p>\n","protected":false},"featured_media":2553,"template":"","meta":[],"product_brand":[],"product_cat":[249],"product_tag":[265],"class_list":{"0":"post-2576","1":"product","2":"type-product","3":"status-publish","4":"has-post-thumbnail","6":"product_cat-equips-estetica","7":"product_tag-estetica-ca","8":"description-off","10":"first","11":"instock","12":"taxable","13":"shipping-taxable","14":"purchasable","15":"product-type-simple"},"_links":{"self":[{"href":"https:\/\/etecmed.com\/ca\/wp-json\/wp\/v2\/product\/2576","targetHints":{"allow":["GET"]}}],"collection":[{"href":"https:\/\/etecmed.com\/ca\/wp-json\/wp\/v2\/product"}],"about":[{"href":"https:\/\/etecmed.com\/ca\/wp-json\/wp\/v2\/types\/product"}],"wp:featuredmedia":[{"embeddable":true,"href":"https:\/\/etecmed.com\/ca\/wp-json\/wp\/v2\/media\/2553"}],"wp:attachment":[{"href":"https:\/\/etecmed.com\/ca\/wp-json\/wp\/v2\/media?parent=2576"}],"wp:term":[{"taxonomy":"product_brand","embeddable":true,"href":"https:\/\/etecmed.com\/ca\/wp-json\/wp\/v2\/product_brand?post=2576"},{"taxonomy":"product_cat","embeddable":true,"href":"https:\/\/etecmed.com\/ca\/wp-json\/wp\/v2\/product_cat?post=2576"},{"taxonomy":"product_tag","embeddable":true,"href":"https:\/\/etecmed.com\/ca\/wp-json\/wp\/v2\/product_tag?post=2576"}],"curies":[{"name":"wp","href":"https:\/\/api.w.org\/{rel}","templated":true}]}}