{"id":2353,"date":"2024-01-09T11:54:20","date_gmt":"2024-02-07T09:25:27","guid":{"rendered":"https:\/\/etecmed.com\/?post_type=product&#038;p=2353"},"modified":"2024-10-21T15:17:05","modified_gmt":"2024-10-21T13:17:05","slug":"fresa-de-silicona","status":"publish","type":"product","link":"https:\/\/etecmed.com\/ca\/producte\/fresa-de-silicona\/","title":{"rendered":"Fresa de silicona campana \u03a65.0 mm (M)"},"content":{"rendered":"<p>Amb forma de campana allisar\u00e0 les zones laterals de les mans i cut\u00edcules d&#8217;una manera delicada sense fer-les malb\u00e9 ni causar envermelliment.<\/p>\n<p>Forma: Campana<\/p>\n<p>Gra: Mitj\u00e0 #240<\/p>\n<p>Mides: \u03a65.0&#215;16.0x48.0 mm<\/p>\n<p>Presentaci\u00f3: 1 unitat<\/p>\n","protected":false},"excerpt":{"rendered":"<p>Amb forma de campana allisar\u00e0 les zones laterals de les mans i cut\u00edcules d&#8217;una manera delicada sense fer-les malb\u00e9 ni causar envermelliment. Forma: Campana Gra: Mitj\u00e0 #240 Mides: \u03a65.0&#215;16.0&#215;48.0 mm Presentaci\u00f3: 1 unitat<\/p>\n","protected":false},"featured_media":2269,"template":"","meta":[],"product_brand":[],"product_cat":[251],"product_tag":[404,405,279,265,322,325,323,281,431,324,283,284,352,285,286,327,328,373],"class_list":{"0":"post-2353","1":"product","2":"type-product","3":"status-publish","4":"has-post-thumbnail","6":"product_cat-freses-per-a-micromotors","7":"product_tag-alicates-manicura-ca","8":"product_tag-alicates-pedicura-ca","9":"product_tag-esmalte-semipermanente-ca","10":"product_tag-estetica-ca","11":"product_tag-fresas-manicura-ca","12":"product_tag-fresas-micromotores-ca","13":"product_tag-fresas-pedicura-ca","14":"product_tag-manicura-ca","15":"product_tag-micromotor-ca-2","16":"product_tag-micromotores-ca","17":"product_tag-pedicura-ca","18":"product_tag-peluqueria-ca","19":"product_tag-podologia-ca","20":"product_tag-secado-de-gel-ca","21":"product_tag-unas-ca","22":"product_tag-unas-acrilicas-ca","23":"product_tag-unas-artificiales-ca","24":"product_tag-unas-de-gel-ca","25":"description-off","27":"first","28":"instock","29":"taxable","30":"shipping-taxable","31":"purchasable","32":"product-type-simple"},"_links":{"self":[{"href":"https:\/\/etecmed.com\/ca\/wp-json\/wp\/v2\/product\/2353","targetHints":{"allow":["GET"]}}],"collection":[{"href":"https:\/\/etecmed.com\/ca\/wp-json\/wp\/v2\/product"}],"about":[{"href":"https:\/\/etecmed.com\/ca\/wp-json\/wp\/v2\/types\/product"}],"wp:featuredmedia":[{"embeddable":true,"href":"https:\/\/etecmed.com\/ca\/wp-json\/wp\/v2\/media\/2269"}],"wp:attachment":[{"href":"https:\/\/etecmed.com\/ca\/wp-json\/wp\/v2\/media?parent=2353"}],"wp:term":[{"taxonomy":"product_brand","embeddable":true,"href":"https:\/\/etecmed.com\/ca\/wp-json\/wp\/v2\/product_brand?post=2353"},{"taxonomy":"product_cat","embeddable":true,"href":"https:\/\/etecmed.com\/ca\/wp-json\/wp\/v2\/product_cat?post=2353"},{"taxonomy":"product_tag","embeddable":true,"href":"https:\/\/etecmed.com\/ca\/wp-json\/wp\/v2\/product_tag?post=2353"}],"curies":[{"name":"wp","href":"https:\/\/api.w.org\/{rel}","templated":true}]}}