{"id":1928,"date":"2016-02-03T17:25:47","date_gmt":"2016-02-03T15:25:47","guid":{"rendered":"https:\/\/etecmed.com\/product\/vaporizador-ozono-con-aromas-v-401\/"},"modified":"2024-10-22T14:18:12","modified_gmt":"2024-10-22T12:18:12","slug":"vaporitzador-ozo-amb-aromes-v-401","status":"publish","type":"product","link":"https:\/\/etecmed.com\/ca\/producte\/vaporitzador-ozo-amb-aromes-v-401\/","title":{"rendered":"Vaporitzador oz\u00f3 amb aromes V-401"},"content":{"rendered":"<p>El vapor s&#8217;utilitza per obrir els porus, netejar de c\u00e9l\u00b7lules mortes, alliberar toxines de la pell\u2026<\/p>\n<p>&nbsp;<\/p>\n<p>Es poden usar olis essencials en la sortida del vapor per a la seva aromatitzaci\u00f3.<\/p>\n<p>&nbsp;<\/p>\n<p>Generaci\u00f3 d&#8217;oz\u00f3 opcional<\/p>\n<p>Bra\u00e7 direccional<\/p>\n<p>Dip\u00f2sit de vidre, capacitat 1 litre<\/p>\n<p>Base molt estable amb 5 rodes en estrella<\/p>\n<p>&nbsp;<\/p>\n<p>&nbsp;<\/p>\n<p><strong>Caracter\u00edstiques t\u00e8cniques de l&#8217;aparell:<\/strong><\/p>\n<p>Consum: 750W<\/p>\n","protected":false},"excerpt":{"rendered":"<p>El vapor s&#8217;utilitza per obrir els porus, netejar de c\u00e9l\u00b7lules mortes, alliberar toxines de la pell\u2026 &nbsp; Es poden usar olis essencials en la sortida del vapor per a la seva aromatitzaci\u00f3. &nbsp; Generaci\u00f3 d&#8217;oz\u00f3 opcional Bra\u00e7 direccional Dip\u00f2sit de vidre, capacitat 1 litre Base molt estable amb 5 rodes en estrella &nbsp; &nbsp; Caracter\u00edstiques&hellip;<\/p>\n","protected":false},"featured_media":1133,"template":"","meta":[],"product_brand":[],"product_cat":[249],"product_tag":[583,265,297,302,569,584],"class_list":{"0":"post-1928","1":"product","2":"type-product","3":"status-publish","4":"has-post-thumbnail","6":"product_cat-equips-estetica","7":"product_tag-aromas-ca","8":"product_tag-estetica-ca","9":"product_tag-exfoliacion-ca","10":"product_tag-limpieza-ca","11":"product_tag-ozono-ca","12":"product_tag-vapor-ca","13":"description-off","15":"first","16":"outofstock","17":"taxable","18":"shipping-taxable","19":"purchasable","20":"product-type-simple"},"_links":{"self":[{"href":"https:\/\/etecmed.com\/ca\/wp-json\/wp\/v2\/product\/1928","targetHints":{"allow":["GET"]}}],"collection":[{"href":"https:\/\/etecmed.com\/ca\/wp-json\/wp\/v2\/product"}],"about":[{"href":"https:\/\/etecmed.com\/ca\/wp-json\/wp\/v2\/types\/product"}],"wp:featuredmedia":[{"embeddable":true,"href":"https:\/\/etecmed.com\/ca\/wp-json\/wp\/v2\/media\/1133"}],"wp:attachment":[{"href":"https:\/\/etecmed.com\/ca\/wp-json\/wp\/v2\/media?parent=1928"}],"wp:term":[{"taxonomy":"product_brand","embeddable":true,"href":"https:\/\/etecmed.com\/ca\/wp-json\/wp\/v2\/product_brand?post=1928"},{"taxonomy":"product_cat","embeddable":true,"href":"https:\/\/etecmed.com\/ca\/wp-json\/wp\/v2\/product_cat?post=1928"},{"taxonomy":"product_tag","embeddable":true,"href":"https:\/\/etecmed.com\/ca\/wp-json\/wp\/v2\/product_tag?post=1928"}],"curies":[{"name":"wp","href":"https:\/\/api.w.org\/{rel}","templated":true}]}}