{"id":1926,"date":"2016-02-04T13:20:47","date_gmt":"2016-02-04T11:20:47","guid":{"rendered":"https:\/\/etecmed.com\/product\/equipo-facial-4-funciones\/"},"modified":"2025-04-01T10:55:45","modified_gmt":"2025-04-01T08:55:45","slug":"equip-facial-4-funcions","status":"publish","type":"product","link":"https:\/\/etecmed.com\/ca\/producte\/equip-facial-4-funcions\/","title":{"rendered":"Equip facial 4 funcions"},"content":{"rendered":"<p>Equip facial d&#8217;us f\u00e0cil, ideal per a un treball complet en la seva cabina:<\/p>\n<p>Alta freq\u00fc\u00e8ncia<\/p>\n<p>Galv\u00e0nica<\/p>\n<p>Succionador\/Ventoses<\/p>\n<p>Pulveritzador<\/p>\n<p>&nbsp;<\/p>\n<p><strong>Cont\u00e9:<\/strong><\/p>\n<p>Aparell &#8211; panell de control.<\/p>\n<p>Safata per a posar els accessoris.<\/p>\n<p>Alta freq\u00fc\u00e8ncia:<\/p>\n<ul>\n<li>1 man\u00edpul per a treballar els electrodes<\/li>\n<li>3 electrodes de vidre: bolet, cullera, punta rodona<\/li>\n<\/ul>\n<p>Galv\u00e0nica:<\/p>\n<ul>\n<li>Electrode barra<\/li>\n<li>Electrode amb 3 cap\u00e7als intercanviables<\/li>\n<\/ul>\n<p>Succionador\/Ventoses:<\/p>\n<ul>\n<li>1 tub de silicona<\/li>\n<li>3 ventoses facials<\/li>\n<\/ul>\n<p>Pulveritzador:<\/p>\n<ul>\n<li>1 tub de silicona<\/li>\n<li>2 ampolles pulveritzadores<\/li>\n<\/ul>\n<p>&nbsp;<\/p>\n<p><strong>Caracter\u00edstiques t\u00e8cniques de l&#8217;aparell:<\/strong><\/p>\n<p>Pot\u00e8ncia: 45W<\/p>\n<p>Mides de l&#8217;aparell: 28,5x30x15 cm<\/p>\n","protected":false},"excerpt":{"rendered":"<p>Equip facial d&#8217;us f\u00e0cil, ideal per a un treball complet en la seva cabina: Alta freq\u00fc\u00e8ncia Galv\u00e0nica Succionador\/Ventoses Pulveritzador &nbsp; Cont\u00e9: Aparell &#8211; panell de control. Safata per a posar els accessoris. Alta freq\u00fc\u00e8ncia: 1 man\u00edpul per a treballar els electrodes 3 electrodes de vidre: bolet, cullera, punta rodona Galv\u00e0nica: Electrode barra Electrode amb 3&hellip;<\/p>\n","protected":false},"featured_media":1411,"template":"","meta":[],"product_brand":[],"product_cat":[249],"product_tag":[296,265,297,298,299,300,301,302,303,578,579,580],"class_list":{"0":"post-1926","1":"product","2":"type-product","3":"status-publish","4":"has-post-thumbnail","6":"product_cat-equips-estetica","7":"product_tag-alta-frecuencia-ca","8":"product_tag-estetica-ca","9":"product_tag-exfoliacion-ca","10":"product_tag-facial-ca","11":"product_tag-galvanica-ca","12":"product_tag-germicida-ca","13":"product_tag-hf-ca-2","14":"product_tag-limpieza-ca","15":"product_tag-principios-activos-ca","16":"product_tag-pulverizador-ca","17":"product_tag-succionador-ca","18":"product_tag-ventosas-ca","19":"description-off","21":"first","22":"instock","23":"taxable","24":"shipping-taxable","25":"purchasable","26":"product-type-simple"},"_links":{"self":[{"href":"https:\/\/etecmed.com\/ca\/wp-json\/wp\/v2\/product\/1926","targetHints":{"allow":["GET"]}}],"collection":[{"href":"https:\/\/etecmed.com\/ca\/wp-json\/wp\/v2\/product"}],"about":[{"href":"https:\/\/etecmed.com\/ca\/wp-json\/wp\/v2\/types\/product"}],"wp:featuredmedia":[{"embeddable":true,"href":"https:\/\/etecmed.com\/ca\/wp-json\/wp\/v2\/media\/1411"}],"wp:attachment":[{"href":"https:\/\/etecmed.com\/ca\/wp-json\/wp\/v2\/media?parent=1926"}],"wp:term":[{"taxonomy":"product_brand","embeddable":true,"href":"https:\/\/etecmed.com\/ca\/wp-json\/wp\/v2\/product_brand?post=1926"},{"taxonomy":"product_cat","embeddable":true,"href":"https:\/\/etecmed.com\/ca\/wp-json\/wp\/v2\/product_cat?post=1926"},{"taxonomy":"product_tag","embeddable":true,"href":"https:\/\/etecmed.com\/ca\/wp-json\/wp\/v2\/product_tag?post=1926"}],"curies":[{"name":"wp","href":"https:\/\/api.w.org\/{rel}","templated":true}]}}