{"id":1921,"date":"2016-02-04T17:06:39","date_gmt":"2016-02-04T15:06:39","guid":{"rendered":"https:\/\/etecmed.com\/product\/brossage-nv-204\/"},"modified":"2024-10-22T14:29:21","modified_gmt":"2024-10-22T12:29:21","slug":"brossage-nv-204","status":"publish","type":"product","link":"https:\/\/etecmed.com\/ca\/producte\/brossage-nv-204\/","title":{"rendered":"Brossage NV-204"},"content":{"rendered":"<p>El Brossage \u00e9s ideal per a realitzar una exfoliaci\u00f3 de la pell.<\/p>\n<p>&nbsp;<\/p>\n<p><strong>Cont\u00e9:<\/strong><\/p>\n<p>Aparell &#8211; panell de control.<\/p>\n<p>5 cap\u00e7als de diferents textures i mides<\/p>\n<p>&nbsp;<\/p>\n<p><strong>Caracter\u00edstiques t\u00e8cniques de l&#8217;aparell:<\/strong><\/p>\n<p>Consum: 45W<\/p>\n<p>Mides de l&#8217;aparell: 28,5x30x15 cm<\/p>\n","protected":false},"excerpt":{"rendered":"<p>El Brossage \u00e9s ideal per a realitzar una exfoliaci\u00f3 de la pell. &nbsp; Cont\u00e9: Aparell &#8211; panell de control. 5 cap\u00e7als de diferents textures i mides &nbsp; Caracter\u00edstiques t\u00e8cniques de l&#8217;aparell: Consum: 45W Mides de l&#8217;aparell: 28,5x30x15 cm<\/p>\n","protected":false},"featured_media":1407,"template":"","meta":[],"product_brand":[],"product_cat":[249],"product_tag":[395,265,297,298,302,334],"class_list":{"0":"post-1921","1":"product","2":"type-product","3":"status-publish","4":"has-post-thumbnail","6":"product_cat-equips-estetica","7":"product_tag-brossage-ca-2","8":"product_tag-estetica-ca","9":"product_tag-exfoliacion-ca","10":"product_tag-facial-ca","11":"product_tag-limpieza-ca","12":"product_tag-peeling-ca","13":"description-off","15":"first","16":"outofstock","17":"taxable","18":"shipping-taxable","19":"purchasable","20":"product-type-simple"},"_links":{"self":[{"href":"https:\/\/etecmed.com\/ca\/wp-json\/wp\/v2\/product\/1921","targetHints":{"allow":["GET"]}}],"collection":[{"href":"https:\/\/etecmed.com\/ca\/wp-json\/wp\/v2\/product"}],"about":[{"href":"https:\/\/etecmed.com\/ca\/wp-json\/wp\/v2\/types\/product"}],"wp:featuredmedia":[{"embeddable":true,"href":"https:\/\/etecmed.com\/ca\/wp-json\/wp\/v2\/media\/1407"}],"wp:attachment":[{"href":"https:\/\/etecmed.com\/ca\/wp-json\/wp\/v2\/media?parent=1921"}],"wp:term":[{"taxonomy":"product_brand","embeddable":true,"href":"https:\/\/etecmed.com\/ca\/wp-json\/wp\/v2\/product_brand?post=1921"},{"taxonomy":"product_cat","embeddable":true,"href":"https:\/\/etecmed.com\/ca\/wp-json\/wp\/v2\/product_cat?post=1921"},{"taxonomy":"product_tag","embeddable":true,"href":"https:\/\/etecmed.com\/ca\/wp-json\/wp\/v2\/product_tag?post=1921"}],"curies":[{"name":"wp","href":"https:\/\/api.w.org\/{rel}","templated":true}]}}