{"id":1919,"date":"2016-02-04T17:18:07","date_gmt":"2016-02-04T15:18:07","guid":{"rendered":"https:\/\/etecmed.com\/product\/galvanica-nv-303\/"},"modified":"2025-08-01T00:06:41","modified_gmt":"2025-07-31T22:06:41","slug":"galvanica-nv-303","status":"publish","type":"product","link":"https:\/\/etecmed.com\/ca\/producte\/galvanica-nv-303\/","title":{"rendered":"Galv\u00e0nica NV-303"},"content":{"rendered":"<p>La Galv\u00e0nica permet una penetraci\u00f3 profunda de les subst\u00e0ncies actives a qualsevol zona de la pell per ionitzaci\u00f3.<\/p>\n<p>&nbsp;<\/p>\n<p><strong>Cont\u00e9:<\/strong><\/p>\n<p>Aparell &#8211; panell de control<\/p>\n<p>Electrode barra<\/p>\n<p>Electrode amb 3 cap\u00e7als intercanviables<\/p>\n<p>&nbsp;<\/p>\n<p><strong>Caracter\u00edstiques t\u00e8cniques de l&#8217;aparell:<\/strong><\/p>\n<p>Consum: 13,5 W<\/p>\n<p>Mides de l&#8217;aparell: 28,5x30x15 cm<\/p>\n","protected":false},"excerpt":{"rendered":"<p>La Galv\u00e0nica permet una penetraci\u00f3 profunda de les subst\u00e0ncies actives a qualsevol zona de la pell per ionitzaci\u00f3. &nbsp; Cont\u00e9: Aparell &#8211; panell de control Electrode barra Electrode amb 3 cap\u00e7als intercanviables &nbsp; Caracter\u00edstiques t\u00e8cniques de l&#8217;aparell: Consum: 13,5 W Mides de l&#8217;aparell: 28,5x30x15 cm<\/p>\n","protected":false},"featured_media":1405,"template":"","meta":[],"product_brand":[],"product_cat":[249,257],"product_tag":[559,265,299,560,561,562],"class_list":{"0":"post-1919","1":"product","2":"type-product","3":"status-publish","4":"has-post-thumbnail","6":"product_cat-equips-estetica","7":"product_cat-promocions","8":"product_tag-desincrustacion-ca","9":"product_tag-estetica-ca","10":"product_tag-galvanica-ca","11":"product_tag-negativa-ca","12":"product_tag-penetracion-ca","13":"product_tag-positiva-ca","14":"description-off","16":"first","17":"instock","18":"sale","19":"taxable","20":"shipping-taxable","21":"purchasable","22":"product-type-simple"},"_links":{"self":[{"href":"https:\/\/etecmed.com\/ca\/wp-json\/wp\/v2\/product\/1919","targetHints":{"allow":["GET"]}}],"collection":[{"href":"https:\/\/etecmed.com\/ca\/wp-json\/wp\/v2\/product"}],"about":[{"href":"https:\/\/etecmed.com\/ca\/wp-json\/wp\/v2\/types\/product"}],"wp:featuredmedia":[{"embeddable":true,"href":"https:\/\/etecmed.com\/ca\/wp-json\/wp\/v2\/media\/1405"}],"wp:attachment":[{"href":"https:\/\/etecmed.com\/ca\/wp-json\/wp\/v2\/media?parent=1919"}],"wp:term":[{"taxonomy":"product_brand","embeddable":true,"href":"https:\/\/etecmed.com\/ca\/wp-json\/wp\/v2\/product_brand?post=1919"},{"taxonomy":"product_cat","embeddable":true,"href":"https:\/\/etecmed.com\/ca\/wp-json\/wp\/v2\/product_cat?post=1919"},{"taxonomy":"product_tag","embeddable":true,"href":"https:\/\/etecmed.com\/ca\/wp-json\/wp\/v2\/product_tag?post=1919"}],"curies":[{"name":"wp","href":"https:\/\/api.w.org\/{rel}","templated":true}]}}