{"id":1918,"date":"2016-02-05T09:30:05","date_gmt":"2016-02-05T07:30:05","guid":{"rendered":"https:\/\/etecmed.com\/product\/peeling-ultrasonico-skin-scrubber\/"},"modified":"2025-04-01T10:56:53","modified_gmt":"2025-04-01T08:56:53","slug":"peeling-ultrasonic-skin-scrubber","status":"publish","type":"product","link":"https:\/\/etecmed.com\/ca\/producte\/peeling-ultrasonic-skin-scrubber\/","title":{"rendered":"Skin Scrubber &#8211; Peeling facial amb esp\u00e0tula"},"content":{"rendered":"<p>El Peeling Ultras\u00f2nic o Skin Scrubber \u00e9s ideal per a realitzar tractaments d&#8217;exfoliaci\u00f3 i penetraci\u00f3 de producte.<\/p>\n<p>&nbsp;<\/p>\n<p><strong>Cont\u00e9:<\/strong><\/p>\n<p>Panell de control<\/p>\n<p>1 Esp\u00e0tula Skin Scrubber<\/p>\n<p>&nbsp;<\/p>\n<p><strong>Caracter\u00edstiques t\u00e8cniques de l&#8217;aparell:<\/strong><\/p>\n<p>Freq\u00fc\u00e8ncia: 1MHz<\/p>\n<p>Modes de treball: continu o polsat<\/p>\n<p>Consum: 13,5W<\/p>\n<p>&nbsp;<\/p>\n<p>Mides de l&#8217;aparell: 28,5x30x15 cm<\/p>\n","protected":false},"excerpt":{"rendered":"<p>El Peeling Ultras\u00f2nic o Skin Scrubber \u00e9s ideal per a realitzar tractaments d&#8217;exfoliaci\u00f3 i penetraci\u00f3 de producte. &nbsp; Cont\u00e9: Panell de control 1 Esp\u00e0tula Skin Scrubber &nbsp; Caracter\u00edstiques t\u00e8cniques de l&#8217;aparell: Freq\u00fc\u00e8ncia: 1MHz Modes de treball: continu o polsat Consum: 13,5W &nbsp; Mides de l&#8217;aparell: 28,5x30x15 cm<\/p>\n","protected":false},"featured_media":1403,"template":"","meta":[],"product_brand":[],"product_cat":[249],"product_tag":[332,333,265,297,302,334,335,336],"class_list":{"0":"post-1918","1":"product","2":"type-product","3":"status-publish","4":"has-post-thumbnail","6":"product_cat-equips-estetica","7":"product_tag-diatermia-ca","8":"product_tag-espatula-ca","9":"product_tag-estetica-ca","10":"product_tag-exfoliacion-ca","11":"product_tag-limpieza-ca","12":"product_tag-peeling-ca","13":"product_tag-skin-scrubber-ca","14":"product_tag-ultrasonico-ca","15":"description-off","17":"first","18":"instock","19":"taxable","20":"shipping-taxable","21":"purchasable","22":"product-type-simple"},"_links":{"self":[{"href":"https:\/\/etecmed.com\/ca\/wp-json\/wp\/v2\/product\/1918","targetHints":{"allow":["GET"]}}],"collection":[{"href":"https:\/\/etecmed.com\/ca\/wp-json\/wp\/v2\/product"}],"about":[{"href":"https:\/\/etecmed.com\/ca\/wp-json\/wp\/v2\/types\/product"}],"wp:featuredmedia":[{"embeddable":true,"href":"https:\/\/etecmed.com\/ca\/wp-json\/wp\/v2\/media\/1403"}],"wp:attachment":[{"href":"https:\/\/etecmed.com\/ca\/wp-json\/wp\/v2\/media?parent=1918"}],"wp:term":[{"taxonomy":"product_brand","embeddable":true,"href":"https:\/\/etecmed.com\/ca\/wp-json\/wp\/v2\/product_brand?post=1918"},{"taxonomy":"product_cat","embeddable":true,"href":"https:\/\/etecmed.com\/ca\/wp-json\/wp\/v2\/product_cat?post=1918"},{"taxonomy":"product_tag","embeddable":true,"href":"https:\/\/etecmed.com\/ca\/wp-json\/wp\/v2\/product_tag?post=1918"}],"curies":[{"name":"wp","href":"https:\/\/api.w.org\/{rel}","templated":true}]}}