{"id":1916,"date":"2016-02-05T09:46:31","date_gmt":"2016-02-05T07:46:31","guid":{"rendered":"https:\/\/etecmed.com\/product\/microdermoabrasion-puntas-de-diamante\/"},"modified":"2024-10-22T14:41:13","modified_gmt":"2024-10-22T12:41:13","slug":"microdermoabrasio-puntes-de-diamant","status":"publish","type":"product","link":"https:\/\/etecmed.com\/ca\/producte\/microdermoabrasio-puntes-de-diamant\/","title":{"rendered":"Microdermoabrasi\u00f3 puntes de diamant"},"content":{"rendered":"<p>La Microdermoabrasi\u00f3 exfolia la pell utilizant puntes de diamant que actuen mitjan\u00e7ant el tallat continu i l&#8217;aspirat de la capa m\u00e9s superficial de la pell.<\/p>\n<p>&nbsp;<\/p>\n<p><strong>Avantatges:<\/strong><\/p>\n<ul>\n<li>Recuperaci\u00f3 de la qualitat de la pell i repara la pell sana.<\/li>\n<li>Atenua les arrugues, enduriment i envelliment de la pell.<\/li>\n<li>Millora les l\u00ednies d&#8217;expressi\u00f3 y la pell fl\u00e0ccida.<\/li>\n<li>Millora porus oberts, petites cicatrius i esquerdes c\u00f2ncaves.<\/li>\n<li>Peeling facial i corporal.<\/li>\n<li>Redueix: acn\u00e9, taques menors del sol i de l&#8217;embar\u00e0s, estries, cel\u00b7lulitis, codi de barres, pells seborreiques, seq\u00fceles de la varicel\u00b7la, callositats.<\/li>\n<li>Estimula la circulaci\u00f3 i metabolisme de la sang.<\/li>\n<li>No ocasiona irritaci\u00f3, no representa un dolor fort, no precisa anest\u00e8sia.<\/li>\n<li>Adequada per a diferents tipus de pell, inclusivament a pells sensibles.<\/li>\n<li>S&#8217;aplica f\u00e0cilment, no t\u00e9 efectes secundaris, \u00e9s segura i fiable.<\/li>\n<li>Es poden observar resultats des de la primera aplicaci\u00f3.<\/li>\n<li>No \u00e9s necessari temps de recuperaci\u00f3 despr\u00e9s del tractament, podent reincorporar-se immediatament a les tasques o ocupacions habituals.<\/li>\n<\/ul>\n<p>&nbsp;<\/p>\n<p><strong>Cont\u00e9:<\/strong><\/p>\n<p>Joc de 2 c\u00e0nules<\/p>\n<p>Conjunt de 9 discos\/cap\u00e7als puntes de diamant de 7 calibres diferents<\/p>\n<p>1 tub de silicona<\/p>\n<p>2 packs de filtres de cot\u00f3 (1 gran i 1 petit)<\/p>\n<p>&nbsp;<\/p>\n<p><strong>Caracter\u00edstiques t\u00e8cniques de l&#8217;aparell:<\/strong><\/p>\n<p>Pressi\u00f3: 75cm Hg<\/p>\n<p>Consum: 45W<\/p>\n<p>Mides de l&#8217;aparell: 28.5x30x15 cm<\/p>\n<p>&nbsp;<\/p>\n","protected":false},"excerpt":{"rendered":"<p>La Microdermoabrasi\u00f3 exfolia la pell utilizant puntes de diamant que actuen mitjan\u00e7ant el tallat continu i l&#8217;aspirat de la capa m\u00e9s superficial de la pell. &nbsp; Avantatges: Recuperaci\u00f3 de la qualitat de la pell i repara la pell sana. Atenua les arrugues, enduriment i envelliment de la pell. Millora les l\u00ednies d&#8217;expressi\u00f3 y la pell&hellip;<\/p>\n","protected":false},"featured_media":1401,"template":"","meta":[],"product_brand":[],"product_cat":[249],"product_tag":[297,298,302,557,558],"class_list":{"0":"post-1916","1":"product","2":"type-product","3":"status-publish","4":"has-post-thumbnail","6":"product_cat-equips-estetica","7":"product_tag-exfoliacion-ca","8":"product_tag-facial-ca","9":"product_tag-limpieza-ca","10":"product_tag-microdermoabrasion-ca","11":"product_tag-puntas-de-diamante-ca","12":"description-off","14":"first","15":"instock","16":"taxable","17":"shipping-taxable","18":"purchasable","19":"product-type-simple"},"_links":{"self":[{"href":"https:\/\/etecmed.com\/ca\/wp-json\/wp\/v2\/product\/1916","targetHints":{"allow":["GET"]}}],"collection":[{"href":"https:\/\/etecmed.com\/ca\/wp-json\/wp\/v2\/product"}],"about":[{"href":"https:\/\/etecmed.com\/ca\/wp-json\/wp\/v2\/types\/product"}],"wp:featuredmedia":[{"embeddable":true,"href":"https:\/\/etecmed.com\/ca\/wp-json\/wp\/v2\/media\/1401"}],"wp:attachment":[{"href":"https:\/\/etecmed.com\/ca\/wp-json\/wp\/v2\/media?parent=1916"}],"wp:term":[{"taxonomy":"product_brand","embeddable":true,"href":"https:\/\/etecmed.com\/ca\/wp-json\/wp\/v2\/product_brand?post=1916"},{"taxonomy":"product_cat","embeddable":true,"href":"https:\/\/etecmed.com\/ca\/wp-json\/wp\/v2\/product_cat?post=1916"},{"taxonomy":"product_tag","embeddable":true,"href":"https:\/\/etecmed.com\/ca\/wp-json\/wp\/v2\/product_tag?post=1916"}],"curies":[{"name":"wp","href":"https:\/\/api.w.org\/{rel}","templated":true}]}}