{"id":1913,"date":"2016-02-05T11:05:51","date_gmt":"2016-02-05T09:05:51","guid":{"rendered":"https:\/\/etecmed.com\/product\/manta-sco-infrarrojo\/"},"modified":"2024-10-22T14:50:49","modified_gmt":"2024-10-22T12:50:49","slug":"manta-sco-infrarrojo","status":"publish","type":"product","link":"https:\/\/etecmed.com\/ca\/producte\/manta-sco-infrarrojo\/","title":{"rendered":"Manta sac infraroig"},"content":{"rendered":"<p>La Manta Sac Infraroig \u00e9s ideal per a tractaments anticel\u00b7lul\u00edtics, reducci\u00f3 de volum i eliminaci\u00f3 de greixos superflus.<\/p>\n<p>&nbsp;<\/p>\n<p><strong>Cont\u00e9:<\/strong><\/p>\n<ul>\n<li>Panell de control, on es pot graduar, tant la intensitat de la temperatura, com la zona on es vol treballar, a la vegada o independenment (cames, abdomen, t\u00f2rax)<\/li>\n<li>Manta sac amb bandes d&#8217;infraroig<\/li>\n<\/ul>\n<p>&nbsp;<\/p>\n<p><strong>Caracter\u00edstiques t\u00e8cniques de l&#8217;aparell:<\/strong><\/p>\n<p>Temperatura: 25\u00baC a 70\u00baC<\/p>\n<p>Consum: 800W<\/p>\n<p>Mides de l&#8217;aparell: 22,5x18x7,5 cm<\/p>\n<p>Mides de la manta: 177&#215;88 cm<\/p>\n<p>Pes de l&#8217;aparell: 1 kg<\/p>\n<p>Pes de la manta: 7,5 kg<\/p>\n<p>&nbsp;<\/p>\n","protected":false},"excerpt":{"rendered":"<p>La Manta Sac Infraroig \u00e9s ideal per a tractaments anticel\u00b7lul\u00edtics, reducci\u00f3 de volum i eliminaci\u00f3 de greixos superflus. &nbsp; Cont\u00e9: Panell de control, on es pot graduar, tant la intensitat de la temperatura, com la zona on es vol treballar, a la vegada o independenment (cames, abdomen, t\u00f2rax) Manta sac amb bandes d&#8217;infraroig &nbsp; Caracter\u00edstiques&hellip;<\/p>\n","protected":false},"featured_media":1399,"template":"","meta":[],"product_brand":[],"product_cat":[249],"product_tag":[522,342,265,547,553],"class_list":{"0":"post-1913","1":"product","2":"type-product","3":"status-publish","4":"has-post-thumbnail","6":"product_cat-equips-estetica","7":"product_tag-calor-ca","8":"product_tag-celulitis-ca","9":"product_tag-estetica-ca","10":"product_tag-infrarrojo-ca","11":"product_tag-manta-saco-ca","12":"description-off","14":"first","15":"outofstock","16":"taxable","17":"shipping-taxable","18":"purchasable","19":"product-type-simple"},"_links":{"self":[{"href":"https:\/\/etecmed.com\/ca\/wp-json\/wp\/v2\/product\/1913","targetHints":{"allow":["GET"]}}],"collection":[{"href":"https:\/\/etecmed.com\/ca\/wp-json\/wp\/v2\/product"}],"about":[{"href":"https:\/\/etecmed.com\/ca\/wp-json\/wp\/v2\/types\/product"}],"wp:featuredmedia":[{"embeddable":true,"href":"https:\/\/etecmed.com\/ca\/wp-json\/wp\/v2\/media\/1399"}],"wp:attachment":[{"href":"https:\/\/etecmed.com\/ca\/wp-json\/wp\/v2\/media?parent=1913"}],"wp:term":[{"taxonomy":"product_brand","embeddable":true,"href":"https:\/\/etecmed.com\/ca\/wp-json\/wp\/v2\/product_brand?post=1913"},{"taxonomy":"product_cat","embeddable":true,"href":"https:\/\/etecmed.com\/ca\/wp-json\/wp\/v2\/product_cat?post=1913"},{"taxonomy":"product_tag","embeddable":true,"href":"https:\/\/etecmed.com\/ca\/wp-json\/wp\/v2\/product_tag?post=1913"}],"curies":[{"name":"wp","href":"https:\/\/api.w.org\/{rel}","templated":true}]}}