{"id":1909,"date":"2016-02-05T12:00:37","date_gmt":"2016-02-05T10:00:37","guid":{"rendered":"https:\/\/etecmed.com\/product\/equipo-para-masaje-con-infrarrojo\/"},"modified":"2024-10-22T14:46:41","modified_gmt":"2024-10-22T12:46:41","slug":"equip-per-masatge-amb-infrarroig","status":"publish","type":"product","link":"https:\/\/etecmed.com\/ca\/producte\/equip-per-masatge-amb-infrarroig\/","title":{"rendered":"Equip de massatge amb infrarroig"},"content":{"rendered":"<p>Equip de massatge de vibraci\u00f3 amb infraroig d&#8217;alta freq\u00fc\u00e8ncia que proporciona sensaci\u00f3 de benestar. La utilitzaci\u00f3 d&#8217;aquest equip ajuda a reduir el cansament i els dolors lleus.<\/p>\n<p>El m\u00e0nec t\u00e9 prou longitud per a una f\u00e0cil manipulaci\u00f3 i baix nivell de soroll, i pot ser utilitzat per professionals o \u00fas dom\u00e8stic<\/p>\n<p>&nbsp;<\/p>\n<p><strong>Accessoris:<\/strong><\/p>\n<ul>\n<li>2 cap\u00e7as intercanviables<\/li>\n<li>m\u00e0nec extra\u00efble<\/li>\n<\/ul>\n<p>&nbsp;<\/p>\n<p><strong>Caracter\u00edstiques t\u00e8cniques de l&#8217;aparell:<\/strong><\/p>\n<p>Consum: 25W<\/p>\n","protected":false},"excerpt":{"rendered":"<p>Equip de massatge de vibraci\u00f3 amb infraroig d&#8217;alta freq\u00fc\u00e8ncia que proporciona sensaci\u00f3 de benestar. La utilitzaci\u00f3 d&#8217;aquest equip ajuda a reduir el cansament i els dolors lleus. El m\u00e0nec t\u00e9 prou longitud per a una f\u00e0cil manipulaci\u00f3 i baix nivell de soroll, i pot ser utilitzat per professionals o \u00fas dom\u00e8stic &nbsp; Accessoris: 2 cap\u00e7as&hellip;<\/p>\n","protected":false},"featured_media":1395,"template":"","meta":[],"product_brand":[],"product_cat":[249],"product_tag":[315,265,547,266,267,548],"class_list":{"0":"post-1909","1":"product","2":"type-product","3":"status-publish","4":"has-post-thumbnail","6":"product_cat-equips-estetica","7":"product_tag-bienestar-ca","8":"product_tag-estetica-ca","9":"product_tag-infrarrojo-ca","10":"product_tag-ir-ca-2","11":"product_tag-masaje-ca","12":"product_tag-vibracion-ca","13":"description-off","15":"first","16":"instock","17":"taxable","18":"shipping-taxable","19":"purchasable","20":"product-type-simple"},"_links":{"self":[{"href":"https:\/\/etecmed.com\/ca\/wp-json\/wp\/v2\/product\/1909","targetHints":{"allow":["GET"]}}],"collection":[{"href":"https:\/\/etecmed.com\/ca\/wp-json\/wp\/v2\/product"}],"about":[{"href":"https:\/\/etecmed.com\/ca\/wp-json\/wp\/v2\/types\/product"}],"wp:featuredmedia":[{"embeddable":true,"href":"https:\/\/etecmed.com\/ca\/wp-json\/wp\/v2\/media\/1395"}],"wp:attachment":[{"href":"https:\/\/etecmed.com\/ca\/wp-json\/wp\/v2\/media?parent=1909"}],"wp:term":[{"taxonomy":"product_brand","embeddable":true,"href":"https:\/\/etecmed.com\/ca\/wp-json\/wp\/v2\/product_brand?post=1909"},{"taxonomy":"product_cat","embeddable":true,"href":"https:\/\/etecmed.com\/ca\/wp-json\/wp\/v2\/product_cat?post=1909"},{"taxonomy":"product_tag","embeddable":true,"href":"https:\/\/etecmed.com\/ca\/wp-json\/wp\/v2\/product_tag?post=1909"}],"curies":[{"name":"wp","href":"https:\/\/api.w.org\/{rel}","templated":true}]}}