{"id":1906,"date":"2016-02-05T12:32:58","date_gmt":"2016-02-05T10:32:58","guid":{"rendered":"https:\/\/etecmed.com\/product\/presoterapia-st\/"},"modified":"2025-04-01T10:52:11","modified_gmt":"2025-04-01T08:52:11","slug":"pressoterapia-st","status":"publish","type":"product","link":"https:\/\/etecmed.com\/ca\/producte\/pressoterapia-st\/","title":{"rendered":"Pressoter\u00e0pia AP"},"content":{"rendered":"<p>Pressoter\u00e0pia AP ideal per a realitzar tractaments de massatge i drenatge limf\u00e0tic.<\/p>\n<p>Indicada per a: reducci\u00f3 de la cel\u00b7lulitis, eliminaci\u00f3 de toxines, modelatge del cos, tonificaci\u00f3 muscular, aprimament corporal, drenatge limf\u00e0tic, relaxaci\u00f3 corporal, reafirmant corporal, etc.<\/p>\n<p>&nbsp;<\/p>\n<p><strong>Pressions:<\/strong> de 100 a 200 nmHg<\/p>\n<p>&nbsp;<\/p>\n<p><strong>Cont\u00e9:<\/strong><\/p>\n<p>Aparell &#8211; panell de control Pressoter\u00e0pia<\/p>\n<p>Inflables: 2 peus i 2 botes amb abdomen<\/p>\n<p>Tubs de connexi\u00f3 aparell a inflables<\/p>\n<p>&nbsp;<\/p>\n<p><strong>Caracter\u00edstiques de l&#8217;aparell:<\/strong><\/p>\n<p>Consum: 120W<\/p>\n<p>Mides: 24&#215;33.5&#215;14 cm<\/p>\n<p>Pes: 12Kg<\/p>\n<p>&nbsp;<\/p>\n<p>&nbsp;<\/p>\n","protected":false},"excerpt":{"rendered":"<p>Pressoter\u00e0pia AP ideal per a realitzar tractaments de massatge i drenatge limf\u00e0tic. Indicada per a: reducci\u00f3 de la cel\u00b7lulitis, eliminaci\u00f3 de toxines, modelatge del cos, tonificaci\u00f3 muscular, aprimament corporal, drenatge limf\u00e0tic, relaxaci\u00f3 corporal, reafirmant corporal, etc. &nbsp; Pressions: de 100 a 200 nmHg &nbsp; Cont\u00e9: Aparell &#8211; panell de control Pressoter\u00e0pia Inflables: 2 peus i&hellip;<\/p>\n","protected":false},"featured_media":1391,"template":"","meta":[],"product_brand":[],"product_cat":[249],"product_tag":[315,316,265,267,317,540],"class_list":{"0":"post-1906","1":"product","2":"type-product","3":"status-publish","4":"has-post-thumbnail","6":"product_cat-equips-estetica","7":"product_tag-bienestar-ca","8":"product_tag-drenaje-linfatico-ca","9":"product_tag-estetica-ca","10":"product_tag-masaje-ca","11":"product_tag-presoterapia-ca","12":"product_tag-relajacion-ca","13":"description-off","15":"first","16":"instock","17":"taxable","18":"shipping-taxable","19":"purchasable","20":"product-type-simple"},"_links":{"self":[{"href":"https:\/\/etecmed.com\/ca\/wp-json\/wp\/v2\/product\/1906","targetHints":{"allow":["GET"]}}],"collection":[{"href":"https:\/\/etecmed.com\/ca\/wp-json\/wp\/v2\/product"}],"about":[{"href":"https:\/\/etecmed.com\/ca\/wp-json\/wp\/v2\/types\/product"}],"wp:featuredmedia":[{"embeddable":true,"href":"https:\/\/etecmed.com\/ca\/wp-json\/wp\/v2\/media\/1391"}],"wp:attachment":[{"href":"https:\/\/etecmed.com\/ca\/wp-json\/wp\/v2\/media?parent=1906"}],"wp:term":[{"taxonomy":"product_brand","embeddable":true,"href":"https:\/\/etecmed.com\/ca\/wp-json\/wp\/v2\/product_brand?post=1906"},{"taxonomy":"product_cat","embeddable":true,"href":"https:\/\/etecmed.com\/ca\/wp-json\/wp\/v2\/product_cat?post=1906"},{"taxonomy":"product_tag","embeddable":true,"href":"https:\/\/etecmed.com\/ca\/wp-json\/wp\/v2\/product_tag?post=1906"}],"curies":[{"name":"wp","href":"https:\/\/api.w.org\/{rel}","templated":true}]}}