{"id":1899,"date":"2016-02-05T13:39:28","date_gmt":"2016-02-05T11:39:28","guid":{"rendered":"https:\/\/etecmed.com\/product\/lipolaser-0802\/"},"modified":"2025-12-12T13:51:38","modified_gmt":"2025-12-12T11:51:38","slug":"lipolaser-0802","status":"publish","type":"product","link":"https:\/\/etecmed.com\/ca\/producte\/lipolaser-0802\/","title":{"rendered":"Lipol\u00e0ser 0802"},"content":{"rendered":"<p>El Lipol\u00e0ser \u00e9s una tecnologia avan\u00e7ada, efica\u00e7 i r\u00e0pida per a la reducci\u00f3 de greix.<\/p>\n<p>D&#8217; 1 a 8 aplicadors adaptables segons el pacient i tractament que es vulgui realitzar.<\/p>\n<p>Mode operatiu: Continu<\/p>\n<p>&nbsp;<\/p>\n<p><strong>Beneficis:<\/strong><\/p>\n<p>Augmenta el metabolisme cutani i els processos de reparaci\u00f3 tissular.<\/p>\n<p>T\u00e9 un efecte lipol\u00edtic, per l&#8217;augment del catabolisme dels greixos.<\/p>\n<p>&#8230;<\/p>\n<p>&nbsp;<\/p>\n<p><strong>Cont\u00e9:<\/strong><\/p>\n<ul>\n<li>8 aplicadors de 8 diodes<\/li>\n<li>2 aplicadors d&#8217; 1 diode per a zones limf\u00e0tiques<\/li>\n<li>5 cintes per a fixar els aplicadors<\/li>\n<li>2 ulleres de protecci\u00f3 del llum l\u00e0ser, per al pacient i per al professional<\/li>\n<li>Cinta m\u00e8trica<\/li>\n<\/ul>\n<p>&nbsp;<\/p>\n<p><strong>Caracter\u00edstiques de l&#8217;aparell:<\/strong><\/p>\n<p>Longitud d&#8217;ona: 658nm<\/p>\n<p>Energia de sortida: 66x100mw<\/p>\n<p>Pot\u00e8ncia: 600W<\/p>\n<p>Mides de l&#8217;aparell: 36x55x36 cm<\/p>\n<p>Pes: 5 Kg<\/p>\n","protected":false},"excerpt":{"rendered":"<p>El Lipol\u00e0ser \u00e9s una tecnologia avan\u00e7ada, efica\u00e7 i r\u00e0pida per a la reducci\u00f3 de greix. D&#8217; 1 a 8 aplicadors adaptables segons el pacient i tractament que es vulgui realitzar. Mode operatiu: Continu &nbsp; Beneficis: Augmenta el metabolisme cutani i els processos de reparaci\u00f3 tissular. T\u00e9 un efecte lipol\u00edtic, per l&#8217;augment del catabolisme dels greixos.&hellip;<\/p>\n","protected":false},"featured_media":1383,"template":"","meta":[],"product_brand":[],"product_cat":[611],"product_tag":[521,522,523,524,525,526,527,528],"class_list":{"0":"post-1899","1":"product","2":"type-product","3":"status-publish","4":"has-post-thumbnail","6":"product_cat-medicina-estetica-2","7":"product_tag-aplicador-ca","8":"product_tag-calor-ca","9":"product_tag-grasa-ca","10":"product_tag-laser-ca","11":"product_tag-liberacion-ca","12":"product_tag-lipo-ca","13":"product_tag-lipolaser-ca","14":"product_tag-onda-ca","15":"description-off","17":"first","18":"instock","19":"taxable","20":"shipping-taxable","21":"purchasable","22":"product-type-simple"},"_links":{"self":[{"href":"https:\/\/etecmed.com\/ca\/wp-json\/wp\/v2\/product\/1899","targetHints":{"allow":["GET"]}}],"collection":[{"href":"https:\/\/etecmed.com\/ca\/wp-json\/wp\/v2\/product"}],"about":[{"href":"https:\/\/etecmed.com\/ca\/wp-json\/wp\/v2\/types\/product"}],"wp:featuredmedia":[{"embeddable":true,"href":"https:\/\/etecmed.com\/ca\/wp-json\/wp\/v2\/media\/1383"}],"wp:attachment":[{"href":"https:\/\/etecmed.com\/ca\/wp-json\/wp\/v2\/media?parent=1899"}],"wp:term":[{"taxonomy":"product_brand","embeddable":true,"href":"https:\/\/etecmed.com\/ca\/wp-json\/wp\/v2\/product_brand?post=1899"},{"taxonomy":"product_cat","embeddable":true,"href":"https:\/\/etecmed.com\/ca\/wp-json\/wp\/v2\/product_cat?post=1899"},{"taxonomy":"product_tag","embeddable":true,"href":"https:\/\/etecmed.com\/ca\/wp-json\/wp\/v2\/product_tag?post=1899"}],"curies":[{"name":"wp","href":"https:\/\/api.w.org\/{rel}","templated":true}]}}