{"id":1896,"date":"2016-02-08T11:43:26","date_gmt":"2016-02-08T09:43:26","guid":{"rendered":"https:\/\/etecmed.com\/product\/fundidor-de-cera-7-kgs\/"},"modified":"2024-10-22T15:25:30","modified_gmt":"2024-10-22T13:25:30","slug":"fusor-de-cera-7-kgs","status":"publish","type":"product","link":"https:\/\/etecmed.com\/ca\/producte\/fusor-de-cera-7-kgs\/","title":{"rendered":"Fusor de cera 7 Kg"},"content":{"rendered":"<p>Fusor de cera de 7 Kg:<\/p>\n<ul>\n<li>Dip\u00f2sits comunicats.<\/li>\n<li>Termostats independents per a cada dip\u00f2sit.<\/li>\n<li>Capacitat de 3.5 Kg cada dip\u00f2sit.<\/li>\n<li>Cont\u00e9 1 filtre extra\u00efble<\/li>\n<\/ul>\n<p>&nbsp;<\/p>\n<p><strong>Caracter\u00edstiques t\u00e8cniques de l&#8217;aparell:<\/strong><\/p>\n<p>Capacitat total: 7 Kg<\/p>\n<p>Pot\u00e8ncia: 500W<\/p>\n<p>Mides de l&#8217;aparell: 57&#215;23.5&#215;25 cm<\/p>\n","protected":false},"excerpt":{"rendered":"<p>Fusor de cera de 7 Kg: Dip\u00f2sits comunicats. Termostats independents per a cada dip\u00f2sit. Capacitat de 3.5 Kg cada dip\u00f2sit. Cont\u00e9 1 filtre extra\u00efble &nbsp; Caracter\u00edstiques t\u00e8cniques de l&#8217;aparell: Capacitat total: 7 Kg Pot\u00e8ncia: 500W Mides de l&#8217;aparell: 57&#215;23.5&#215;25 cm<\/p>\n","protected":false},"featured_media":1379,"template":"","meta":[],"product_brand":[],"product_cat":[249],"product_tag":[499,500,504,498],"class_list":{"0":"post-1896","1":"product","2":"type-product","3":"status-publish","4":"has-post-thumbnail","6":"product_cat-equips-estetica","7":"product_tag-depilacion-ca","8":"product_tag-fundidor-ca","9":"product_tag-fundidor-de-cera-ca","10":"product_tag-parafina-ca","11":"description-off","13":"first","14":"outofstock","15":"taxable","16":"shipping-taxable","17":"purchasable","18":"product-type-simple"},"_links":{"self":[{"href":"https:\/\/etecmed.com\/ca\/wp-json\/wp\/v2\/product\/1896","targetHints":{"allow":["GET"]}}],"collection":[{"href":"https:\/\/etecmed.com\/ca\/wp-json\/wp\/v2\/product"}],"about":[{"href":"https:\/\/etecmed.com\/ca\/wp-json\/wp\/v2\/types\/product"}],"wp:featuredmedia":[{"embeddable":true,"href":"https:\/\/etecmed.com\/ca\/wp-json\/wp\/v2\/media\/1379"}],"wp:attachment":[{"href":"https:\/\/etecmed.com\/ca\/wp-json\/wp\/v2\/media?parent=1896"}],"wp:term":[{"taxonomy":"product_brand","embeddable":true,"href":"https:\/\/etecmed.com\/ca\/wp-json\/wp\/v2\/product_brand?post=1896"},{"taxonomy":"product_cat","embeddable":true,"href":"https:\/\/etecmed.com\/ca\/wp-json\/wp\/v2\/product_cat?post=1896"},{"taxonomy":"product_tag","embeddable":true,"href":"https:\/\/etecmed.com\/ca\/wp-json\/wp\/v2\/product_tag?post=1896"}],"curies":[{"name":"wp","href":"https:\/\/api.w.org\/{rel}","templated":true}]}}