{"id":1893,"date":"2016-02-08T13:35:35","date_gmt":"2016-02-08T11:35:35","guid":{"rendered":"https:\/\/etecmed.com\/product\/fundidor-de-cera-3-kgs\/"},"modified":"2024-10-22T15:28:30","modified_gmt":"2024-10-22T13:28:30","slug":"fundidor-de-cera-3-kgs","status":"publish","type":"product","link":"https:\/\/etecmed.com\/ca\/producte\/fundidor-de-cera-3-kgs\/","title":{"rendered":"Fusor de cera 3 Kg"},"content":{"rendered":"<p>Termostat per al control de la temperatura.<\/p>\n<p>Cont\u00e9 1 filtre extra\u00efble<\/p>\n<p>&nbsp;<\/p>\n<p><strong>Caracter\u00edstiques t\u00e8cniques de l&#8217;aparell:<\/strong><\/p>\n<p>Capacitat: 3 Kg<\/p>\n<p>Pot\u00e8ncia: 200W<\/p>\n<p>Mides de l&#8217;aparell: 25x30x15 cm<\/p>\n","protected":false},"excerpt":{"rendered":"<p>Termostat per al control de la temperatura. Cont\u00e9 1 filtre extra\u00efble &nbsp; Caracter\u00edstiques t\u00e8cniques de l&#8217;aparell: Capacitat: 3 Kg Pot\u00e8ncia: 200W Mides de l&#8217;aparell: 25x30x15 cm<\/p>\n","protected":false},"featured_media":1377,"template":"","meta":[],"product_brand":[],"product_cat":[249],"product_tag":[483,499,265,500],"class_list":{"0":"post-1893","1":"product","2":"type-product","3":"status-publish","4":"has-post-thumbnail","6":"product_cat-equips-estetica","7":"product_tag-cera-ca","8":"product_tag-depilacion-ca","9":"product_tag-estetica-ca","10":"product_tag-fundidor-ca","11":"description-off","13":"first","14":"instock","15":"taxable","16":"shipping-taxable","17":"purchasable","18":"product-type-simple"},"_links":{"self":[{"href":"https:\/\/etecmed.com\/ca\/wp-json\/wp\/v2\/product\/1893","targetHints":{"allow":["GET"]}}],"collection":[{"href":"https:\/\/etecmed.com\/ca\/wp-json\/wp\/v2\/product"}],"about":[{"href":"https:\/\/etecmed.com\/ca\/wp-json\/wp\/v2\/types\/product"}],"wp:featuredmedia":[{"embeddable":true,"href":"https:\/\/etecmed.com\/ca\/wp-json\/wp\/v2\/media\/1377"}],"wp:attachment":[{"href":"https:\/\/etecmed.com\/ca\/wp-json\/wp\/v2\/media?parent=1893"}],"wp:term":[{"taxonomy":"product_brand","embeddable":true,"href":"https:\/\/etecmed.com\/ca\/wp-json\/wp\/v2\/product_brand?post=1893"},{"taxonomy":"product_cat","embeddable":true,"href":"https:\/\/etecmed.com\/ca\/wp-json\/wp\/v2\/product_cat?post=1893"},{"taxonomy":"product_tag","embeddable":true,"href":"https:\/\/etecmed.com\/ca\/wp-json\/wp\/v2\/product_tag?post=1893"}],"curies":[{"name":"wp","href":"https:\/\/api.w.org\/{rel}","templated":true}]}}