{"id":1891,"date":"2016-02-08T13:46:10","date_gmt":"2016-02-08T11:46:10","guid":{"rendered":"https:\/\/etecmed.com\/product\/fundidor-de-cera-500-gr-1-deposito\/"},"modified":"2024-10-22T15:16:23","modified_gmt":"2024-10-22T13:16:23","slug":"fusor-de-cera-500-gr-1-diposit","status":"publish","type":"product","link":"https:\/\/etecmed.com\/ca\/producte\/fusor-de-cera-500-gr-1-diposit\/","title":{"rendered":"Fusor de cera 500g"},"content":{"rendered":"<p>Per a realitzar depilacions faciales o zones molt petites.<\/p>\n<p>1 dip\u00f2sit<\/p>\n<p>Ca\u00e7oleta amb tapa<\/p>\n<p>Termostat regulador de la temperatura<\/p>\n<p>&nbsp;<\/p>\n<p><strong>Caracter\u00edstiques t\u00e8cniques de l&#8217;aparell:<\/strong><\/p>\n<p>Capacitat: 500g<\/p>\n<p>Pot\u00e8ncia: 105W<\/p>\n<p>Mides: 26x17x13 cm<\/p>\n","protected":false},"excerpt":{"rendered":"<p>Per a realitzar depilacions faciales o zones molt petites. 1 dip\u00f2sit Ca\u00e7oleta amb tapa Termostat regulador de la temperatura &nbsp; Caracter\u00edstiques t\u00e8cniques de l&#8217;aparell: Capacitat: 500g Pot\u00e8ncia: 105W Mides: 26x17x13 cm<\/p>\n","protected":false},"featured_media":1375,"template":"","meta":[],"product_brand":[],"product_cat":[249],"product_tag":[483,499,265,298,500],"class_list":{"0":"post-1891","1":"product","2":"type-product","3":"status-publish","4":"has-post-thumbnail","6":"product_cat-equips-estetica","7":"product_tag-cera-ca","8":"product_tag-depilacion-ca","9":"product_tag-estetica-ca","10":"product_tag-facial-ca","11":"product_tag-fundidor-ca","12":"description-off","14":"first","15":"instock","16":"taxable","17":"shipping-taxable","18":"purchasable","19":"product-type-simple"},"_links":{"self":[{"href":"https:\/\/etecmed.com\/ca\/wp-json\/wp\/v2\/product\/1891","targetHints":{"allow":["GET"]}}],"collection":[{"href":"https:\/\/etecmed.com\/ca\/wp-json\/wp\/v2\/product"}],"about":[{"href":"https:\/\/etecmed.com\/ca\/wp-json\/wp\/v2\/types\/product"}],"wp:featuredmedia":[{"embeddable":true,"href":"https:\/\/etecmed.com\/ca\/wp-json\/wp\/v2\/media\/1375"}],"wp:attachment":[{"href":"https:\/\/etecmed.com\/ca\/wp-json\/wp\/v2\/media?parent=1891"}],"wp:term":[{"taxonomy":"product_brand","embeddable":true,"href":"https:\/\/etecmed.com\/ca\/wp-json\/wp\/v2\/product_brand?post=1891"},{"taxonomy":"product_cat","embeddable":true,"href":"https:\/\/etecmed.com\/ca\/wp-json\/wp\/v2\/product_cat?post=1891"},{"taxonomy":"product_tag","embeddable":true,"href":"https:\/\/etecmed.com\/ca\/wp-json\/wp\/v2\/product_tag?post=1891"}],"curies":[{"name":"wp","href":"https:\/\/api.w.org\/{rel}","templated":true}]}}