{"id":1888,"date":"2016-02-08T16:28:51","date_gmt":"2016-02-08T14:28:51","guid":{"rendered":"https:\/\/etecmed.com\/product\/calentador-de-parafina\/"},"modified":"2025-11-28T16:17:30","modified_gmt":"2025-11-28T14:17:30","slug":"escalfador-de-parafina","status":"publish","type":"product","link":"https:\/\/etecmed.com\/ca\/producte\/escalfador-de-parafina\/","title":{"rendered":"Escalfador de Parafina"},"content":{"rendered":"<p>La Parafina ajuda a reparar una part dels problemes relacionats amb la falta d&#8217;hidrataci\u00f3, com s\u00f3n pells esquerdades i resseques, dur\u00edcies&#8230;<\/p>\n<p>Despr\u00e9s de l&#8217;aplicaci\u00f3 del tractament, es forma una pel\u00b7l\u00edcula lleugera sobre la pell que evita la p\u00e8rdua transepid\u00e8rmica d&#8217;aigua, aconseguint aix\u00ed un efecte hidratant de les capes superficials.<\/p>\n<p>La pell queda llisa, suau i protegida d&#8217;agents externs.<\/p>\n<p>Tamb\u00e9 \u00e9s un complement ideal en tractaments espec\u00edfics, ja que l&#8217;efecte calor provoca una hiper\u00e8mia que comporta una millor microcirculaci\u00f3 sangu\u00ednia, aconseguint una absorci\u00f3 m\u00e9s gran dels actius que s&#8217;apliquin.<\/p>\n<p>Tamb\u00e9 \u00e9s ideal per a tractaments d&#8217;artrosi.<\/p>\n<p>&nbsp;<\/p>\n<p><strong>Caracter\u00edstiques t\u00e8cniques de l&#8217;aparell:<\/strong><\/p>\n<p>Capacitat: 4200 ml<\/p>\n<p>Regulador de la temperatura: electr\u00f2nic.<\/p>\n<p>Temperatura: 0\u00baC a 85\u00baC<\/p>\n<p>Consum: 200W<\/p>\n<p>Mides: 40&#215;26.5&#215;20 cm<\/p>\n","protected":false},"excerpt":{"rendered":"<p>La Parafina ajuda a reparar una part dels problemes relacionats amb la falta d&#8217;hidrataci\u00f3, com s\u00f3n pells esquerdades i resseques, dur\u00edcies&#8230; Despr\u00e9s de l&#8217;aplicaci\u00f3 del tractament, es forma una pel\u00b7l\u00edcula lleugera sobre la pell que evita la p\u00e8rdua transepid\u00e8rmica d&#8217;aigua, aconseguint aix\u00ed un efecte hidratant de les capes superficials. La pell queda llisa, suau i&hellip;<\/p>\n","protected":false},"featured_media":2773,"template":"","meta":[],"product_brand":[],"product_cat":[249],"product_tag":[497,398,498],"class_list":{"0":"post-1888","1":"product","2":"type-product","3":"status-publish","4":"has-post-thumbnail","6":"product_cat-equips-estetica","7":"product_tag-artrosis-ca","8":"product_tag-durezas-ca","9":"product_tag-parafina-ca","10":"description-off","12":"first","13":"outofstock","14":"taxable","15":"shipping-taxable","16":"purchasable","17":"product-type-simple"},"_links":{"self":[{"href":"https:\/\/etecmed.com\/ca\/wp-json\/wp\/v2\/product\/1888","targetHints":{"allow":["GET"]}}],"collection":[{"href":"https:\/\/etecmed.com\/ca\/wp-json\/wp\/v2\/product"}],"about":[{"href":"https:\/\/etecmed.com\/ca\/wp-json\/wp\/v2\/types\/product"}],"wp:featuredmedia":[{"embeddable":true,"href":"https:\/\/etecmed.com\/ca\/wp-json\/wp\/v2\/media\/2773"}],"wp:attachment":[{"href":"https:\/\/etecmed.com\/ca\/wp-json\/wp\/v2\/media?parent=1888"}],"wp:term":[{"taxonomy":"product_brand","embeddable":true,"href":"https:\/\/etecmed.com\/ca\/wp-json\/wp\/v2\/product_brand?post=1888"},{"taxonomy":"product_cat","embeddable":true,"href":"https:\/\/etecmed.com\/ca\/wp-json\/wp\/v2\/product_cat?post=1888"},{"taxonomy":"product_tag","embeddable":true,"href":"https:\/\/etecmed.com\/ca\/wp-json\/wp\/v2\/product_tag?post=1888"}],"curies":[{"name":"wp","href":"https:\/\/api.w.org\/{rel}","templated":true}]}}