{"id":1886,"date":"2016-02-08T16:44:39","date_gmt":"2016-02-08T14:44:39","guid":{"rendered":"https:\/\/etecmed.com\/product\/detox-spa\/"},"modified":"2024-10-22T15:29:56","modified_gmt":"2024-10-22T13:29:56","slug":"detox-spa","status":"publish","type":"product","link":"https:\/\/etecmed.com\/ca\/producte\/detox-spa\/","title":{"rendered":"Detox SPA"},"content":{"rendered":"<p>Detox SPA \u00e9s una ter\u00e0pia de desintoxicaci\u00f3 i\u00f2nica que ajuda a depurar i desintoxicar permanentement l&#8217;organisme de manera no invasiva i indolora.<\/p>\n<p>Estimula suaument una gran quantitat de funcions b\u00e0siques de l&#8217;organisme. Ofereix l&#8217;impuls necessari per a qu\u00e8 funcioni l&#8217;autorregulaci\u00f3 de l&#8217;organisme i que aquest s&#8217;equilibri amb m\u00e9s facilitat. L&#8217;activaci\u00f3 del flux d&#8217;ions, causa entre d&#8217;altres, les reaccions seg\u00fcents:<\/p>\n<p>&#8211; Reducci\u00f3 de l&#8217;acidosi<\/p>\n<p>&#8211; Excreci\u00f3 de las toxines<\/p>\n<p>&#8211; Neutralizaci\u00f3 de toxines en el cos<\/p>\n<p>&nbsp;<\/p>\n<p><strong>Cont\u00e9:<\/strong><\/p>\n<p>Aparell &#8211; Panell de control<\/p>\n<p>1 Ray<\/p>\n<p>1 Cintur\u00f3 d&#8217; IR<\/p>\n<p>2 Plaques tens<\/p>\n<p>&nbsp;<\/p>\n<p><strong>Caracter\u00edstiques t\u00e8cniques de l&#8217;aparell:<\/strong><\/p>\n<p>Consum: 60W<\/p>\n<p>Mides de l&#8217;aparell: 42x15x42 cm<\/p>\n<p>Pes: 5,5 Kg<\/p>\n<p>*No inclou la banyera<\/p>\n","protected":false},"excerpt":{"rendered":"<p>Detox SPA \u00e9s una ter\u00e0pia de desintoxicaci\u00f3 i\u00f2nica que ajuda a depurar i desintoxicar permanentement l&#8217;organisme de manera no invasiva i indolora. Estimula suaument una gran quantitat de funcions b\u00e0siques de l&#8217;organisme. Ofereix l&#8217;impuls necessari per a qu\u00e8 funcioni l&#8217;autorregulaci\u00f3 de l&#8217;organisme i que aquest s&#8217;equilibri amb m\u00e9s facilitat. L&#8217;activaci\u00f3 del flux d&#8217;ions, causa entre&hellip;<\/p>\n","protected":false},"featured_media":1369,"template":"","meta":[],"product_brand":[],"product_cat":[248],"product_tag":[489,493,479,494],"class_list":{"0":"post-1886","1":"product","2":"type-product","3":"status-publish","4":"has-post-thumbnail","6":"product_cat-detox-spa-ca","7":"product_tag-banera-ca","8":"product_tag-desintoxicacion-ca","9":"product_tag-detox-ca","10":"product_tag-iones-ca","11":"description-off","13":"first","14":"instock","15":"taxable","16":"shipping-taxable","17":"purchasable","18":"product-type-simple"},"_links":{"self":[{"href":"https:\/\/etecmed.com\/ca\/wp-json\/wp\/v2\/product\/1886","targetHints":{"allow":["GET"]}}],"collection":[{"href":"https:\/\/etecmed.com\/ca\/wp-json\/wp\/v2\/product"}],"about":[{"href":"https:\/\/etecmed.com\/ca\/wp-json\/wp\/v2\/types\/product"}],"wp:featuredmedia":[{"embeddable":true,"href":"https:\/\/etecmed.com\/ca\/wp-json\/wp\/v2\/media\/1369"}],"wp:attachment":[{"href":"https:\/\/etecmed.com\/ca\/wp-json\/wp\/v2\/media?parent=1886"}],"wp:term":[{"taxonomy":"product_brand","embeddable":true,"href":"https:\/\/etecmed.com\/ca\/wp-json\/wp\/v2\/product_brand?post=1886"},{"taxonomy":"product_cat","embeddable":true,"href":"https:\/\/etecmed.com\/ca\/wp-json\/wp\/v2\/product_cat?post=1886"},{"taxonomy":"product_tag","embeddable":true,"href":"https:\/\/etecmed.com\/ca\/wp-json\/wp\/v2\/product_tag?post=1886"}],"curies":[{"name":"wp","href":"https:\/\/api.w.org\/{rel}","templated":true}]}}