{"id":1881,"date":"2016-02-08T17:08:20","date_gmt":"2016-02-08T15:08:20","guid":{"rendered":"https:\/\/etecmed.com\/product\/filtro-para-fundidores-de-cera\/"},"modified":"2024-10-25T12:18:04","modified_gmt":"2024-10-25T10:18:04","slug":"filtro-para-fundidores-de-cera","status":"publish","type":"product","link":"https:\/\/etecmed.com\/ca\/producte\/filtro-para-fundidores-de-cera\/","title":{"rendered":"Filtre per a fusor de cera"},"content":{"rendered":"<p>Filtre per a fusor de cera de 3 i 7 Kg<\/p>\n<p>Mides: 17 (di\u00e0metre) x 13 (al\u00e7ada) cm<\/p>\n<p>Presentaci\u00f3: 1 unitat<\/p>\n<p>&nbsp;<\/p>\n","protected":false},"excerpt":{"rendered":"<p>Filtre per a fusor de cera de 3 i 7 Kg Mides: 17 (di\u00e0metre) x 13 (al\u00e7ada) cm Presentaci\u00f3: 1 unitat &nbsp;<\/p>\n","protected":false},"featured_media":0,"template":"","meta":[],"product_brand":[],"product_cat":[249],"product_tag":[483,265,484,485],"class_list":{"0":"post-1881","1":"product","2":"type-product","3":"status-publish","5":"product_cat-equips-estetica","6":"product_tag-cera-ca","7":"product_tag-estetica-ca","8":"product_tag-filtro-ca","9":"product_tag-fundidores-ca","10":"description-off","12":"first","13":"instock","14":"taxable","15":"shipping-taxable","16":"purchasable","17":"product-type-simple"},"_links":{"self":[{"href":"https:\/\/etecmed.com\/ca\/wp-json\/wp\/v2\/product\/1881","targetHints":{"allow":["GET"]}}],"collection":[{"href":"https:\/\/etecmed.com\/ca\/wp-json\/wp\/v2\/product"}],"about":[{"href":"https:\/\/etecmed.com\/ca\/wp-json\/wp\/v2\/types\/product"}],"wp:attachment":[{"href":"https:\/\/etecmed.com\/ca\/wp-json\/wp\/v2\/media?parent=1881"}],"wp:term":[{"taxonomy":"product_brand","embeddable":true,"href":"https:\/\/etecmed.com\/ca\/wp-json\/wp\/v2\/product_brand?post=1881"},{"taxonomy":"product_cat","embeddable":true,"href":"https:\/\/etecmed.com\/ca\/wp-json\/wp\/v2\/product_cat?post=1881"},{"taxonomy":"product_tag","embeddable":true,"href":"https:\/\/etecmed.com\/ca\/wp-json\/wp\/v2\/product_tag?post=1881"}],"curies":[{"name":"wp","href":"https:\/\/api.w.org\/{rel}","templated":true}]}}