{"id":1878,"date":"2016-02-08T18:01:42","date_gmt":"2016-02-08T16:01:42","guid":{"rendered":"https:\/\/etecmed.com\/product\/autoclave-classic-2100\/"},"modified":"2022-03-21T14:21:45","modified_gmt":"2022-03-21T12:21:45","slug":"autoclau-classic-2100","status":"publish","type":"product","link":"https:\/\/etecmed.com\/ca\/producte\/autoclau-classic-2100\/","title":{"rendered":"Autoclau Classic 2100 (9 litres)"},"content":{"rendered":"<p>L&#8217;autoclau \u00e9s imprescindible a qualsevol cabina d&#8217;est\u00e8tica, perruqueria, tatuatge, micropigmentaci\u00f3, p\u00edrcing, podologia&#8230;<\/p>\n<p>Lleuger, compacte i port\u00e0til.<\/p>\n<p>Temperatura i temps d&#8217;esterilitzaci\u00f3: 126\u00baC durant 11 minuts<\/p>\n<p>Pressi\u00f3 de treball: 1.4 bar.<\/p>\n<p>Indicadors lluminosos de seq\u00fc\u00e8ncia.<\/p>\n<p>Seguretat a l&#8217;operaci\u00f3.<\/p>\n<p>L&#8217;Autoclau continua sent la millor elecci\u00f3 per a tots els professionals sanitaris a tot el m\u00f3n, siguin quines siguin les seves necessitats d&#8217;esterilitzaci\u00f3.<\/p>\n<p>L&#8217;esterilitzaci\u00f3 al vapor, amb autoclau, \u00e9s el m\u00e8tode m\u00e9s segur per eliminar el risc d&#8217;infeccions creuades per instruments contaminats i l&#8217;\u00fanic recomanat a tot el m\u00f3n per professionals sanitaris, inclosos l&#8217;OMS (Organitzaci\u00f3 Mundial de la Salut) i els C.D.C. (Centres for Disease Control).<\/p>\n","protected":false},"excerpt":{"rendered":"<p>L&#8217;autoclau \u00e9s imprescindible a qualsevol cabina d&#8217;est\u00e8tica, perruqueria, tatuatge, micropigmentaci\u00f3, p\u00edrcing, podologia&#8230; Lleuger, compacte i port\u00e0til. Temperatura i temps d&#8217;esterilitzaci\u00f3: 126\u00baC durant 11 minuts Pressi\u00f3 de treball: 1.4 bar. Indicadors lluminosos de seq\u00fc\u00e8ncia. Seguretat a l&#8217;operaci\u00f3. L&#8217;Autoclau continua sent la millor elecci\u00f3 per a tots els professionals sanitaris a tot el m\u00f3n, siguin quines siguin&hellip;<\/p>\n","protected":false},"featured_media":1365,"template":"","meta":[],"product_brand":[],"product_cat":[250],"product_tag":[464,458,265,474,284,467,352,468],"class_list":{"0":"post-1878","1":"product","2":"type-product","3":"status-publish","4":"has-post-thumbnail","6":"product_cat-esterilitzacio","7":"product_tag-autoclave-ca","8":"product_tag-esterilizacion-ca","9":"product_tag-estetica-ca","10":"product_tag-micropigmentacion-ca","11":"product_tag-peluqueria-ca","12":"product_tag-piercing-ca","13":"product_tag-podologia-ca","14":"product_tag-tatuaje-ca","15":"description-off","17":"first","18":"onbackorder","19":"taxable","20":"shipping-taxable","21":"purchasable","22":"product-type-simple"},"_links":{"self":[{"href":"https:\/\/etecmed.com\/ca\/wp-json\/wp\/v2\/product\/1878","targetHints":{"allow":["GET"]}}],"collection":[{"href":"https:\/\/etecmed.com\/ca\/wp-json\/wp\/v2\/product"}],"about":[{"href":"https:\/\/etecmed.com\/ca\/wp-json\/wp\/v2\/types\/product"}],"wp:featuredmedia":[{"embeddable":true,"href":"https:\/\/etecmed.com\/ca\/wp-json\/wp\/v2\/media\/1365"}],"wp:attachment":[{"href":"https:\/\/etecmed.com\/ca\/wp-json\/wp\/v2\/media?parent=1878"}],"wp:term":[{"taxonomy":"product_brand","embeddable":true,"href":"https:\/\/etecmed.com\/ca\/wp-json\/wp\/v2\/product_brand?post=1878"},{"taxonomy":"product_cat","embeddable":true,"href":"https:\/\/etecmed.com\/ca\/wp-json\/wp\/v2\/product_cat?post=1878"},{"taxonomy":"product_tag","embeddable":true,"href":"https:\/\/etecmed.com\/ca\/wp-json\/wp\/v2\/product_tag?post=1878"}],"curies":[{"name":"wp","href":"https:\/\/api.w.org\/{rel}","templated":true}]}}