{"id":1869,"date":"2016-02-09T09:57:34","date_gmt":"2016-02-09T07:57:34","guid":{"rendered":"https:\/\/etecmed.com\/product\/bolsas-esterilizacion-autosellables-2\/"},"modified":"2024-10-22T15:41:20","modified_gmt":"2024-10-22T13:41:20","slug":"bosses-esterilitzacio-autosegellables-2","status":"publish","type":"product","link":"https:\/\/etecmed.com\/ca\/producte\/bosses-esterilitzacio-autosegellables-2\/","title":{"rendered":"Bosses esterilitzaci\u00f3 autosegellables"},"content":{"rendered":"<p>Bosses d&#8217;esterilitzaci\u00f3 autosegellables indicades per a l&#8217;esterilitzaci\u00f3 per vapor en autoclau i sistemes per \u00f2xid d&#8217;etil\u00e8.<\/p>\n<p>Presentaci\u00f3: 200 unitats<\/p>\n<p>Mides: 90&#215;230 mm<\/p>\n","protected":false},"excerpt":{"rendered":"<p>Bosses d&#8217;esterilitzaci\u00f3 autosegellables indicades per a l&#8217;esterilitzaci\u00f3 per vapor en autoclau i sistemes per \u00f2xid d&#8217;etil\u00e8. Presentaci\u00f3: 200 unitats Mides: 90&#215;230 mm<\/p>\n","protected":false},"featured_media":2183,"template":"","meta":[],"product_brand":[],"product_cat":[250],"product_tag":[464,458],"class_list":{"0":"post-1869","1":"product","2":"type-product","3":"status-publish","4":"has-post-thumbnail","6":"product_cat-esterilitzacio","7":"product_tag-autoclave-ca","8":"product_tag-esterilizacion-ca","9":"description-off","11":"first","12":"instock","13":"taxable","14":"shipping-taxable","15":"purchasable","16":"product-type-simple"},"_links":{"self":[{"href":"https:\/\/etecmed.com\/ca\/wp-json\/wp\/v2\/product\/1869","targetHints":{"allow":["GET"]}}],"collection":[{"href":"https:\/\/etecmed.com\/ca\/wp-json\/wp\/v2\/product"}],"about":[{"href":"https:\/\/etecmed.com\/ca\/wp-json\/wp\/v2\/types\/product"}],"wp:featuredmedia":[{"embeddable":true,"href":"https:\/\/etecmed.com\/ca\/wp-json\/wp\/v2\/media\/2183"}],"wp:attachment":[{"href":"https:\/\/etecmed.com\/ca\/wp-json\/wp\/v2\/media?parent=1869"}],"wp:term":[{"taxonomy":"product_brand","embeddable":true,"href":"https:\/\/etecmed.com\/ca\/wp-json\/wp\/v2\/product_brand?post=1869"},{"taxonomy":"product_cat","embeddable":true,"href":"https:\/\/etecmed.com\/ca\/wp-json\/wp\/v2\/product_cat?post=1869"},{"taxonomy":"product_tag","embeddable":true,"href":"https:\/\/etecmed.com\/ca\/wp-json\/wp\/v2\/product_tag?post=1869"}],"curies":[{"name":"wp","href":"https:\/\/api.w.org\/{rel}","templated":true}]}}