{"id":1866,"date":"2016-02-09T10:12:09","date_gmt":"2016-02-09T08:12:09","guid":{"rendered":"https:\/\/etecmed.com\/product\/esterilizador-bolas-de-cuarzo\/"},"modified":"2024-10-22T15:37:47","modified_gmt":"2024-10-22T13:37:47","slug":"esterilitzador-boles-de-quarz","status":"publish","type":"product","link":"https:\/\/etecmed.com\/ca\/producte\/esterilitzador-boles-de-quarz\/","title":{"rendered":"Esterilitzador boles de quarz"},"content":{"rendered":"<p>Per una esterilitzaci\u00f3 peri\u00f2dica d&#8217;instrumental i estris met\u00e0l\u00b7lics (no pl\u00e0stic) a alta temperatura amb efecte bactericida.<\/p>\n<p>Dip\u00f2sit d&#8217;acer innoxidable.<\/p>\n<p>Temperatura autom\u00e0tica: 250\u00baC<\/p>\n<p>Mides de l&#8217;aparell: 13x15x17 cm<\/p>\n<p>&nbsp;<\/p>\n","protected":false},"excerpt":{"rendered":"<p>Per una esterilitzaci\u00f3 peri\u00f2dica d&#8217;instrumental i estris met\u00e0l\u00b7lics (no pl\u00e0stic) a alta temperatura amb efecte bactericida. Dip\u00f2sit d&#8217;acer innoxidable. Temperatura autom\u00e0tica: 250\u00baC Mides de l&#8217;aparell: 13x15x17 cm &nbsp;<\/p>\n","protected":false},"featured_media":1353,"template":"","meta":[],"product_brand":[],"product_cat":[250],"product_tag":[457,463,265,284],"class_list":{"0":"post-1866","1":"product","2":"type-product","3":"status-publish","4":"has-post-thumbnail","6":"product_cat-esterilitzacio","7":"product_tag-bolas-de-cuarzo-ca","8":"product_tag-esterilizador-ca","9":"product_tag-estetica-ca","10":"product_tag-peluqueria-ca","11":"description-off","13":"first","14":"instock","15":"taxable","16":"shipping-taxable","17":"purchasable","18":"product-type-simple"},"_links":{"self":[{"href":"https:\/\/etecmed.com\/ca\/wp-json\/wp\/v2\/product\/1866","targetHints":{"allow":["GET"]}}],"collection":[{"href":"https:\/\/etecmed.com\/ca\/wp-json\/wp\/v2\/product"}],"about":[{"href":"https:\/\/etecmed.com\/ca\/wp-json\/wp\/v2\/types\/product"}],"wp:featuredmedia":[{"embeddable":true,"href":"https:\/\/etecmed.com\/ca\/wp-json\/wp\/v2\/media\/1353"}],"wp:attachment":[{"href":"https:\/\/etecmed.com\/ca\/wp-json\/wp\/v2\/media?parent=1866"}],"wp:term":[{"taxonomy":"product_brand","embeddable":true,"href":"https:\/\/etecmed.com\/ca\/wp-json\/wp\/v2\/product_brand?post=1866"},{"taxonomy":"product_cat","embeddable":true,"href":"https:\/\/etecmed.com\/ca\/wp-json\/wp\/v2\/product_cat?post=1866"},{"taxonomy":"product_tag","embeddable":true,"href":"https:\/\/etecmed.com\/ca\/wp-json\/wp\/v2\/product_tag?post=1866"}],"curies":[{"name":"wp","href":"https:\/\/api.w.org\/{rel}","templated":true}]}}