{"id":1861,"date":"2016-02-09T10:42:06","date_gmt":"2016-02-09T08:42:06","guid":{"rendered":"https:\/\/etecmed.com\/product\/micromotor-blue-con-mango-y-pedal\/"},"modified":"2024-10-22T14:07:09","modified_gmt":"2024-10-22T12:07:09","slug":"micromotor-blue-amb-manec-i-pedal","status":"publish","type":"product","link":"https:\/\/etecmed.com\/ca\/producte\/micromotor-blue-amb-manec-i-pedal\/","title":{"rendered":"Micromotor Blue amb m\u00e0nec i pedal"},"content":{"rendered":"<p>Micromotor de 35W \/ 30000rpm, per a realitzar manicures, pedicures i ungles artificials.<\/p>\n<p><em>&#8211; Pe\u00e7a de m\u00e0<\/em>:<\/p>\n<p>M\u00e0nec llis &#8211; Model Twist<\/p>\n<p>Portafreses de pas universal<\/p>\n<p>&#8211; <em>Caixa de control<\/em>:<\/p>\n<p>Regulador de revolucions<\/p>\n<p>Canvi de sentit rotor FORW\/REV<\/p>\n<p>&#8211; <em>Pedal\u00a0<\/em><\/p>\n<p>&nbsp;<\/p>\n","protected":false},"excerpt":{"rendered":"<p>Micromotor de 35W \/ 30000rpm, per a realitzar manicures, pedicures i ungles artificials. &#8211; Pe\u00e7a de m\u00e0: M\u00e0nec llis &#8211; Model Twist Portafreses de pas universal &#8211; Caixa de control: Regulador de revolucions Canvi de sentit rotor FORW\/REV &#8211; Pedal\u00a0 &nbsp;<\/p>\n","protected":false},"featured_media":1349,"template":"","meta":[],"product_brand":[],"product_cat":[254],"product_tag":[265,453,431,454,284,328],"class_list":{"0":"post-1861","1":"product","2":"type-product","3":"status-publish","4":"has-post-thumbnail","6":"product_cat-micromotors","7":"product_tag-estetica-ca","8":"product_tag-manicuras-ca","9":"product_tag-micromotor-ca-2","10":"product_tag-pedicuras-ca","11":"product_tag-peluqueria-ca","12":"product_tag-unas-artificiales-ca","13":"description-off","15":"first","16":"outofstock","17":"taxable","18":"shipping-taxable","19":"purchasable","20":"product-type-simple"},"_links":{"self":[{"href":"https:\/\/etecmed.com\/ca\/wp-json\/wp\/v2\/product\/1861","targetHints":{"allow":["GET"]}}],"collection":[{"href":"https:\/\/etecmed.com\/ca\/wp-json\/wp\/v2\/product"}],"about":[{"href":"https:\/\/etecmed.com\/ca\/wp-json\/wp\/v2\/types\/product"}],"wp:featuredmedia":[{"embeddable":true,"href":"https:\/\/etecmed.com\/ca\/wp-json\/wp\/v2\/media\/1349"}],"wp:attachment":[{"href":"https:\/\/etecmed.com\/ca\/wp-json\/wp\/v2\/media?parent=1861"}],"wp:term":[{"taxonomy":"product_brand","embeddable":true,"href":"https:\/\/etecmed.com\/ca\/wp-json\/wp\/v2\/product_brand?post=1861"},{"taxonomy":"product_cat","embeddable":true,"href":"https:\/\/etecmed.com\/ca\/wp-json\/wp\/v2\/product_cat?post=1861"},{"taxonomy":"product_tag","embeddable":true,"href":"https:\/\/etecmed.com\/ca\/wp-json\/wp\/v2\/product_tag?post=1861"}],"curies":[{"name":"wp","href":"https:\/\/api.w.org\/{rel}","templated":true}]}}