{"id":1859,"date":"2016-02-09T10:50:13","date_gmt":"2016-02-09T08:50:13","guid":{"rendered":"https:\/\/etecmed.com\/product\/micromotor-black-con-mango\/"},"modified":"2024-10-22T14:11:52","modified_gmt":"2024-10-22T12:11:52","slug":"micromotor-black-amb-manec","status":"publish","type":"product","link":"https:\/\/etecmed.com\/ca\/producte\/micromotor-black-amb-manec\/","title":{"rendered":"Micromotor Black amb m\u00e0nec"},"content":{"rendered":"<p>Micromotor de 35W \/ 30000rpm, ideal per a realitzar manicures, pedicures i ungles artificials.<\/p>\n<p>&#8211; <em>Pe\u00e7a de m\u00e0:<\/em><\/p>\n<p>M\u00e0nec llis &#8211; Model Twist<\/p>\n<p>Portafreses de pas universal<\/p>\n<p>&#8211; <em>Caixa de control:<\/em><\/p>\n<p>Regulador de revolucions<\/p>\n<p>Canvi de sentit rotor FORW\/REV<\/p>\n","protected":false},"excerpt":{"rendered":"<p>Micromotor de 35W \/ 30000rpm, ideal per a realitzar manicures, pedicures i ungles artificials. &#8211; Pe\u00e7a de m\u00e0: M\u00e0nec llis &#8211; Model Twist Portafreses de pas universal &#8211; Caixa de control: Regulador de revolucions Canvi de sentit rotor FORW\/REV<\/p>\n","protected":false},"featured_media":1347,"template":"","meta":[],"product_brand":[],"product_cat":[254],"product_tag":[265,281,431,283,284,328],"class_list":{"0":"post-1859","1":"product","2":"type-product","3":"status-publish","4":"has-post-thumbnail","6":"product_cat-micromotors","7":"product_tag-estetica-ca","8":"product_tag-manicura-ca","9":"product_tag-micromotor-ca-2","10":"product_tag-pedicura-ca","11":"product_tag-peluqueria-ca","12":"product_tag-unas-artificiales-ca","13":"description-off","15":"first","16":"instock","17":"taxable","18":"shipping-taxable","19":"purchasable","20":"product-type-simple"},"_links":{"self":[{"href":"https:\/\/etecmed.com\/ca\/wp-json\/wp\/v2\/product\/1859","targetHints":{"allow":["GET"]}}],"collection":[{"href":"https:\/\/etecmed.com\/ca\/wp-json\/wp\/v2\/product"}],"about":[{"href":"https:\/\/etecmed.com\/ca\/wp-json\/wp\/v2\/types\/product"}],"wp:featuredmedia":[{"embeddable":true,"href":"https:\/\/etecmed.com\/ca\/wp-json\/wp\/v2\/media\/1347"}],"wp:attachment":[{"href":"https:\/\/etecmed.com\/ca\/wp-json\/wp\/v2\/media?parent=1859"}],"wp:term":[{"taxonomy":"product_brand","embeddable":true,"href":"https:\/\/etecmed.com\/ca\/wp-json\/wp\/v2\/product_brand?post=1859"},{"taxonomy":"product_cat","embeddable":true,"href":"https:\/\/etecmed.com\/ca\/wp-json\/wp\/v2\/product_cat?post=1859"},{"taxonomy":"product_tag","embeddable":true,"href":"https:\/\/etecmed.com\/ca\/wp-json\/wp\/v2\/product_tag?post=1859"}],"curies":[{"name":"wp","href":"https:\/\/api.w.org\/{rel}","templated":true}]}}