{"id":1829,"date":"2016-02-09T17:49:06","date_gmt":"2016-02-09T15:49:06","guid":{"rendered":"https:\/\/etecmed.com\/product\/fresa-diamante-cilindrica-grande\/"},"modified":"2024-10-22T16:06:13","modified_gmt":"2024-10-22T14:06:13","slug":"fresa-diamant-cilindrica-gran","status":"publish","type":"product","link":"https:\/\/etecmed.com\/ca\/producte\/fresa-diamant-cilindrica-gran\/","title":{"rendered":"Fresa diamant cil\u00edndrica \u03a65.0 mm"},"content":{"rendered":"<p>Per treballar les superf\u00edcies, ungles i dur\u00edcies.<\/p>\n<p>Forma: Cil\u00edndrica<\/p>\n<p>Mides: \u03a65.0&#215;11.0x39.0 mm<\/p>\n<p>Presentaci\u00f3: 1 unitat<\/p>\n","protected":false},"excerpt":{"rendered":"<p>Per treballar les superf\u00edcies, ungles i dur\u00edcies. Forma: Cil\u00edndrica Mides: \u03a65.0&#215;11.0&#215;39.0 mm Presentaci\u00f3: 1 unitat<\/p>\n","protected":false},"featured_media":1325,"template":"","meta":[],"product_brand":[],"product_cat":[251],"product_tag":[265,322,323,324,284],"class_list":{"0":"post-1829","1":"product","2":"type-product","3":"status-publish","4":"has-post-thumbnail","6":"product_cat-freses-per-a-micromotors","7":"product_tag-estetica-ca","8":"product_tag-fresas-manicura-ca","9":"product_tag-fresas-pedicura-ca","10":"product_tag-micromotores-ca","11":"product_tag-peluqueria-ca","12":"description-off","14":"first","15":"instock","16":"taxable","17":"shipping-taxable","18":"purchasable","19":"product-type-simple"},"_links":{"self":[{"href":"https:\/\/etecmed.com\/ca\/wp-json\/wp\/v2\/product\/1829","targetHints":{"allow":["GET"]}}],"collection":[{"href":"https:\/\/etecmed.com\/ca\/wp-json\/wp\/v2\/product"}],"about":[{"href":"https:\/\/etecmed.com\/ca\/wp-json\/wp\/v2\/types\/product"}],"wp:featuredmedia":[{"embeddable":true,"href":"https:\/\/etecmed.com\/ca\/wp-json\/wp\/v2\/media\/1325"}],"wp:attachment":[{"href":"https:\/\/etecmed.com\/ca\/wp-json\/wp\/v2\/media?parent=1829"}],"wp:term":[{"taxonomy":"product_brand","embeddable":true,"href":"https:\/\/etecmed.com\/ca\/wp-json\/wp\/v2\/product_brand?post=1829"},{"taxonomy":"product_cat","embeddable":true,"href":"https:\/\/etecmed.com\/ca\/wp-json\/wp\/v2\/product_cat?post=1829"},{"taxonomy":"product_tag","embeddable":true,"href":"https:\/\/etecmed.com\/ca\/wp-json\/wp\/v2\/product_tag?post=1829"}],"curies":[{"name":"wp","href":"https:\/\/api.w.org\/{rel}","templated":true}]}}