{"id":1747,"date":"2016-02-12T10:18:18","date_gmt":"2016-02-12T08:18:18","guid":{"rendered":"https:\/\/etecmed.com\/product\/pinza-curva\/"},"modified":"2024-10-24T09:56:04","modified_gmt":"2024-10-24T07:56:04","slug":"pinca-corba","status":"publish","type":"product","link":"https:\/\/etecmed.com\/ca\/producte\/pinca-corba\/","title":{"rendered":"Pin\u00e7a corba"},"content":{"rendered":"<ul>\n<li>Material d&#8217;acer inoxidable, acabat en mat.<\/li>\n<li>Ideal per a una extracci\u00f3 r\u00e0pida del p\u00e8l m\u00e9s curt.<\/li>\n<li>Mides 9,5 cm de llarg total.<\/li>\n<li>Embalatge en blister.<\/li>\n<\/ul>\n","protected":false},"excerpt":{"rendered":"<p>Material d&#8217;acer inoxidable, acabat en mat. Ideal per a una extracci\u00f3 r\u00e0pida del p\u00e8l m\u00e9s curt. Mides 9,5 cm de llarg total. Embalatge en blister.<\/p>\n","protected":false},"featured_media":1229,"template":"","meta":[],"product_brand":[],"product_cat":[252],"product_tag":[404,405,265,284,406,414],"class_list":{"0":"post-1747","1":"product","2":"type-product","3":"status-publish","4":"has-post-thumbnail","6":"product_cat-instrumental-ca","7":"product_tag-alicates-manicura-ca","8":"product_tag-alicates-pedicura-ca","9":"product_tag-estetica-ca","10":"product_tag-peluqueria-ca","11":"product_tag-pinza-ca","12":"product_tag-pinzas-depilacion-ca","13":"description-off","15":"first","16":"instock","17":"taxable","18":"shipping-taxable","19":"purchasable","20":"product-type-simple"},"_links":{"self":[{"href":"https:\/\/etecmed.com\/ca\/wp-json\/wp\/v2\/product\/1747","targetHints":{"allow":["GET"]}}],"collection":[{"href":"https:\/\/etecmed.com\/ca\/wp-json\/wp\/v2\/product"}],"about":[{"href":"https:\/\/etecmed.com\/ca\/wp-json\/wp\/v2\/types\/product"}],"wp:featuredmedia":[{"embeddable":true,"href":"https:\/\/etecmed.com\/ca\/wp-json\/wp\/v2\/media\/1229"}],"wp:attachment":[{"href":"https:\/\/etecmed.com\/ca\/wp-json\/wp\/v2\/media?parent=1747"}],"wp:term":[{"taxonomy":"product_brand","embeddable":true,"href":"https:\/\/etecmed.com\/ca\/wp-json\/wp\/v2\/product_brand?post=1747"},{"taxonomy":"product_cat","embeddable":true,"href":"https:\/\/etecmed.com\/ca\/wp-json\/wp\/v2\/product_cat?post=1747"},{"taxonomy":"product_tag","embeddable":true,"href":"https:\/\/etecmed.com\/ca\/wp-json\/wp\/v2\/product_tag?post=1747"}],"curies":[{"name":"wp","href":"https:\/\/api.w.org\/{rel}","templated":true}]}}