{"id":1718,"date":"2016-02-15T13:07:14","date_gmt":"2016-02-15T11:07:14","guid":{"rendered":"https:\/\/etecmed.com\/product\/taco-pulidor-4-caras\/"},"modified":"2024-10-25T10:21:30","modified_gmt":"2024-10-25T08:21:30","slug":"taco-pulidor-4-caras","status":"publish","type":"product","link":"https:\/\/etecmed.com\/ca\/producte\/taco-pulidor-4-caras\/","title":{"rendered":"Tac polidor 4 cares"},"content":{"rendered":"<p>Tac polidor per a ungles de 4 cares. Cada superf\u00edcie t\u00e9 diferents gramatges per a donar forma i brillantor a les ungles naturals, de gel o acr\u00edliques.<\/p>\n<p>Mida: 9&#215;3,5&#215;2,4 cm<\/p>\n<p>Presentaci\u00f3: 1 unitat<\/p>\n<p>&nbsp;<\/p>\n<p>&nbsp;<\/p>\n","protected":false},"excerpt":{"rendered":"<p>Tac polidor per a ungles de 4 cares. Cada superf\u00edcie t\u00e9 diferents gramatges per a donar forma i brillantor a les ungles naturals, de gel o acr\u00edliques. Mida: 9&#215;3,5&#215;2,4 cm Presentaci\u00f3: 1 unitat &nbsp; &nbsp;<\/p>\n","protected":false},"featured_media":1199,"template":"","meta":[],"product_brand":[],"product_cat":[247,257],"product_tag":[265,281,283,284,327,328],"class_list":{"0":"post-1718","1":"product","2":"type-product","3":"status-publish","4":"has-post-thumbnail","6":"product_cat-complements","7":"product_cat-promocions","8":"product_tag-estetica-ca","9":"product_tag-manicura-ca","10":"product_tag-pedicura-ca","11":"product_tag-peluqueria-ca","12":"product_tag-unas-acrilicas-ca","13":"product_tag-unas-artificiales-ca","14":"description-off","16":"first","17":"instock","18":"sale","19":"taxable","20":"shipping-taxable","21":"purchasable","22":"product-type-simple"},"_links":{"self":[{"href":"https:\/\/etecmed.com\/ca\/wp-json\/wp\/v2\/product\/1718","targetHints":{"allow":["GET"]}}],"collection":[{"href":"https:\/\/etecmed.com\/ca\/wp-json\/wp\/v2\/product"}],"about":[{"href":"https:\/\/etecmed.com\/ca\/wp-json\/wp\/v2\/types\/product"}],"wp:featuredmedia":[{"embeddable":true,"href":"https:\/\/etecmed.com\/ca\/wp-json\/wp\/v2\/media\/1199"}],"wp:attachment":[{"href":"https:\/\/etecmed.com\/ca\/wp-json\/wp\/v2\/media?parent=1718"}],"wp:term":[{"taxonomy":"product_brand","embeddable":true,"href":"https:\/\/etecmed.com\/ca\/wp-json\/wp\/v2\/product_brand?post=1718"},{"taxonomy":"product_cat","embeddable":true,"href":"https:\/\/etecmed.com\/ca\/wp-json\/wp\/v2\/product_cat?post=1718"},{"taxonomy":"product_tag","embeddable":true,"href":"https:\/\/etecmed.com\/ca\/wp-json\/wp\/v2\/product_tag?post=1718"}],"curies":[{"name":"wp","href":"https:\/\/api.w.org\/{rel}","templated":true}]}}