{"id":1717,"date":"2016-02-15T13:11:13","date_gmt":"2016-02-15T11:11:13","guid":{"rendered":"https:\/\/etecmed.com\/product\/pulidor-7-caras\/"},"modified":"2024-10-25T10:23:44","modified_gmt":"2024-10-25T08:23:44","slug":"pulidor-7-caras","status":"publish","type":"product","link":"https:\/\/etecmed.com\/ca\/producte\/pulidor-7-caras\/","title":{"rendered":"Polidor 7 cares"},"content":{"rendered":"<p>Polidor per a ungles de 7 superf\u00edcies. Cada color i n\u00famero indica els passos que s&#8217;han de fer per llimar i polir les ungles. Cada superf\u00edcie t\u00e9 diferents gramatges de suavitat.<\/p>\n<p>Mides: 17&#215;2,6&#215;1,5 cm<\/p>\n<p>Presentaci\u00f3: 1 unitat<\/p>\n","protected":false},"excerpt":{"rendered":"<p>Polidor per a ungles de 7 superf\u00edcies. Cada color i n\u00famero indica els passos que s&#8217;han de fer per llimar i polir les ungles. Cada superf\u00edcie t\u00e9 diferents gramatges de suavitat. Mides: 17&#215;2,6&#215;1,5 cm Presentaci\u00f3: 1 unitat<\/p>\n","protected":false},"featured_media":1197,"template":"","meta":[],"product_brand":[],"product_cat":[247,257],"product_tag":[265,281,283,284,327,328],"class_list":{"0":"post-1717","1":"product","2":"type-product","3":"status-publish","4":"has-post-thumbnail","6":"product_cat-complements","7":"product_cat-promocions","8":"product_tag-estetica-ca","9":"product_tag-manicura-ca","10":"product_tag-pedicura-ca","11":"product_tag-peluqueria-ca","12":"product_tag-unas-acrilicas-ca","13":"product_tag-unas-artificiales-ca","14":"description-off","16":"first","17":"instock","18":"sale","19":"taxable","20":"shipping-taxable","21":"purchasable","22":"product-type-simple"},"_links":{"self":[{"href":"https:\/\/etecmed.com\/ca\/wp-json\/wp\/v2\/product\/1717","targetHints":{"allow":["GET"]}}],"collection":[{"href":"https:\/\/etecmed.com\/ca\/wp-json\/wp\/v2\/product"}],"about":[{"href":"https:\/\/etecmed.com\/ca\/wp-json\/wp\/v2\/types\/product"}],"wp:featuredmedia":[{"embeddable":true,"href":"https:\/\/etecmed.com\/ca\/wp-json\/wp\/v2\/media\/1197"}],"wp:attachment":[{"href":"https:\/\/etecmed.com\/ca\/wp-json\/wp\/v2\/media?parent=1717"}],"wp:term":[{"taxonomy":"product_brand","embeddable":true,"href":"https:\/\/etecmed.com\/ca\/wp-json\/wp\/v2\/product_brand?post=1717"},{"taxonomy":"product_cat","embeddable":true,"href":"https:\/\/etecmed.com\/ca\/wp-json\/wp\/v2\/product_cat?post=1717"},{"taxonomy":"product_tag","embeddable":true,"href":"https:\/\/etecmed.com\/ca\/wp-json\/wp\/v2\/product_tag?post=1717"}],"curies":[{"name":"wp","href":"https:\/\/api.w.org\/{rel}","templated":true}]}}