{"id":1708,"date":"2016-02-15T17:00:02","date_gmt":"2016-02-15T15:00:02","guid":{"rendered":"https:\/\/etecmed.com\/product\/lima-pedicura\/"},"modified":"2024-10-25T10:47:40","modified_gmt":"2024-10-25T08:47:40","slug":"lima-pedicura","status":"publish","type":"product","link":"https:\/\/etecmed.com\/ca\/producte\/lima-pedicura\/","title":{"rendered":"Llima pedicura"},"content":{"rendered":"<p>Per a eliminar les dur\u00edcies i pell morta dels peus.<\/p>\n<p>Llima pedicura de dues cares.<\/p>\n<p>Llima d&#8217;un sol \u00fas.<\/p>\n<p>Mides: 24&#215;4,5 cm total de l&#8217;esp\u00e0tula. 13,2&#215;4 cm part de llima<\/p>\n<p>Presentaci\u00f3: 1 unitat<\/p>\n<p>&nbsp;<\/p>\n<p>&nbsp;<\/p>\n<p>&nbsp;<\/p>\n","protected":false},"excerpt":{"rendered":"<p>Per a eliminar les dur\u00edcies i pell morta dels peus. Llima pedicura de dues cares. Llima d&#8217;un sol \u00fas. Mides: 24&#215;4,5 cm total de l&#8217;esp\u00e0tula. 13,2&#215;4 cm part de llima Presentaci\u00f3: 1 unitat &nbsp; &nbsp; &nbsp;<\/p>\n","protected":false},"featured_media":1189,"template":"","meta":[],"product_brand":[],"product_cat":[247,257],"product_tag":[398,265,283,284],"class_list":{"0":"post-1708","1":"product","2":"type-product","3":"status-publish","4":"has-post-thumbnail","6":"product_cat-complements","7":"product_cat-promocions","8":"product_tag-durezas-ca","9":"product_tag-estetica-ca","10":"product_tag-pedicura-ca","11":"product_tag-peluqueria-ca","12":"description-off","14":"first","15":"instock","16":"sale","17":"taxable","18":"shipping-taxable","19":"purchasable","20":"product-type-simple"},"_links":{"self":[{"href":"https:\/\/etecmed.com\/ca\/wp-json\/wp\/v2\/product\/1708","targetHints":{"allow":["GET"]}}],"collection":[{"href":"https:\/\/etecmed.com\/ca\/wp-json\/wp\/v2\/product"}],"about":[{"href":"https:\/\/etecmed.com\/ca\/wp-json\/wp\/v2\/types\/product"}],"wp:featuredmedia":[{"embeddable":true,"href":"https:\/\/etecmed.com\/ca\/wp-json\/wp\/v2\/media\/1189"}],"wp:attachment":[{"href":"https:\/\/etecmed.com\/ca\/wp-json\/wp\/v2\/media?parent=1708"}],"wp:term":[{"taxonomy":"product_brand","embeddable":true,"href":"https:\/\/etecmed.com\/ca\/wp-json\/wp\/v2\/product_brand?post=1708"},{"taxonomy":"product_cat","embeddable":true,"href":"https:\/\/etecmed.com\/ca\/wp-json\/wp\/v2\/product_cat?post=1708"},{"taxonomy":"product_tag","embeddable":true,"href":"https:\/\/etecmed.com\/ca\/wp-json\/wp\/v2\/product_tag?post=1708"}],"curies":[{"name":"wp","href":"https:\/\/api.w.org\/{rel}","templated":true}]}}