{"id":1707,"date":"2016-02-15T17:11:24","date_gmt":"2016-02-15T15:11:24","guid":{"rendered":"https:\/\/etecmed.com\/product\/vaso-de-vidrio\/"},"modified":"2024-10-25T10:52:16","modified_gmt":"2024-10-25T08:52:16","slug":"vaso-de-vidrio","status":"publish","type":"product","link":"https:\/\/etecmed.com\/ca\/producte\/vaso-de-vidrio\/","title":{"rendered":"Vas de vidre"},"content":{"rendered":"<p>Vas contenidor per esculpir ungles acr\u00edliques, gel&#8230;<\/p>\n<p>&nbsp;<\/p>\n<p>Caracter\u00edstiques:<\/p>\n<p>Material: Vidre<\/p>\n<p>Mides: 3,2&#215;3,9 cm, 2,5 cm (di\u00e0metre)<\/p>\n<p>Presentaci\u00f3: 1 unitat<\/p>\n<p>&nbsp;<\/p>\n","protected":false},"excerpt":{"rendered":"<p>Vas contenidor per esculpir ungles acr\u00edliques, gel&#8230; &nbsp; Caracter\u00edstiques: Material: Vidre Mides: 3,2&#215;3,9 cm, 2,5 cm (di\u00e0metre) Presentaci\u00f3: 1 unitat &nbsp;<\/p>\n","protected":false},"featured_media":1187,"template":"","meta":[],"product_brand":[],"product_cat":[247,257],"product_tag":[265,281,283,284,327,328],"class_list":{"0":"post-1707","1":"product","2":"type-product","3":"status-publish","4":"has-post-thumbnail","6":"product_cat-complements","7":"product_cat-promocions","8":"product_tag-estetica-ca","9":"product_tag-manicura-ca","10":"product_tag-pedicura-ca","11":"product_tag-peluqueria-ca","12":"product_tag-unas-acrilicas-ca","13":"product_tag-unas-artificiales-ca","14":"description-off","16":"first","17":"instock","18":"sale","19":"taxable","20":"shipping-taxable","21":"purchasable","22":"product-type-simple"},"_links":{"self":[{"href":"https:\/\/etecmed.com\/ca\/wp-json\/wp\/v2\/product\/1707","targetHints":{"allow":["GET"]}}],"collection":[{"href":"https:\/\/etecmed.com\/ca\/wp-json\/wp\/v2\/product"}],"about":[{"href":"https:\/\/etecmed.com\/ca\/wp-json\/wp\/v2\/types\/product"}],"wp:featuredmedia":[{"embeddable":true,"href":"https:\/\/etecmed.com\/ca\/wp-json\/wp\/v2\/media\/1187"}],"wp:attachment":[{"href":"https:\/\/etecmed.com\/ca\/wp-json\/wp\/v2\/media?parent=1707"}],"wp:term":[{"taxonomy":"product_brand","embeddable":true,"href":"https:\/\/etecmed.com\/ca\/wp-json\/wp\/v2\/product_brand?post=1707"},{"taxonomy":"product_cat","embeddable":true,"href":"https:\/\/etecmed.com\/ca\/wp-json\/wp\/v2\/product_cat?post=1707"},{"taxonomy":"product_tag","embeddable":true,"href":"https:\/\/etecmed.com\/ca\/wp-json\/wp\/v2\/product_tag?post=1707"}],"curies":[{"name":"wp","href":"https:\/\/api.w.org\/{rel}","templated":true}]}}