{"id":1702,"date":"2016-02-15T17:58:52","date_gmt":"2016-02-15T15:58:52","guid":{"rendered":"https:\/\/etecmed.com\/product\/bol-de-manicura-transparente\/"},"modified":"2024-10-25T11:01:34","modified_gmt":"2024-10-25T09:01:34","slug":"bol-de-manicura-transparente","status":"publish","type":"product","link":"https:\/\/etecmed.com\/ca\/producte\/bol-de-manicura-transparente\/","title":{"rendered":"Bol de manicura transparent"},"content":{"rendered":"<p>Bol mulla dits manicura.<\/p>\n<p>Forma adaptada per a qu\u00e8 la m\u00e0 descansi c\u00f2modament.<\/p>\n<p>Material: Pl\u00e0stic transparent dur.<\/p>\n<p>Mides: 15,5&#215;12 cm<\/p>\n<p>Presentaci\u00f3: 1 unitat<\/p>\n","protected":false},"excerpt":{"rendered":"<p>Bol mulla dits manicura. Forma adaptada per a qu\u00e8 la m\u00e0 descansi c\u00f2modament. Material: Pl\u00e0stic transparent dur. Mides: 15,5&#215;12 cm Presentaci\u00f3: 1 unitat<\/p>\n","protected":false},"featured_media":1183,"template":"","meta":[],"product_brand":[],"product_cat":[247,257],"product_tag":[265,281,284,327,328],"class_list":{"0":"post-1702","1":"product","2":"type-product","3":"status-publish","4":"has-post-thumbnail","6":"product_cat-complements","7":"product_cat-promocions","8":"product_tag-estetica-ca","9":"product_tag-manicura-ca","10":"product_tag-peluqueria-ca","11":"product_tag-unas-acrilicas-ca","12":"product_tag-unas-artificiales-ca","13":"description-off","15":"first","16":"instock","17":"sale","18":"taxable","19":"shipping-taxable","20":"purchasable","21":"product-type-simple"},"_links":{"self":[{"href":"https:\/\/etecmed.com\/ca\/wp-json\/wp\/v2\/product\/1702","targetHints":{"allow":["GET"]}}],"collection":[{"href":"https:\/\/etecmed.com\/ca\/wp-json\/wp\/v2\/product"}],"about":[{"href":"https:\/\/etecmed.com\/ca\/wp-json\/wp\/v2\/types\/product"}],"wp:featuredmedia":[{"embeddable":true,"href":"https:\/\/etecmed.com\/ca\/wp-json\/wp\/v2\/media\/1183"}],"wp:attachment":[{"href":"https:\/\/etecmed.com\/ca\/wp-json\/wp\/v2\/media?parent=1702"}],"wp:term":[{"taxonomy":"product_brand","embeddable":true,"href":"https:\/\/etecmed.com\/ca\/wp-json\/wp\/v2\/product_brand?post=1702"},{"taxonomy":"product_cat","embeddable":true,"href":"https:\/\/etecmed.com\/ca\/wp-json\/wp\/v2\/product_cat?post=1702"},{"taxonomy":"product_tag","embeddable":true,"href":"https:\/\/etecmed.com\/ca\/wp-json\/wp\/v2\/product_tag?post=1702"}],"curies":[{"name":"wp","href":"https:\/\/api.w.org\/{rel}","templated":true}]}}