{"id":1676,"date":"2016-02-16T10:44:58","date_gmt":"2016-02-16T08:44:58","guid":{"rendered":"https:\/\/etecmed.com\/product\/lampara-led-13w\/"},"modified":"2024-10-24T11:17:21","modified_gmt":"2024-10-24T09:17:21","slug":"lampara-led-13w","status":"publish","type":"product","link":"https:\/\/etecmed.com\/ca\/producte\/lampara-led-13w\/","title":{"rendered":"L\u00e0mpada LED 8W"},"content":{"rendered":"<p>L\u00e0mpada de leds per al secat de gel i esmalt semipermanent.<\/p>\n<p>Temporitzador: 30 segons o infinit.<\/p>\n<p>Estalvi de temps a l&#8217;assecat.<\/p>\n<p>&nbsp;<\/p>\n<p>Caracter\u00edstiques t\u00e8cniques de l&#8217;equip:<\/p>\n<p>Pot\u00e8ncia 8W &#8211; 30 leds<\/p>\n<p>Longitud d&#8217;ona: &gt; 400 nm<\/p>\n<p>Mides de l\u00b4equip: 19,5x8x8 cm<\/p>\n<p>&nbsp;<\/p>\n<p>&nbsp;<\/p>\n","protected":false},"excerpt":{"rendered":"<p>L\u00e0mpada de leds per al secat de gel i esmalt semipermanent. Temporitzador: 30 segons o infinit. Estalvi de temps a l&#8217;assecat. &nbsp; Caracter\u00edstiques t\u00e8cniques de l&#8217;equip: Pot\u00e8ncia 8W &#8211; 30 leds Longitud d&#8217;ona: &gt; 400 nm Mides de l\u00b4equip: 19,5x8x8 cm &nbsp; &nbsp;<\/p>\n","protected":false},"featured_media":1161,"template":"","meta":[],"product_brand":[],"product_cat":[253],"product_tag":[279,281,285,382,373],"class_list":{"0":"post-1676","1":"product","2":"type-product","3":"status-publish","4":"has-post-thumbnail","6":"product_cat-lampades-assecat-ungles","7":"product_tag-esmalte-semipermanente-ca","8":"product_tag-manicura-ca","9":"product_tag-secado-de-gel-ca","10":"product_tag-secado-semipermanente-ca","11":"product_tag-unas-de-gel-ca","12":"description-off","14":"first","15":"instock","16":"taxable","17":"shipping-taxable","18":"purchasable","19":"product-type-simple"},"_links":{"self":[{"href":"https:\/\/etecmed.com\/ca\/wp-json\/wp\/v2\/product\/1676","targetHints":{"allow":["GET"]}}],"collection":[{"href":"https:\/\/etecmed.com\/ca\/wp-json\/wp\/v2\/product"}],"about":[{"href":"https:\/\/etecmed.com\/ca\/wp-json\/wp\/v2\/types\/product"}],"wp:featuredmedia":[{"embeddable":true,"href":"https:\/\/etecmed.com\/ca\/wp-json\/wp\/v2\/media\/1161"}],"wp:attachment":[{"href":"https:\/\/etecmed.com\/ca\/wp-json\/wp\/v2\/media?parent=1676"}],"wp:term":[{"taxonomy":"product_brand","embeddable":true,"href":"https:\/\/etecmed.com\/ca\/wp-json\/wp\/v2\/product_brand?post=1676"},{"taxonomy":"product_cat","embeddable":true,"href":"https:\/\/etecmed.com\/ca\/wp-json\/wp\/v2\/product_cat?post=1676"},{"taxonomy":"product_tag","embeddable":true,"href":"https:\/\/etecmed.com\/ca\/wp-json\/wp\/v2\/product_tag?post=1676"}],"curies":[{"name":"wp","href":"https:\/\/api.w.org\/{rel}","templated":true}]}}