{"id":1674,"date":"2016-02-16T11:06:19","date_gmt":"2016-02-16T09:06:19","guid":{"rendered":"https:\/\/etecmed.com\/product\/lampara-uv-36w\/"},"modified":"2022-03-25T13:31:13","modified_gmt":"2022-03-25T11:31:13","slug":"lampada-uv-36w","status":"publish","type":"product","link":"https:\/\/etecmed.com\/ca\/producte\/lampada-uv-36w\/","title":{"rendered":"L\u00e0mpada UV 36W"},"content":{"rendered":"<p>L\u00e0mpada UV per a secat de gel i esmalt semipermanent.<\/p>\n<p>Temporitzador de 90, 120 segons o infinit.<\/p>\n<p>Base de l&#8217;aparell extra\u00efble.<\/p>\n<p>Inclou 4 tubs UV<\/p>\n<p>&nbsp;<\/p>\n<p><strong>Caracter\u00edstiques t\u00e8cniques de l&#8217;aparell:<\/strong><\/p>\n<p>Pot\u00e8ncia 36W (4 tubs de 9W)<\/p>\n<p>Connexi\u00f3 dels tubs: AC<\/p>\n<p>Compatible amb tubs d&#8217; UV o LED<\/p>\n<p>Mides de l&#8217;aparell: 22x24x10 cm<\/p>\n","protected":false},"excerpt":{"rendered":"<p>L\u00e0mpada UV per a secat de gel i esmalt semipermanent. Temporitzador de 90, 120 segons o infinit. Base de l&#8217;aparell extra\u00efble. Inclou 4 tubs UV &nbsp; Caracter\u00edstiques t\u00e8cniques de l&#8217;aparell: Pot\u00e8ncia 36W (4 tubs de 9W) Connexi\u00f3 dels tubs: AC Compatible amb tubs d&#8217; UV o LED Mides de l&#8217;aparell: 22x24x10 cm<\/p>\n","protected":false},"featured_media":1159,"template":"","meta":[],"product_brand":[],"product_cat":[253],"product_tag":[279,265,281,284,285,286],"class_list":{"0":"post-1674","1":"product","2":"type-product","3":"status-publish","4":"has-post-thumbnail","6":"product_cat-lampades-assecat-ungles","7":"product_tag-esmalte-semipermanente-ca","8":"product_tag-estetica-ca","9":"product_tag-manicura-ca","10":"product_tag-peluqueria-ca","11":"product_tag-secado-de-gel-ca","12":"product_tag-unas-ca","13":"description-off","15":"first","16":"instock","17":"taxable","18":"shipping-taxable","19":"purchasable","20":"product-type-simple"},"_links":{"self":[{"href":"https:\/\/etecmed.com\/ca\/wp-json\/wp\/v2\/product\/1674","targetHints":{"allow":["GET"]}}],"collection":[{"href":"https:\/\/etecmed.com\/ca\/wp-json\/wp\/v2\/product"}],"about":[{"href":"https:\/\/etecmed.com\/ca\/wp-json\/wp\/v2\/types\/product"}],"wp:featuredmedia":[{"embeddable":true,"href":"https:\/\/etecmed.com\/ca\/wp-json\/wp\/v2\/media\/1159"}],"wp:attachment":[{"href":"https:\/\/etecmed.com\/ca\/wp-json\/wp\/v2\/media?parent=1674"}],"wp:term":[{"taxonomy":"product_brand","embeddable":true,"href":"https:\/\/etecmed.com\/ca\/wp-json\/wp\/v2\/product_brand?post=1674"},{"taxonomy":"product_cat","embeddable":true,"href":"https:\/\/etecmed.com\/ca\/wp-json\/wp\/v2\/product_cat?post=1674"},{"taxonomy":"product_tag","embeddable":true,"href":"https:\/\/etecmed.com\/ca\/wp-json\/wp\/v2\/product_tag?post=1674"}],"curies":[{"name":"wp","href":"https:\/\/api.w.org\/{rel}","templated":true}]}}