{"id":1669,"date":"2016-02-16T11:23:46","date_gmt":"2016-02-16T09:23:46","guid":{"rendered":"https:\/\/etecmed.com\/product\/lampara-uv-36w-con-sensor-2\/"},"modified":"2024-10-24T10:47:16","modified_gmt":"2024-10-24T08:47:16","slug":"lampada-uv-36w-amb-sensor-2","status":"publish","type":"product","link":"https:\/\/etecmed.com\/ca\/producte\/lampada-uv-36w-amb-sensor-2\/","title":{"rendered":"L\u00e0mpada UV 36W amb sensor"},"content":{"rendered":"<p>L\u00e0mpada UV amb sensor per a secat de gel i esmalt semipermanent.<\/p>\n<p>Temporitzador de 0 a 600 segons<\/p>\n<p>Ventilador incorporat<\/p>\n<p>Quadre de control electr\u00f2nic<\/p>\n<p>Base de l&#8217;aparell no \u00e9s extra\u00efble<\/p>\n<p>Inclou 4 tubs UV<\/p>\n<p>&nbsp;<\/p>\n<p><strong>Caracter\u00edstiques t\u00e8cniques de l&#8217;aparell:<\/strong><\/p>\n<p>Pot\u00e8ncia: 36W (4 tubs de 9W)<\/p>\n<p>Connexi\u00f3 dels tubos: DC<\/p>\n<p>Compatible amb tubs d&#8217; UV o LED<\/p>\n<p>Mides de l&#8217;aparell: 28x22x14 cm<\/p>\n<p>&nbsp;<\/p>\n<p>&nbsp;<\/p>\n<p>&nbsp;<\/p>\n","protected":false},"excerpt":{"rendered":"<p>L\u00e0mpada UV amb sensor per a secat de gel i esmalt semipermanent. Temporitzador de 0 a 600 segons Ventilador incorporat Quadre de control electr\u00f2nic Base de l&#8217;aparell no \u00e9s extra\u00efble Inclou 4 tubs UV &nbsp; Caracter\u00edstiques t\u00e8cniques de l&#8217;aparell: Pot\u00e8ncia: 36W (4 tubs de 9W) Connexi\u00f3 dels tubos: DC Compatible amb tubs d&#8217; UV o&hellip;<\/p>\n","protected":false},"featured_media":1155,"template":"","meta":[],"product_brand":[],"product_cat":[253],"product_tag":[279,265,284,285,286],"class_list":{"0":"post-1669","1":"product","2":"type-product","3":"status-publish","4":"has-post-thumbnail","6":"product_cat-lampades-assecat-ungles","7":"product_tag-esmalte-semipermanente-ca","8":"product_tag-estetica-ca","9":"product_tag-peluqueria-ca","10":"product_tag-secado-de-gel-ca","11":"product_tag-unas-ca","12":"description-off","14":"first","15":"instock","16":"taxable","17":"shipping-taxable","18":"purchasable","19":"product-type-simple"},"_links":{"self":[{"href":"https:\/\/etecmed.com\/ca\/wp-json\/wp\/v2\/product\/1669","targetHints":{"allow":["GET"]}}],"collection":[{"href":"https:\/\/etecmed.com\/ca\/wp-json\/wp\/v2\/product"}],"about":[{"href":"https:\/\/etecmed.com\/ca\/wp-json\/wp\/v2\/types\/product"}],"wp:featuredmedia":[{"embeddable":true,"href":"https:\/\/etecmed.com\/ca\/wp-json\/wp\/v2\/media\/1155"}],"wp:attachment":[{"href":"https:\/\/etecmed.com\/ca\/wp-json\/wp\/v2\/media?parent=1669"}],"wp:term":[{"taxonomy":"product_brand","embeddable":true,"href":"https:\/\/etecmed.com\/ca\/wp-json\/wp\/v2\/product_brand?post=1669"},{"taxonomy":"product_cat","embeddable":true,"href":"https:\/\/etecmed.com\/ca\/wp-json\/wp\/v2\/product_cat?post=1669"},{"taxonomy":"product_tag","embeddable":true,"href":"https:\/\/etecmed.com\/ca\/wp-json\/wp\/v2\/product_tag?post=1669"}],"curies":[{"name":"wp","href":"https:\/\/api.w.org\/{rel}","templated":true}]}}