{"id":1664,"date":"2016-02-16T12:48:32","date_gmt":"2016-02-16T10:48:32","guid":{"rendered":"https:\/\/etecmed.com\/product\/tubobombilla-uv-9w\/"},"modified":"2024-10-25T12:33:07","modified_gmt":"2024-10-25T10:33:07","slug":"tubobombilla-uv-9w","status":"publish","type":"product","link":"https:\/\/etecmed.com\/ca\/producte\/tubobombilla-uv-9w\/","title":{"rendered":"Tub\/bombeta UV 9W"},"content":{"rendered":"<p>Tub per al secat de gel, per fer manicures i pedicures.<\/p>\n<p>S&#8217;utilitza en l\u00e0mpades assecadores UV de gel, 9W, 36W, 54W.<\/p>\n<p>&nbsp;<\/p>\n<p>Caracter\u00edstiques:<\/p>\n<p>Els tubs UV s&#8217;instal\u00b7len en l\u00e0mpades assecadores de gel.<br \/>\nConsum: 9W<br \/>\nConnexi\u00f3: AC<br \/>\nModel: Forma d&#8217;U<br \/>\nGrand\u00e0ria: 16,4&#215;3 cm<br \/>\nPresentaci\u00f3: 1 unitat<\/p>\n<p>&nbsp;<\/p>\n","protected":false},"excerpt":{"rendered":"<p>Tub per al secat de gel, per fer manicures i pedicures. S&#8217;utilitza en l\u00e0mpades assecadores UV de gel, 9W, 36W, 54W. &nbsp; Caracter\u00edstiques: Els tubs UV s&#8217;instal\u00b7len en l\u00e0mpades assecadores de gel. Consum: 9W Connexi\u00f3: AC Model: Forma d&#8217;U Grand\u00e0ria: 16,4&#215;3 cm Presentaci\u00f3: 1 unitat &nbsp;<\/p>\n","protected":false},"featured_media":1151,"template":"","meta":[],"product_brand":[],"product_cat":[253],"product_tag":[265,376,372,380,281],"class_list":{"0":"post-1664","1":"product","2":"type-product","3":"status-publish","4":"has-post-thumbnail","6":"product_cat-lampades-assecat-ungles","7":"product_tag-estetica-ca","8":"product_tag-lampara-secado-gel-ca","9":"product_tag-lampara-uv-ca","10":"product_tag-lampara-uv-36w-ca","11":"product_tag-manicura-ca","12":"description-off","14":"first","15":"instock","16":"taxable","17":"shipping-taxable","18":"purchasable","19":"product-type-simple"},"_links":{"self":[{"href":"https:\/\/etecmed.com\/ca\/wp-json\/wp\/v2\/product\/1664","targetHints":{"allow":["GET"]}}],"collection":[{"href":"https:\/\/etecmed.com\/ca\/wp-json\/wp\/v2\/product"}],"about":[{"href":"https:\/\/etecmed.com\/ca\/wp-json\/wp\/v2\/types\/product"}],"wp:featuredmedia":[{"embeddable":true,"href":"https:\/\/etecmed.com\/ca\/wp-json\/wp\/v2\/media\/1151"}],"wp:attachment":[{"href":"https:\/\/etecmed.com\/ca\/wp-json\/wp\/v2\/media?parent=1664"}],"wp:term":[{"taxonomy":"product_brand","embeddable":true,"href":"https:\/\/etecmed.com\/ca\/wp-json\/wp\/v2\/product_brand?post=1664"},{"taxonomy":"product_cat","embeddable":true,"href":"https:\/\/etecmed.com\/ca\/wp-json\/wp\/v2\/product_cat?post=1664"},{"taxonomy":"product_tag","embeddable":true,"href":"https:\/\/etecmed.com\/ca\/wp-json\/wp\/v2\/product_tag?post=1664"}],"curies":[{"name":"wp","href":"https:\/\/api.w.org\/{rel}","templated":true}]}}