{"id":1660,"date":"2016-02-16T13:03:40","date_gmt":"2016-02-16T11:03:40","guid":{"rendered":"https:\/\/etecmed.com\/product\/tubobomilla-led-9w\/"},"modified":"2024-10-25T12:36:46","modified_gmt":"2024-10-25T10:36:46","slug":"tubobomilla-led-9w","status":"publish","type":"product","link":"https:\/\/etecmed.com\/ca\/producte\/tubobomilla-led-9w\/","title":{"rendered":"Tub\/bombeta LED 9W"},"content":{"rendered":"<p>Tub per al secat de gel, per curar ungles en 20-30 s, estalvi de temps en fer manicures i pedicures.<\/p>\n<p>S&#8217;utilitza en l\u00e0mpades assecadores de gel de 9W, 36W, 54W.<\/p>\n<p>&nbsp;<\/p>\n<p>Caracter\u00edstiques:<\/p>\n<p>Els tubs de LED s&#8217;instal\u00b7len en l\u00e0mpades assecadores de gel.<br \/>\nConsum: 9W<br \/>\nConnexi\u00f3: AC<br \/>\nGrand\u00e0ria: 16,5&#215;2,8 cm<br \/>\nPresentaci\u00f3:\u00a0 1 unitat<\/p>\n<p>&nbsp;<\/p>\n","protected":false},"excerpt":{"rendered":"<p>Tub per al secat de gel, per curar ungles en 20-30 s, estalvi de temps en fer manicures i pedicures. S&#8217;utilitza en l\u00e0mpades assecadores de gel de 9W, 36W, 54W. &nbsp; Caracter\u00edstiques: Els tubs de LED s&#8217;instal\u00b7len en l\u00e0mpades assecadores de gel. Consum: 9W Connexi\u00f3: AC Grand\u00e0ria: 16,5&#215;2,8 cm Presentaci\u00f3:\u00a0 1 unitat &nbsp;<\/p>\n","protected":false},"featured_media":1153,"template":"","meta":[],"product_brand":[],"product_cat":[253],"product_tag":[279,265,374,372,284,373],"class_list":{"0":"post-1660","1":"product","2":"type-product","3":"status-publish","4":"has-post-thumbnail","6":"product_cat-lampades-assecat-ungles","7":"product_tag-esmalte-semipermanente-ca","8":"product_tag-estetica-ca","9":"product_tag-lampara-secado-de-gel-ca","10":"product_tag-lampara-uv-ca","11":"product_tag-peluqueria-ca","12":"product_tag-unas-de-gel-ca","13":"description-off","15":"first","16":"instock","17":"taxable","18":"shipping-taxable","19":"purchasable","20":"product-type-simple"},"_links":{"self":[{"href":"https:\/\/etecmed.com\/ca\/wp-json\/wp\/v2\/product\/1660","targetHints":{"allow":["GET"]}}],"collection":[{"href":"https:\/\/etecmed.com\/ca\/wp-json\/wp\/v2\/product"}],"about":[{"href":"https:\/\/etecmed.com\/ca\/wp-json\/wp\/v2\/types\/product"}],"wp:featuredmedia":[{"embeddable":true,"href":"https:\/\/etecmed.com\/ca\/wp-json\/wp\/v2\/media\/1153"}],"wp:attachment":[{"href":"https:\/\/etecmed.com\/ca\/wp-json\/wp\/v2\/media?parent=1660"}],"wp:term":[{"taxonomy":"product_brand","embeddable":true,"href":"https:\/\/etecmed.com\/ca\/wp-json\/wp\/v2\/product_brand?post=1660"},{"taxonomy":"product_cat","embeddable":true,"href":"https:\/\/etecmed.com\/ca\/wp-json\/wp\/v2\/product_cat?post=1660"},{"taxonomy":"product_tag","embeddable":true,"href":"https:\/\/etecmed.com\/ca\/wp-json\/wp\/v2\/product_tag?post=1660"}],"curies":[{"name":"wp","href":"https:\/\/api.w.org\/{rel}","templated":true}]}}