{"id":1658,"date":"2016-02-16T13:06:29","date_gmt":"2016-02-16T11:06:29","guid":{"rendered":"https:\/\/etecmed.com\/product\/tubobombilla-led-9w-para-lampara-con-sensor\/"},"modified":"2024-10-25T12:39:50","modified_gmt":"2024-10-25T10:39:50","slug":"tubobombilla-led-9w-para-lampara-con-sensor","status":"publish","type":"product","link":"https:\/\/etecmed.com\/ca\/producte\/tubobombilla-led-9w-para-lampara-con-sensor\/","title":{"rendered":"Tub\/bombeta LED 9W per a l\u00e0mpada amb sensor"},"content":{"rendered":"<p>Tub per al secat de gel, per curar ungles en 20-30 s, estalvi de temps en fer manicures i pedicures.<\/p>\n<p>S&#8217;utilitza en l\u00e0mpades assecadores de gel de 9W, 36W, 54W.<\/p>\n<p>&nbsp;<\/p>\n<p>Caracter\u00edstiques:<\/p>\n<p>Els tubs de LED s&#8217;instal\u00b7len en l\u00e0mpades assecadores de gel.<br \/>\nConsum: 9W<br \/>\nConnexi\u00f3: DC<br \/>\nGrand\u00e0ria: 16,5&#215;2,8 cm<br \/>\nPresentaci\u00f3:\u00a0 1 unitat<\/p>\n<p>&nbsp;<\/p>\n","protected":false},"excerpt":{"rendered":"<p>Tub per al secat de gel, per curar ungles en 20-30 s, estalvi de temps en fer manicures i pedicures. S&#8217;utilitza en l\u00e0mpades assecadores de gel de 9W, 36W, 54W. &nbsp; Caracter\u00edstiques: Els tubs de LED s&#8217;instal\u00b7len en l\u00e0mpades assecadores de gel. Consum: 9W Connexi\u00f3: DC Grand\u00e0ria: 16,5&#215;2,8 cm Presentaci\u00f3:\u00a0 1 unitat &nbsp;<\/p>\n","protected":false},"featured_media":1153,"template":"","meta":[],"product_brand":[],"product_cat":[253],"product_tag":[279,265,372,284,285,373],"class_list":{"0":"post-1658","1":"product","2":"type-product","3":"status-publish","4":"has-post-thumbnail","6":"product_cat-lampades-assecat-ungles","7":"product_tag-esmalte-semipermanente-ca","8":"product_tag-estetica-ca","9":"product_tag-lampara-uv-ca","10":"product_tag-peluqueria-ca","11":"product_tag-secado-de-gel-ca","12":"product_tag-unas-de-gel-ca","13":"description-off","15":"first","16":"instock","17":"taxable","18":"shipping-taxable","19":"purchasable","20":"product-type-simple"},"_links":{"self":[{"href":"https:\/\/etecmed.com\/ca\/wp-json\/wp\/v2\/product\/1658","targetHints":{"allow":["GET"]}}],"collection":[{"href":"https:\/\/etecmed.com\/ca\/wp-json\/wp\/v2\/product"}],"about":[{"href":"https:\/\/etecmed.com\/ca\/wp-json\/wp\/v2\/types\/product"}],"wp:featuredmedia":[{"embeddable":true,"href":"https:\/\/etecmed.com\/ca\/wp-json\/wp\/v2\/media\/1153"}],"wp:attachment":[{"href":"https:\/\/etecmed.com\/ca\/wp-json\/wp\/v2\/media?parent=1658"}],"wp:term":[{"taxonomy":"product_brand","embeddable":true,"href":"https:\/\/etecmed.com\/ca\/wp-json\/wp\/v2\/product_brand?post=1658"},{"taxonomy":"product_cat","embeddable":true,"href":"https:\/\/etecmed.com\/ca\/wp-json\/wp\/v2\/product_cat?post=1658"},{"taxonomy":"product_tag","embeddable":true,"href":"https:\/\/etecmed.com\/ca\/wp-json\/wp\/v2\/product_tag?post=1658"}],"curies":[{"name":"wp","href":"https:\/\/api.w.org\/{rel}","templated":true}]}}