{"id":1656,"date":"2016-02-16T13:17:32","date_gmt":"2016-02-16T11:17:32","guid":{"rendered":"https:\/\/etecmed.com\/product\/lupa-con-pie\/"},"modified":"2024-10-25T11:53:35","modified_gmt":"2024-10-25T09:53:35","slug":"lupa-amb-peu","status":"publish","type":"product","link":"https:\/\/etecmed.com\/ca\/producte\/lupa-amb-peu\/","title":{"rendered":"Lupa amb peu"},"content":{"rendered":"<p>Lupa de 3 dioptries amb llum LED.<\/p>\n<p>Bra\u00e7 articulable amb molles resistents que garanteixen la posici\u00f3 desitjada.<\/p>\n<p>Base molt estable amb 5 rodes en estrella.<\/p>\n<p>&nbsp;<\/p>\n<p>Caracter\u00edstiques t\u00e8cniques:<\/p>\n<p>Consum: 9W (108 punts de LED)<\/p>\n<p>&nbsp;<\/p>\n<p>Inclou:<\/p>\n<ul>\n<li>Lupa<\/li>\n<li>Pe\u00e7a suport taula<\/li>\n<li>Base molt estable amb 5 rodes en estrella<\/li>\n<\/ul>\n","protected":false},"excerpt":{"rendered":"<p>Lupa de 3 dioptries amb llum LED. Bra\u00e7 articulable amb molles resistents que garanteixen la posici\u00f3 desitjada. Base molt estable amb 5 rodes en estrella. &nbsp; Caracter\u00edstiques t\u00e8cniques: Consum: 9W (108 punts de LED) &nbsp; Inclou: Lupa Pe\u00e7a suport taula Base molt estable amb 5 rodes en estrella<\/p>\n","protected":false},"featured_media":1149,"template":"","meta":[],"product_brand":[],"product_cat":[255],"product_tag":[265,368],"class_list":{"0":"post-1656","1":"product","2":"type-product","3":"status-publish","4":"has-post-thumbnail","6":"product_cat-mobiliari","7":"product_tag-estetica-ca","8":"product_tag-lampara-lupa-ca","9":"description-off","11":"first","12":"instock","13":"taxable","14":"shipping-taxable","15":"purchasable","16":"product-type-simple"},"_links":{"self":[{"href":"https:\/\/etecmed.com\/ca\/wp-json\/wp\/v2\/product\/1656","targetHints":{"allow":["GET"]}}],"collection":[{"href":"https:\/\/etecmed.com\/ca\/wp-json\/wp\/v2\/product"}],"about":[{"href":"https:\/\/etecmed.com\/ca\/wp-json\/wp\/v2\/types\/product"}],"wp:featuredmedia":[{"embeddable":true,"href":"https:\/\/etecmed.com\/ca\/wp-json\/wp\/v2\/media\/1149"}],"wp:attachment":[{"href":"https:\/\/etecmed.com\/ca\/wp-json\/wp\/v2\/media?parent=1656"}],"wp:term":[{"taxonomy":"product_brand","embeddable":true,"href":"https:\/\/etecmed.com\/ca\/wp-json\/wp\/v2\/product_brand?post=1656"},{"taxonomy":"product_cat","embeddable":true,"href":"https:\/\/etecmed.com\/ca\/wp-json\/wp\/v2\/product_cat?post=1656"},{"taxonomy":"product_tag","embeddable":true,"href":"https:\/\/etecmed.com\/ca\/wp-json\/wp\/v2\/product_tag?post=1656"}],"curies":[{"name":"wp","href":"https:\/\/api.w.org\/{rel}","templated":true}]}}