{"id":1653,"date":"2016-02-16T18:13:55","date_gmt":"2016-02-16T16:13:55","guid":{"rendered":"https:\/\/etecmed.com\/product\/gafas-lupa\/"},"modified":"2024-10-25T12:03:12","modified_gmt":"2024-10-25T10:03:12","slug":"gafas-lupa","status":"publish","type":"product","link":"https:\/\/etecmed.com\/ca\/producte\/gafas-lupa\/","title":{"rendered":"Ulleres lupa"},"content":{"rendered":"<p>Lupa amb banda el\u00e0stica, per treballar amb les mans lliures. Permet diverses posicions d&#8217;inclinaci\u00f3.<\/p>\n<p>Inclou joc complet de 4 lents intercanviables amb augments de:<\/p>\n<p>Suau: 1,6<\/p>\n<p>Mitj\u00e0: 2,0 &#8211; 2,5<\/p>\n<p>Forta: 3,5<\/p>\n<p>&nbsp;<\/p>\n","protected":false},"excerpt":{"rendered":"<p>Lupa amb banda el\u00e0stica, per treballar amb les mans lliures. Permet diverses posicions d&#8217;inclinaci\u00f3. Inclou joc complet de 4 lents intercanviables amb augments de: Suau: 1,6 Mitj\u00e0: 2,0 &#8211; 2,5 Forta: 3,5 &nbsp;<\/p>\n","protected":false},"featured_media":1147,"template":"","meta":[],"product_brand":[],"product_cat":[255],"product_tag":[265,363,364,283,352],"class_list":{"0":"post-1653","1":"product","2":"type-product","3":"status-publish","4":"has-post-thumbnail","6":"product_cat-mobiliari","7":"product_tag-estetica-ca","8":"product_tag-gafas-lupa-ca","9":"product_tag-lupa-ca","10":"product_tag-pedicura-ca","11":"product_tag-podologia-ca","12":"description-off","14":"first","15":"instock","16":"taxable","17":"shipping-taxable","18":"purchasable","19":"product-type-simple"},"_links":{"self":[{"href":"https:\/\/etecmed.com\/ca\/wp-json\/wp\/v2\/product\/1653","targetHints":{"allow":["GET"]}}],"collection":[{"href":"https:\/\/etecmed.com\/ca\/wp-json\/wp\/v2\/product"}],"about":[{"href":"https:\/\/etecmed.com\/ca\/wp-json\/wp\/v2\/types\/product"}],"wp:featuredmedia":[{"embeddable":true,"href":"https:\/\/etecmed.com\/ca\/wp-json\/wp\/v2\/media\/1147"}],"wp:attachment":[{"href":"https:\/\/etecmed.com\/ca\/wp-json\/wp\/v2\/media?parent=1653"}],"wp:term":[{"taxonomy":"product_brand","embeddable":true,"href":"https:\/\/etecmed.com\/ca\/wp-json\/wp\/v2\/product_brand?post=1653"},{"taxonomy":"product_cat","embeddable":true,"href":"https:\/\/etecmed.com\/ca\/wp-json\/wp\/v2\/product_cat?post=1653"},{"taxonomy":"product_tag","embeddable":true,"href":"https:\/\/etecmed.com\/ca\/wp-json\/wp\/v2\/product_tag?post=1653"}],"curies":[{"name":"wp","href":"https:\/\/api.w.org\/{rel}","templated":true}]}}